{"id":699511,"date":"2025-08-27T14:51:31","date_gmt":"2025-08-27T11:51:31","guid":{"rendered":"https:\/\/roveyayinevi.com.tr\/index.php\/urun\/hukuk-felsefesi-2\/"},"modified":"2026-03-03T02:15:19","modified_gmt":"2026-03-02T23:15:19","slug":"hukuk-felsefesi-2","status":"publish","type":"product","link":"https:\/\/roveyayinevi.com.tr\/index.php\/urun\/hukuk-felsefesi-2\/","title":{"rendered":"Hukuk Felsefesi"},"content":{"rendered":"<p>Hukuk Felsefesi&#8217;nin Hukuk Fak\u00fclteleri programlar\u0131nda zorunlu ders olarak yer almas\u0131 \u00f6\u011frencinin hukuk hayat\u0131n\u0131n genel ve soyut ger\u00e7ekli\u011fi hakk\u0131nda bilgi ve d\u00fc\u015f\u00fcnce sahibi olmas\u0131 bak\u0131m\u0131ndan b\u00fcy\u00fck \u00f6nem ta\u015f\u0131maktad\u0131r. \u0130yi bir hukuk\u00e7u davran\u0131\u015flar\u0131nda ve kararlar\u0131nda sadece somut olguyu de\u011fil ayn\u0131 zamanda hukuk s\u00fcrecinin toplum ya\u015fam\u0131ndaki etkilerini de g\u00f6z \u00f6n\u00fcnde bulundurmakla y\u00fck\u00fcml\u00fcd\u00fcr. Bunu yaparken hukuk\u00e7u kendisini yaln\u0131zca karar veren de\u011fil karar\u0131n sonu\u00e7lar\u0131n\u0131 da de\u011ferlendiren bir yap\u0131n\u0131n par\u00e7as\u0131 olarak g\u00f6rmelidir. Ba\u015fka bir deyi\u015fle empati, yani karar verenin kendisini karar verilen yerine koymas\u0131 hukukun etkinli\u011fi ve tarafs\u0131zl\u0131\u011f\u0131 bak\u0131m\u0131ndan \u00f6nem ta\u015f\u0131maktad\u0131r. Bu amaca ula\u015fmada felsefe bilgisi \u00e7ok \u00f6nemli bir ger\u00e7eklik olarak kar\u015f\u0131m\u0131za \u00e7\u0131kmaktad\u0131r. Felsefe d\u00fcnyas\u0131na yabanc\u0131 olmayan bir hukuk\u00e7u pozitif hukuku daha iyi anlamak ve uygulamak \u015fans\u0131na sahip olabilir. <\/p>\n","protected":false},"excerpt":{"rendered":"<p>Hukuk Felsefesi&#8217;nin Hukuk Fak\u00fclteleri programlar\u0131nda zorunlu ders olarak yer almas\u0131 \u00f6\u011frencinin hukuk hayat\u0131n\u0131n genel ve soyut ger\u00e7ekli\u011fi hakk\u0131nda bilgi ve d\u00fc\u015f\u00fcnce sahibi olmas\u0131 bak\u0131m\u0131ndan b\u00fcy\u00fck \u00f6nem<span class=\"excerpt-hellip\"> [\u2026]<\/span><\/p>\n","protected":false},"featured_media":0,"template":"","meta":{"_monsterinsights_skip_tracking":false,"_monsterinsights_sitenote_active":false,"_monsterinsights_sitenote_note":"","_monsterinsights_sitenote_category":0},"product_brand":[],"product_cat":[12573,12566],"product_tag":[],"class_list":{"0":"post-699511","1":"product","2":"type-product","3":"status-publish","5":"product_cat-akademik-kitaplar","6":"product_cat-egitim","7":"pa_cilt-ciltsiz","8":"pa_tur-kitap","9":"pa_yayinevi-siyasal-kitabevi-akademik-kitaplar","10":"pa_yazar-adnan-guriz","12":"first","13":"instock","14":"sale","15":"shipping-taxable","16":"purchasable","17":"product-type-simple"},"_links":{"self":[{"href":"https:\/\/roveyayinevi.com.tr\/index.php\/wp-json\/wp\/v2\/product\/699511","targetHints":{"allow":["GET"]}}],"collection":[{"href":"https:\/\/roveyayinevi.com.tr\/index.php\/wp-json\/wp\/v2\/product"}],"about":[{"href":"https:\/\/roveyayinevi.com.tr\/index.php\/wp-json\/wp\/v2\/types\/product"}],"wp:attachment":[{"href":"https:\/\/roveyayinevi.com.tr\/index.php\/wp-json\/wp\/v2\/media?parent=699511"}],"wp:term":[{"taxonomy":"product_brand","embeddable":true,"href":"https:\/\/roveyayinevi.com.tr\/index.php\/wp-json\/wp\/v2\/product_brand?post=699511"},{"taxonomy":"product_cat","embeddable":true,"href":"https:\/\/roveyayinevi.com.tr\/index.php\/wp-json\/wp\/v2\/product_cat?post=699511"},{"taxonomy":"product_tag","embeddable":true,"href":"https:\/\/roveyayinevi.com.tr\/index.php\/wp-json\/wp\/v2\/product_tag?post=699511"}],"curies":[{"name":"wp","href":"https:\/\/api.w.org\/{rel}","templated":true}]}}