{"id":699510,"date":"2025-08-27T14:51:30","date_gmt":"2025-08-27T11:51:30","guid":{"rendered":"https:\/\/roveyayinevi.com.tr\/index.php\/urun\/sorusturmada\/"},"modified":"2026-04-16T02:08:49","modified_gmt":"2026-04-15T23:08:49","slug":"sorusturmada","status":"publish","type":"product","link":"https:\/\/roveyayinevi.com.tr\/index.php\/urun\/sorusturmada\/","title":{"rendered":"Soru\u015fturmada"},"content":{"rendered":"<p>Bu kitapta \u00f6ncelikle Aziz Nesin\u2019in kendisine y\u00f6neltilen onlarca soruya verdi\u011fi birbirinden ilgin\u00e7 yan\u0131tlar\u0131 bulacaks\u0131n\u0131z. Bu yan\u0131tlar \u00fclkemizin k\u00fclt\u00fcrel ve siyasi durumuna a\u00e7\u0131kl\u0131k kazand\u0131rmakta, ge\u00e7mi\u015ften gelece\u011fe \u00e7ok de\u011fi\u015fik konulara \u00f6zg\u00fcn ve yetkin bir bak\u0131\u015f a\u00e7\u0131s\u0131 getirmektedir. \ufffcTan\u0131t\u0131m Metni<\/p>\n","protected":false},"excerpt":{"rendered":"<p>Bu kitapta \u00f6ncelikle Aziz Nesin\u2019in kendisine y\u00f6neltilen onlarca soruya verdi\u011fi birbirinden ilgin\u00e7 yan\u0131tlar\u0131 bulacaks\u0131n\u0131z. Bu yan\u0131tlar \u00fclkemizin k\u00fclt\u00fcrel ve siyasi durumuna a\u00e7\u0131kl\u0131k kazand\u0131rmakta, ge\u00e7mi\u015ften gelece\u011fe \u00e7ok<span class=\"excerpt-hellip\"> [\u2026]<\/span><\/p>\n","protected":false},"featured_media":0,"template":"","meta":{"_monsterinsights_skip_tracking":false,"_monsterinsights_sitenote_active":false,"_monsterinsights_sitenote_note":"","_monsterinsights_sitenote_category":0},"product_brand":[],"product_cat":[12364],"product_tag":[],"class_list":{"0":"post-699510","1":"product","2":"type-product","3":"status-publish","5":"product_cat-genel-konular","6":"pa_tur-kitap","7":"pa_yayinevi-nesin-yayinlari","8":"pa_yazar-aziz-nesin","10":"first","11":"instock","12":"sale","13":"shipping-taxable","14":"purchasable","15":"product-type-simple"},"_links":{"self":[{"href":"https:\/\/roveyayinevi.com.tr\/index.php\/wp-json\/wp\/v2\/product\/699510","targetHints":{"allow":["GET"]}}],"collection":[{"href":"https:\/\/roveyayinevi.com.tr\/index.php\/wp-json\/wp\/v2\/product"}],"about":[{"href":"https:\/\/roveyayinevi.com.tr\/index.php\/wp-json\/wp\/v2\/types\/product"}],"wp:attachment":[{"href":"https:\/\/roveyayinevi.com.tr\/index.php\/wp-json\/wp\/v2\/media?parent=699510"}],"wp:term":[{"taxonomy":"product_brand","embeddable":true,"href":"https:\/\/roveyayinevi.com.tr\/index.php\/wp-json\/wp\/v2\/product_brand?post=699510"},{"taxonomy":"product_cat","embeddable":true,"href":"https:\/\/roveyayinevi.com.tr\/index.php\/wp-json\/wp\/v2\/product_cat?post=699510"},{"taxonomy":"product_tag","embeddable":true,"href":"https:\/\/roveyayinevi.com.tr\/index.php\/wp-json\/wp\/v2\/product_tag?post=699510"}],"curies":[{"name":"wp","href":"https:\/\/api.w.org\/{rel}","templated":true}]}}