{"id":699508,"date":"2025-08-27T14:51:30","date_gmt":"2025-08-27T11:51:30","guid":{"rendered":"https:\/\/roveyayinevi.com.tr\/index.php\/urun\/poliste\/"},"modified":"2025-11-22T03:06:26","modified_gmt":"2025-11-22T00:06:26","slug":"poliste","status":"publish","type":"product","link":"https:\/\/roveyayinevi.com.tr\/index.php\/urun\/poliste\/","title":{"rendered":"Poliste"},"content":{"rendered":"<p>Yazmak i\u00e7in \u00f6zellikle zaman ge\u00e7sin istedim, bekledim. \u00c7\u00fcnk\u00fc olaylar\u0131 anlat\u0131rken ki\u015fisel duygular\u0131ma kap\u0131lmak, yap\u0131lan bask\u0131n\u0131n etkisinde kalmak istemedim. Elimden geldi\u011fince yans\u0131z kalarak, polis\u00e7e g\u00f6zalt\u0131nda tutuldu\u011fum ve s\u00fcrekli sorguya \u00e7ekildi\u011fim saatleri b\u00fct\u00fcn ayr\u0131nt\u0131lar\u0131yla anlataca\u011f\u0131m. Otuzalt\u0131 saat g\u00f6zalt\u0131nda kalmak ve yedibu\u00e7uk saat s\u00fcrekli sorguya \u00e7ekilmek, bizdeki bi\u00e7imsel demokraside ola\u011fan\u00fcst\u00fc bir olay say\u0131lmaz, bundan \u00e7ok daha k\u00f6t\u00fc olaylar ola\u011fand\u0131r. Ancak bir \u00f6zelli\u011fi olan, polislerin evimi arama, kitap ve yaz\u0131lar\u0131m\u0131 alma, beni g\u00f6zalt\u0131nda tutma olay\u0131n\u0131n, en k\u00fc\u00e7\u00fck ayr\u0131nt\u0131lar\u0131n\u0131n bile \u00f6\u011frenilmesinde yarar oldu\u011fu d\u00fc\u015f\u00fcncesinde oldu\u011fumdan bunlar\u0131 yazmaya gereksindim. Anlatacaklar\u0131m ya do\u011frudan yada dolayl\u0131 olarak \u00e7ok kimseyi ilgilendirmektedir. \ufffcTan\u0131t\u0131m Metni<\/p>\n","protected":false},"excerpt":{"rendered":"<p>Yazmak i\u00e7in \u00f6zellikle zaman ge\u00e7sin istedim, bekledim. \u00c7\u00fcnk\u00fc olaylar\u0131 anlat\u0131rken ki\u015fisel duygular\u0131ma kap\u0131lmak, yap\u0131lan bask\u0131n\u0131n etkisinde kalmak istemedim. Elimden geldi\u011fince yans\u0131z kalarak, polis\u00e7e g\u00f6zalt\u0131nda tutuldu\u011fum ve<span class=\"excerpt-hellip\"> [\u2026]<\/span><\/p>\n","protected":false},"featured_media":0,"template":"","meta":{"_monsterinsights_skip_tracking":false,"_monsterinsights_sitenote_active":false,"_monsterinsights_sitenote_note":"","_monsterinsights_sitenote_category":0},"product_brand":[],"product_cat":[12782,12291],"product_tag":[],"class_list":{"0":"post-699508","1":"product","2":"type-product","3":"status-publish","5":"product_cat-alman-edebiyati","6":"product_cat-edebiyat","7":"pa_tur-kitap","8":"pa_yayinevi-nesin-yayinlari","9":"pa_yazar-kolektif","11":"first","12":"instock","13":"sale","14":"shipping-taxable","15":"purchasable","16":"product-type-simple"},"_links":{"self":[{"href":"https:\/\/roveyayinevi.com.tr\/index.php\/wp-json\/wp\/v2\/product\/699508","targetHints":{"allow":["GET"]}}],"collection":[{"href":"https:\/\/roveyayinevi.com.tr\/index.php\/wp-json\/wp\/v2\/product"}],"about":[{"href":"https:\/\/roveyayinevi.com.tr\/index.php\/wp-json\/wp\/v2\/types\/product"}],"wp:attachment":[{"href":"https:\/\/roveyayinevi.com.tr\/index.php\/wp-json\/wp\/v2\/media?parent=699508"}],"wp:term":[{"taxonomy":"product_brand","embeddable":true,"href":"https:\/\/roveyayinevi.com.tr\/index.php\/wp-json\/wp\/v2\/product_brand?post=699508"},{"taxonomy":"product_cat","embeddable":true,"href":"https:\/\/roveyayinevi.com.tr\/index.php\/wp-json\/wp\/v2\/product_cat?post=699508"},{"taxonomy":"product_tag","embeddable":true,"href":"https:\/\/roveyayinevi.com.tr\/index.php\/wp-json\/wp\/v2\/product_tag?post=699508"}],"curies":[{"name":"wp","href":"https:\/\/api.w.org\/{rel}","templated":true}]}}