{"id":699507,"date":"2025-08-27T14:51:29","date_gmt":"2025-08-27T11:51:29","guid":{"rendered":"https:\/\/roveyayinevi.com.tr\/index.php\/urun\/uygulamali-muzik-teorisi-2\/"},"modified":"2026-04-08T02:11:53","modified_gmt":"2026-04-07T23:11:53","slug":"uygulamali-muzik-teorisi-2","status":"publish","type":"product","link":"https:\/\/roveyayinevi.com.tr\/index.php\/urun\/uygulamali-muzik-teorisi-2\/","title":{"rendered":"Uygulamal\u0131 M\u00fczik Teorisi &#8211; 2"},"content":{"rendered":"<p>M\u00fczik teorisini bilmek, m\u00fczi\u011fi anlamak, uygulamak ve \u00fcretmek a\u00e7\u0131s\u0131ndan \u00e7ok \u00f6nemlidir. Ancak bilgi haf\u0131zaya kaz\u0131nd\u0131\u011f\u0131 ve kal\u0131c\u0131 bir bilgiye d\u00f6n\u00fc\u015ft\u00fc\u011f\u00fc noktada fonksiyon kazan\u0131r. Bu beceriyi kazanman\u0131n yolu ise konular\u0131 ve ilgili al\u0131\u015ft\u0131rmalar\u0131 zihinden yapabilecek noktaya gelinceye kadar belli zaman aral\u0131klar\u0131yla tekrar etmektir. Bu kitap m\u00fczik teorisinin yap\u0131 ta\u015flar\u0131ndan ba\u015flay\u0131p, teoriyi sistematik bir geli\u015fme i\u00e7inde pratik y\u00f6ntemlerle inceleyen, al\u0131\u015ft\u0131rmalar\u0131n \u00fczerinde yap\u0131ld\u0131\u011f\u0131 bir defter gibi tasarlanan, Armoni ve kontrpuan alanlar\u0131na iyi bir temel olu\u015fturmay\u0131 hedefleyen bir kitap olarak haz\u0131rlanm\u0131\u015ft\u0131r. Kitab\u0131n m\u00fczik e\u011fitimi alan t\u00fcm \u00f6\u011frencilere, m\u00fczisyenlere ve m\u00fczik e\u011fitimcilerine faydal\u0131 olaca\u011f\u0131 inanc\u0131nday\u0131z. \ufffcTan\u0131t\u0131m Metni<\/p>\n","protected":false},"excerpt":{"rendered":"<p>M\u00fczik teorisini bilmek, m\u00fczi\u011fi anlamak, uygulamak ve \u00fcretmek a\u00e7\u0131s\u0131ndan \u00e7ok \u00f6nemlidir. Ancak bilgi haf\u0131zaya kaz\u0131nd\u0131\u011f\u0131 ve kal\u0131c\u0131 bir bilgiye d\u00f6n\u00fc\u015ft\u00fc\u011f\u00fc noktada fonksiyon kazan\u0131r. Bu beceriyi kazanman\u0131n<span class=\"excerpt-hellip\"> [\u2026]<\/span><\/p>\n","protected":false},"featured_media":0,"template":"","meta":{"_monsterinsights_skip_tracking":false,"_monsterinsights_sitenote_active":false,"_monsterinsights_sitenote_note":"","_monsterinsights_sitenote_category":0},"product_brand":[],"product_cat":[14591,14556],"product_tag":[],"class_list":{"0":"post-699507","1":"product","2":"type-product","3":"status-publish","5":"product_cat-genel-kavramlar-kuram-ve-tarihce","6":"product_cat-muzik","7":"pa_cilt-ciltsiz","8":"pa_tur-kitap","9":"pa_yayinevi-inkilap-kitabevi","10":"pa_yazar-nail-yavuzoglu","12":"first","13":"instock","14":"sale","15":"shipping-taxable","16":"purchasable","17":"product-type-simple"},"_links":{"self":[{"href":"https:\/\/roveyayinevi.com.tr\/index.php\/wp-json\/wp\/v2\/product\/699507","targetHints":{"allow":["GET"]}}],"collection":[{"href":"https:\/\/roveyayinevi.com.tr\/index.php\/wp-json\/wp\/v2\/product"}],"about":[{"href":"https:\/\/roveyayinevi.com.tr\/index.php\/wp-json\/wp\/v2\/types\/product"}],"wp:attachment":[{"href":"https:\/\/roveyayinevi.com.tr\/index.php\/wp-json\/wp\/v2\/media?parent=699507"}],"wp:term":[{"taxonomy":"product_brand","embeddable":true,"href":"https:\/\/roveyayinevi.com.tr\/index.php\/wp-json\/wp\/v2\/product_brand?post=699507"},{"taxonomy":"product_cat","embeddable":true,"href":"https:\/\/roveyayinevi.com.tr\/index.php\/wp-json\/wp\/v2\/product_cat?post=699507"},{"taxonomy":"product_tag","embeddable":true,"href":"https:\/\/roveyayinevi.com.tr\/index.php\/wp-json\/wp\/v2\/product_tag?post=699507"}],"curies":[{"name":"wp","href":"https:\/\/api.w.org\/{rel}","templated":true}]}}