{"id":699504,"date":"2025-08-27T14:51:29","date_gmt":"2025-08-27T11:51:29","guid":{"rendered":"https:\/\/roveyayinevi.com.tr\/index.php\/urun\/algida-iknada-iletisimde-beyin-oyunlari\/"},"modified":"2026-04-16T02:08:49","modified_gmt":"2026-04-15T23:08:49","slug":"algida-iknada-iletisimde-beyin-oyunlari","status":"publish","type":"product","link":"https:\/\/roveyayinevi.com.tr\/index.php\/urun\/algida-iknada-iletisimde-beyin-oyunlari\/","title":{"rendered":"Alg\u0131da, \u0130knada, \u0130leti\u015fimde Beyin Oyunlar\u0131"},"content":{"rendered":"<p>Bir fark\u0131ndal\u0131k, iyile\u015fme ve ke\u015fif kitab\u0131&#8230;Birini tan\u0131man\u0131n en kolay yolu, ona insanlar hakk\u0131ndaki d\u00fc\u015f\u00fcncelerini sormakt\u0131r.T\u0131pk\u0131 bu c\u00fcmle kadar basit ger\u00e7eklerin \u0131\u015f\u0131\u011f\u0131nda, s\u0131ra d\u0131\u015f\u0131 sonu\u00e7lara ula\u015fabilirsiniz. Beyin Oyunlar\u0131, bilin\u00e7alt\u0131n\u0131z\u0131n g\u00fcc\u00fcn\u00fc ke\u015ffetmeniz i\u00e7in yaz\u0131ld\u0131. Kendi g\u00fcc\u00fcn\u00fczden ne kadar haberdars\u0131n\u0131z? \u00c7evrenizi ve do\u011fru bildi\u011finiz yanl\u0131\u015flar\u0131 nas\u0131l de\u011fi\u015ftirebilirsiniz? Yazar\u0131n ya\u015fanm\u0131\u015f hik\u00e2yeleriyle bezeli Beyin Oyunlar\u0131, kolayca okuyup, uygulayabilece\u011finiz t\u00fcyolarla dolu.Bu kitab\u0131 defalarca sindire sindire okurken devam\u0131n\u0131 iple \u00e7ekiyor olaca\u011f\u0131m.- Alper Utku, Management Centre T\u00fcrkiye Y\u00f6netim Kurulu Ba\u015fkan\u0131Beyin Oyunlar\u0131 i\u00e7in yorum yazmam\u0131 isteyen e-posta bana ula\u015ft\u0131\u011f\u0131nda saat 19\u2019u g\u00f6steriyordu, Barcelona-A. Madrid \u015fampiyonlar ligi ma\u00e7\u0131n\u0131 seyretmeyi planl\u0131yordum; sabah 5 u\u00e7a\u011f\u0131yla uzun bir seyahate \u00e7\u0131kacakt\u0131m. Bir g\u00f6z atay\u0131m diyerek okumaya ba\u015flad\u0131m. Ne mi oldu? Birka\u00e7 sayfa derken koca kitab\u0131 bir \u00e7\u0131rp\u0131da okudum, ma\u00e7 ise sona ermi\u015fti.- Abdullah Karac\u0131k, New Life Ya\u015fam Sigorta Y\u00f6netim Kurulu \u00dcyesi30 y\u0131ll\u0131k dostlu\u011fumuz s\u00fcresince i\u015f ve \u00f6zel hayat\u0131mda nerede s\u0131k\u0131\u015ft\u0131ysam Tamer yan\u0131mdayd\u0131. \u015eimdi kitab\u0131 ilk okuyanlardan biri olma mutlulu\u011funa eri\u015ftim ve kitab\u0131n sat\u0131rlar\u0131yla birlikte bu y\u0131llar g\u00f6z\u00fcm\u00fcn \u00f6n\u00fcnden film \u015feridi gibi ge\u00e7ti\u2026- Op. Dr. Levent Af\u015far\u0130nsan zihni ke\u015ffedilmeyi bekleyen u\u00e7suz bucaks\u0131z bir co\u011frafya. Yapabilece\u011fimiz en de\u011ferli \u015feyse birbirimizin ke\u015fiflerine destek vermek. Sevgili Tamer kendi yolculu\u011funu ba\u015fkalar\u0131n\u0131n yolculuklar\u0131na bir rehber haline getirmi\u015f&#8230;- Psikiyatrist Do\u00e7. Dr. Kemal Ku\u015f\u00e7uBana g\u00f6re sigorta sekt\u00f6r\u00fcn\u00fcn en iyi ekip kurucusu, sat\u0131\u015f ko\u00e7lar\u0131 aras\u0131nda yer alan Tamer Demirdelen, birikimlerini kendine saklam\u0131yor. Pazarlama ve sat\u0131\u015fta \u00e7al\u0131\u015farak kariyerini bu alanda yapmak isteyen herkese tavsiye edebilece\u011fim bir kitap yazd\u0131\u011f\u0131 i\u00e7in kendisine m\u00fcte\u015fekkirim.- \u0130hsan \u00c7evik, ING Emeklilik Genel M\u00fcd\u00fcr Yard\u0131mc\u0131s\u0131\u0130\u015finiz sat\u0131\u015f olup olmamas\u0131yla ilintisiz olarak t\u00fcm ya\u015fam\u0131n\u0131za adapte edebilece\u011finiz de\u011ferli bilgilerle s\u00fcslenmi\u015f hik\u00e2yelerden \u00f6\u011frendiklerinizi dost sohbetlerinde payla\u015facaks\u0131n\u0131z. \u0130kinci kitab\u0131 \u015fimdiden sab\u0131rs\u0131zl\u0131kla bekliyorum.- Opr. Dr. Abd\u00fclkadir G\u00f6ksel<\/p>\n","protected":false},"excerpt":{"rendered":"<p>Bir fark\u0131ndal\u0131k, iyile\u015fme ve ke\u015fif kitab\u0131&#8230;Birini tan\u0131man\u0131n en kolay yolu, ona insanlar hakk\u0131ndaki d\u00fc\u015f\u00fcncelerini sormakt\u0131r.T\u0131pk\u0131 bu c\u00fcmle kadar basit ger\u00e7eklerin \u0131\u015f\u0131\u011f\u0131nda, s\u0131ra d\u0131\u015f\u0131 sonu\u00e7lara ula\u015fabilirsiniz. Beyin<span class=\"excerpt-hellip\"> [\u2026]<\/span><\/p>\n","protected":false},"featured_media":0,"template":"","meta":{"_monsterinsights_skip_tracking":false,"_monsterinsights_sitenote_active":false,"_monsterinsights_sitenote_note":"","_monsterinsights_sitenote_category":0},"product_brand":[],"product_cat":[12364,12376],"product_tag":[],"class_list":{"0":"post-699504","1":"product","2":"type-product","3":"status-publish","5":"product_cat-genel-konular","6":"product_cat-kisisel-gelisim","7":"pa_cilt-ciltsiz","8":"pa_tur-kitap","9":"pa_yayinevi-optimist-yayin-dagitim","10":"pa_yazar-tamer-demirdelen","12":"first","13":"instock","14":"sale","15":"shipping-taxable","16":"purchasable","17":"product-type-simple"},"_links":{"self":[{"href":"https:\/\/roveyayinevi.com.tr\/index.php\/wp-json\/wp\/v2\/product\/699504","targetHints":{"allow":["GET"]}}],"collection":[{"href":"https:\/\/roveyayinevi.com.tr\/index.php\/wp-json\/wp\/v2\/product"}],"about":[{"href":"https:\/\/roveyayinevi.com.tr\/index.php\/wp-json\/wp\/v2\/types\/product"}],"wp:attachment":[{"href":"https:\/\/roveyayinevi.com.tr\/index.php\/wp-json\/wp\/v2\/media?parent=699504"}],"wp:term":[{"taxonomy":"product_brand","embeddable":true,"href":"https:\/\/roveyayinevi.com.tr\/index.php\/wp-json\/wp\/v2\/product_brand?post=699504"},{"taxonomy":"product_cat","embeddable":true,"href":"https:\/\/roveyayinevi.com.tr\/index.php\/wp-json\/wp\/v2\/product_cat?post=699504"},{"taxonomy":"product_tag","embeddable":true,"href":"https:\/\/roveyayinevi.com.tr\/index.php\/wp-json\/wp\/v2\/product_tag?post=699504"}],"curies":[{"name":"wp","href":"https:\/\/api.w.org\/{rel}","templated":true}]}}