{"id":699502,"date":"2025-08-27T14:51:28","date_gmt":"2025-08-27T11:51:28","guid":{"rendered":"https:\/\/roveyayinevi.com.tr\/index.php\/urun\/sanat-psikodrama\/"},"modified":"2026-04-16T02:08:49","modified_gmt":"2026-04-15T23:08:49","slug":"sanat-psikodrama","status":"publish","type":"product","link":"https:\/\/roveyayinevi.com.tr\/index.php\/urun\/sanat-psikodrama\/","title":{"rendered":"Sanat Psikodrama"},"content":{"rendered":"<p>&#8216;Bir resim hi\u00e7bir zaman kelimelerle tam olarak anlat\u0131lamaz, e\u011fer anlat\u0131labilir olsayd\u0131 o resmi yapmaya ihtiyac\u0131m\u0131z kalmazd\u0131.&#8217; <\/p>\n","protected":false},"excerpt":{"rendered":"<p>&#8216;Bir resim hi\u00e7bir zaman kelimelerle tam olarak anlat\u0131lamaz, e\u011fer anlat\u0131labilir olsayd\u0131 o resmi yapmaya ihtiyac\u0131m\u0131z kalmazd\u0131.&#8217;<\/p>\n","protected":false},"featured_media":0,"template":"","meta":{"_monsterinsights_skip_tracking":false,"_monsterinsights_sitenote_active":false,"_monsterinsights_sitenote_note":"","_monsterinsights_sitenote_category":0},"product_brand":[],"product_cat":[14787,13488],"product_tag":[],"class_list":{"0":"post-699502","1":"product","2":"type-product","3":"status-publish","5":"product_cat-diger-toplum-ve-insan","6":"product_cat-toplum-ve-insan","7":"pa_tur-kitap","8":"pa_yayinevi-okuyan-us-yayin","9":"pa_yazar-asena-yurtsever","11":"first","12":"instock","13":"sale","14":"shipping-taxable","15":"purchasable","16":"product-type-simple"},"_links":{"self":[{"href":"https:\/\/roveyayinevi.com.tr\/index.php\/wp-json\/wp\/v2\/product\/699502","targetHints":{"allow":["GET"]}}],"collection":[{"href":"https:\/\/roveyayinevi.com.tr\/index.php\/wp-json\/wp\/v2\/product"}],"about":[{"href":"https:\/\/roveyayinevi.com.tr\/index.php\/wp-json\/wp\/v2\/types\/product"}],"wp:attachment":[{"href":"https:\/\/roveyayinevi.com.tr\/index.php\/wp-json\/wp\/v2\/media?parent=699502"}],"wp:term":[{"taxonomy":"product_brand","embeddable":true,"href":"https:\/\/roveyayinevi.com.tr\/index.php\/wp-json\/wp\/v2\/product_brand?post=699502"},{"taxonomy":"product_cat","embeddable":true,"href":"https:\/\/roveyayinevi.com.tr\/index.php\/wp-json\/wp\/v2\/product_cat?post=699502"},{"taxonomy":"product_tag","embeddable":true,"href":"https:\/\/roveyayinevi.com.tr\/index.php\/wp-json\/wp\/v2\/product_tag?post=699502"}],"curies":[{"name":"wp","href":"https:\/\/api.w.org\/{rel}","templated":true}]}}