{"id":699497,"date":"2025-08-27T14:51:26","date_gmt":"2025-08-27T11:51:26","guid":{"rendered":"https:\/\/roveyayinevi.com.tr\/index.php\/urun\/yazmak-sanati\/"},"modified":"2026-04-16T02:08:49","modified_gmt":"2026-04-15T23:08:49","slug":"yazmak-sanati","status":"publish","type":"product","link":"https:\/\/roveyayinevi.com.tr\/index.php\/urun\/yazmak-sanati\/","title":{"rendered":"Yazmak Sanat\u0131"},"content":{"rendered":"<p>Her sanat gibi yazmak sanat\u0131n\u0131n da kendine \u00f6zg\u00fc bir y\u00f6ntemi vard\u0131r. Hem \u00f6\u011fretici, hem de yaz\u0131nsal nitelikli metinler i\u00e7in b\u00f6yledir bu. Bunu \u00f6\u011fretme, izlenecek yolu g\u00f6sterme amac\u0131yla e\u011fitim ve \u00f6\u011fretimin her a\u015famas\u0131nda yazma e\u011fitimine yer verilmi\u015ftir. Bu alanda bir\u00e7ok kitap yaz\u0131lm\u0131\u015ft\u0131r. Yazmak Sanat\u0131, bu t\u00fcrde yaz\u0131lm\u0131\u015f, \u00f6teki kitaplardan \u00f6nemli farkl\u0131l\u0131klar i\u00e7eriyor. <\/p>\n","protected":false},"excerpt":{"rendered":"<p>Her sanat gibi yazmak sanat\u0131n\u0131n da kendine \u00f6zg\u00fc bir y\u00f6ntemi vard\u0131r. Hem \u00f6\u011fretici, hem de yaz\u0131nsal nitelikli metinler i\u00e7in b\u00f6yledir bu. Bunu \u00f6\u011fretme, izlenecek yolu g\u00f6sterme<span class=\"excerpt-hellip\"> [\u2026]<\/span><\/p>\n","protected":false},"featured_media":0,"template":"","meta":{"_monsterinsights_skip_tracking":false,"_monsterinsights_sitenote_active":false,"_monsterinsights_sitenote_note":"","_monsterinsights_sitenote_category":0},"product_brand":[],"product_cat":[12312,12304],"product_tag":[],"class_list":{"0":"post-699497","1":"product","2":"type-product","3":"status-publish","5":"product_cat-diger","6":"product_cat-tarih","7":"pa_cilt-ciltsiz","8":"pa_tur-kitap","9":"pa_yayinevi-fom-kitap","10":"pa_yazar-emin-ozdemir","12":"first","13":"instock","14":"sale","15":"shipping-taxable","16":"purchasable","17":"product-type-simple"},"_links":{"self":[{"href":"https:\/\/roveyayinevi.com.tr\/index.php\/wp-json\/wp\/v2\/product\/699497","targetHints":{"allow":["GET"]}}],"collection":[{"href":"https:\/\/roveyayinevi.com.tr\/index.php\/wp-json\/wp\/v2\/product"}],"about":[{"href":"https:\/\/roveyayinevi.com.tr\/index.php\/wp-json\/wp\/v2\/types\/product"}],"wp:attachment":[{"href":"https:\/\/roveyayinevi.com.tr\/index.php\/wp-json\/wp\/v2\/media?parent=699497"}],"wp:term":[{"taxonomy":"product_brand","embeddable":true,"href":"https:\/\/roveyayinevi.com.tr\/index.php\/wp-json\/wp\/v2\/product_brand?post=699497"},{"taxonomy":"product_cat","embeddable":true,"href":"https:\/\/roveyayinevi.com.tr\/index.php\/wp-json\/wp\/v2\/product_cat?post=699497"},{"taxonomy":"product_tag","embeddable":true,"href":"https:\/\/roveyayinevi.com.tr\/index.php\/wp-json\/wp\/v2\/product_tag?post=699497"}],"curies":[{"name":"wp","href":"https:\/\/api.w.org\/{rel}","templated":true}]}}