{"id":699487,"date":"2025-08-27T14:51:24","date_gmt":"2025-08-27T11:51:24","guid":{"rendered":"https:\/\/roveyayinevi.com.tr\/index.php\/urun\/kadin-oyun-yazarlari\/"},"modified":"2026-04-16T02:08:49","modified_gmt":"2026-04-15T23:08:49","slug":"kadin-oyun-yazarlari","status":"publish","type":"product","link":"https:\/\/roveyayinevi.com.tr\/index.php\/urun\/kadin-oyun-yazarlari\/","title":{"rendered":"Kad\u0131n Oyun Yazarlar\u0131"},"content":{"rendered":"<p>Bir yanda t\u00fcm k\u00f6t\u00fcl\u00fcklerin kayna\u011f\u0131 oldu\u011fu d\u00fc\u015f\u00fcn\u00fclen, \u00f6te yanda aileye ait erdemleri bebe\u011fine verdi\u011fi s\u00fctle soya ge\u00e7irerek devam ettirdi\u011fine inan\u0131lan kad\u0131na kar\u015f\u0131 bu olumsuz ve \u00e7eli\u015fkili tutum, eski \u00e7a\u011flardan g\u00fcn\u00fcm\u00fcze dek s\u00fcrm\u00fc\u015f m\u00fcd\u00fcr yoksa iyiye do\u011fru de\u011fi\u015fikli\u011fe u\u011fram\u0131\u015f m\u0131d\u0131r? Kad\u0131n oyun yazarlar\u0131 \u00fczerine giri\u015fti\u011fimiz bu \u00e7al\u0131\u015fman\u0131n, ge\u00e7mi\u015ften g\u00fcn\u00fcm\u00fcze, e\u011fitimli, k\u00fclt\u00fcrl\u00fc ve yarat\u0131c\u0131 kad\u0131nlar\u0131n durumu hakk\u0131nda baz\u0131 somlar\u0131 yan\u0131tlamam\u0131z\u0131 sa\u011flayaca\u011f\u0131n\u0131 da umuyoruz. <\/p>\n","protected":false},"excerpt":{"rendered":"<p>Bir yanda t\u00fcm k\u00f6t\u00fcl\u00fcklerin kayna\u011f\u0131 oldu\u011fu d\u00fc\u015f\u00fcn\u00fclen, \u00f6te yanda aileye ait erdemleri bebe\u011fine verdi\u011fi s\u00fctle soya ge\u00e7irerek devam ettirdi\u011fine inan\u0131lan kad\u0131na kar\u015f\u0131 bu olumsuz ve \u00e7eli\u015fkili<span class=\"excerpt-hellip\"> [\u2026]<\/span><\/p>\n","protected":false},"featured_media":0,"template":"","meta":{"_monsterinsights_skip_tracking":false,"_monsterinsights_sitenote_active":false,"_monsterinsights_sitenote_note":"","_monsterinsights_sitenote_category":0},"product_brand":[],"product_cat":[13252,12324],"product_tag":[],"class_list":{"0":"post-699487","1":"product","2":"type-product","3":"status-publish","5":"product_cat-kadin-calismalari","6":"product_cat-sosyoloji","7":"pa_cilt-ciltsiz","8":"pa_tur-kitap","9":"pa_yayinevi-bilgesu-yayincilik","10":"pa_yazar-ozlem-kasap","12":"first","13":"instock","14":"sale","15":"shipping-taxable","16":"purchasable","17":"product-type-simple"},"_links":{"self":[{"href":"https:\/\/roveyayinevi.com.tr\/index.php\/wp-json\/wp\/v2\/product\/699487","targetHints":{"allow":["GET"]}}],"collection":[{"href":"https:\/\/roveyayinevi.com.tr\/index.php\/wp-json\/wp\/v2\/product"}],"about":[{"href":"https:\/\/roveyayinevi.com.tr\/index.php\/wp-json\/wp\/v2\/types\/product"}],"wp:attachment":[{"href":"https:\/\/roveyayinevi.com.tr\/index.php\/wp-json\/wp\/v2\/media?parent=699487"}],"wp:term":[{"taxonomy":"product_brand","embeddable":true,"href":"https:\/\/roveyayinevi.com.tr\/index.php\/wp-json\/wp\/v2\/product_brand?post=699487"},{"taxonomy":"product_cat","embeddable":true,"href":"https:\/\/roveyayinevi.com.tr\/index.php\/wp-json\/wp\/v2\/product_cat?post=699487"},{"taxonomy":"product_tag","embeddable":true,"href":"https:\/\/roveyayinevi.com.tr\/index.php\/wp-json\/wp\/v2\/product_tag?post=699487"}],"curies":[{"name":"wp","href":"https:\/\/api.w.org\/{rel}","templated":true}]}}