{"id":699486,"date":"2025-08-27T14:51:23","date_gmt":"2025-08-27T11:51:23","guid":{"rendered":"https:\/\/roveyayinevi.com.tr\/index.php\/urun\/halk-edebiyati-dersleri-butun-eserleri-5\/"},"modified":"2026-04-16T02:08:48","modified_gmt":"2026-04-15T23:08:48","slug":"halk-edebiyati-dersleri-butun-eserleri-5","status":"publish","type":"product","link":"https:\/\/roveyayinevi.com.tr\/index.php\/urun\/halk-edebiyati-dersleri-butun-eserleri-5\/","title":{"rendered":"Halk Edebiyat\u0131 Dersleri \/ B\u00fct\u00fcn Eserleri 5"},"content":{"rendered":"<p>Pertev Naili Boratav (1907 G\u00fcm\u00fclc\u00fcne, Dar\u0131dere [Zlatograd-Bulgaristan]-1998 Paris) Bu kitap, halkbilimin dallar\u0131ndan biri olan halk edebiyat\u0131 hakk\u0131nda ders kitab\u0131 olarak haz\u0131rlanm\u0131\u015ft\u0131r. Kendi alan\u0131nda da T\u00fcrk\u00e7ede ilk denemedir. Halk Edebiyat\u0131 Dersleri, kuramsal ile pratik olmak \u00fczere iki k\u0131s\u0131md\u0131r. Kuramsal olan ilk k\u0131s\u0131mda, halk edebiyat\u0131 konular\u0131, k\u0131sa k\u0131sa, ba\u015fka uluslar\u0131n halk edebiyatlar\u0131 konular\u0131yla ili\u015fki kurularak ele al\u0131nm\u0131\u015ft\u0131r. Pratik olan ikinci k\u0131s\u0131mda da, ilk k\u0131s\u0131mda ele al\u0131nan konular\u0131n anla\u015f\u0131lmas\u0131 i\u00e7in \u00f6rnekler verilmi\u015ftir. <\/p>\n","protected":false},"excerpt":{"rendered":"<p>Pertev Naili Boratav (1907 G\u00fcm\u00fclc\u00fcne, Dar\u0131dere [Zlatograd-Bulgaristan]-1998 Paris) Bu kitap, halkbilimin dallar\u0131ndan biri olan halk edebiyat\u0131 hakk\u0131nda ders kitab\u0131 olarak haz\u0131rlanm\u0131\u015ft\u0131r. Kendi alan\u0131nda da T\u00fcrk\u00e7ede ilk<span class=\"excerpt-hellip\"> [\u2026]<\/span><\/p>\n","protected":false},"featured_media":0,"template":"","meta":{"_monsterinsights_skip_tracking":false,"_monsterinsights_sitenote_active":false,"_monsterinsights_sitenote_note":"","_monsterinsights_sitenote_category":0},"product_brand":[],"product_cat":[20234,12291],"product_tag":[],"class_list":{"0":"post-699486","1":"product","2":"type-product","3":"status-publish","5":"product_cat-divan-edebiyati-halk-edebiyati","6":"product_cat-edebiyat","7":"pa_cilt-ciltsiz","8":"pa_tur-kitap","9":"pa_yayinevi-bilgesu-yayincilik","10":"pa_yazar-pertev-naili-boratav","12":"first","13":"instock","14":"sale","15":"shipping-taxable","16":"purchasable","17":"product-type-simple"},"_links":{"self":[{"href":"https:\/\/roveyayinevi.com.tr\/index.php\/wp-json\/wp\/v2\/product\/699486","targetHints":{"allow":["GET"]}}],"collection":[{"href":"https:\/\/roveyayinevi.com.tr\/index.php\/wp-json\/wp\/v2\/product"}],"about":[{"href":"https:\/\/roveyayinevi.com.tr\/index.php\/wp-json\/wp\/v2\/types\/product"}],"wp:attachment":[{"href":"https:\/\/roveyayinevi.com.tr\/index.php\/wp-json\/wp\/v2\/media?parent=699486"}],"wp:term":[{"taxonomy":"product_brand","embeddable":true,"href":"https:\/\/roveyayinevi.com.tr\/index.php\/wp-json\/wp\/v2\/product_brand?post=699486"},{"taxonomy":"product_cat","embeddable":true,"href":"https:\/\/roveyayinevi.com.tr\/index.php\/wp-json\/wp\/v2\/product_cat?post=699486"},{"taxonomy":"product_tag","embeddable":true,"href":"https:\/\/roveyayinevi.com.tr\/index.php\/wp-json\/wp\/v2\/product_tag?post=699486"}],"curies":[{"name":"wp","href":"https:\/\/api.w.org\/{rel}","templated":true}]}}