{"id":699485,"date":"2025-08-27T14:51:23","date_gmt":"2025-08-27T11:51:23","guid":{"rendered":"https:\/\/roveyayinevi.com.tr\/index.php\/urun\/insan-felsefesi-2\/"},"modified":"2026-04-16T02:08:48","modified_gmt":"2026-04-15T23:08:48","slug":"insan-felsefesi-2","status":"publish","type":"product","link":"https:\/\/roveyayinevi.com.tr\/index.php\/urun\/insan-felsefesi-2\/","title":{"rendered":"\u0130nsan Felsefesi"},"content":{"rendered":"<p>T\u00fcm insanlarda ortak olan\u0131, hi\u00e7bir zaman eksik olmayan fenomenleri insan\u0131n varl\u0131k ko\u015fullar\u0131ndan hareket ederek ortaya \u00e7\u0131karmak insan felsefesinin, felsefi antropolojinin g\u00f6revidir, \u201cinsan nedir?\u201d temel sorusu etraf\u0131nda insani hayat\u0131 olu\u015f halinde, biyopsi\u015fik b\u00fct\u00fcn i\u00e7inde ele alarak ve varl\u0131k d\u00fcnyas\u0131n\u0131n t\u00fcm katmanlar\u0131n\u0131n insan denilen varl\u0131k alan\u0131nda ta\u015f\u0131nd\u0131\u011f\u0131n\u0131 bilerek onu kendine \u00f6zg\u00fc fenomenler temelinde ara\u015ft\u0131rmak T. Meng\u00fc\u015fo\u011flu\u2019nun ba\u015fl\u0131ca u\u011fra\u015f\u0131s\u0131 olmu\u015ftur.Meng\u00fc\u015fo\u011flu insan\u0131n varl\u0131k ko\u015fullar\u0131 olarak belirledi\u011fi fenomenleri \u015fu \u015fekilde s\u0131ralar: Bilen, de\u011ferleri duyan, tav\u0131r tak\u0131nan, \u00f6nceden g\u00f6ren, \u00f6nceden belirleyen, isteyen, \u00f6z-g\u00fcr, tarihsel, idele\u015ftiren, kendisini bir \u015feye veren, \u00e7al\u0131\u015fan, e\u011fiten ve e\u011fitilen, devlet kuran, inanan, sanat\u0131n yarat\u0131c\u0131s\u0131, konu\u015fan, biyopsi\u015fik bir varl\u0131k olarak insan. Bu \u015fe-kilde sadece insan\u0131n varl\u0131k alanlar\u0131ndan, \u00f6\u011felerinden yola \u00e7\u0131kan insan felsefesi onun kozmostaki yerini gene ona \u00f6zg\u00fc fenomenler d\u00e2hilinde ara\u015ft\u0131r\u0131r ki ontolojik temellere dayanan antropolojinin ba\u015flang\u0131\u00e7lar\u0131 Kant\u2019a dek uzan\u0131r.\u0130nsan felsefesini sadece soyut bir bilgi teorisi i\u00e7in de\u011fil, hayata yans\u0131yan, hayatla ili-\u015fi\u011fi olan, g\u00fcc\u00fc ve etkinli\u011fi art\u0131ran bir bilgi, bir hayat aktivitesi olarak de\u011ferlendiren Meng\u00fc\u015fo\u011flu i\u00e7in bu felsefe ayn\u0131 zamanda ontogenetiktir. Yani d\u00fcnyam\u0131z ve insan kozmik bir varl\u0131\u011f\u0131n par\u00e7as\u0131d\u0131r ve bu kozmik varl\u0131\u011f\u0131n b\u00fct\u00fcn\u00fcn\u00fcn etkilerinin d\u0131\u015f\u0131nda de\u011fildir. O bu d\u00fc\u015f\u00fcncelerini a\u011f\u0131rl\u0131kl\u0131 olarak Darwin, Uexk\u00fcll, Gehlen, Kant, Nietzsche, Dilthey, Hartmann ve Scheler\u2019in g\u00f6r\u00fc\u015fleri ve tart\u0131\u015fmalar\u0131 etraf\u0131nda geli\u015ftirir. <\/p>\n","protected":false},"excerpt":{"rendered":"<p>T\u00fcm insanlarda ortak olan\u0131, hi\u00e7bir zaman eksik olmayan fenomenleri insan\u0131n varl\u0131k ko\u015fullar\u0131ndan hareket ederek ortaya \u00e7\u0131karmak insan felsefesinin, felsefi antropolojinin g\u00f6revidir, \u201cinsan nedir?\u201d temel sorusu etraf\u0131nda<span class=\"excerpt-hellip\"> [\u2026]<\/span><\/p>\n","protected":false},"featured_media":0,"template":"","meta":{"_monsterinsights_skip_tracking":false,"_monsterinsights_sitenote_active":false,"_monsterinsights_sitenote_note":"","_monsterinsights_sitenote_category":0},"product_brand":[],"product_cat":[12389,12388],"product_tag":[],"class_list":{"0":"post-699485","1":"product","2":"type-product","3":"status-publish","5":"product_cat-diger-felsefe","6":"product_cat-felsefe","7":"pa_cilt-ciltsiz","8":"pa_tur-kitap","9":"pa_yayinevi-dogu-bati-yayinlari","10":"pa_yazar-takiyettin-mengusoglu","12":"first","13":"instock","14":"sale","15":"shipping-taxable","16":"purchasable","17":"product-type-simple"},"_links":{"self":[{"href":"https:\/\/roveyayinevi.com.tr\/index.php\/wp-json\/wp\/v2\/product\/699485","targetHints":{"allow":["GET"]}}],"collection":[{"href":"https:\/\/roveyayinevi.com.tr\/index.php\/wp-json\/wp\/v2\/product"}],"about":[{"href":"https:\/\/roveyayinevi.com.tr\/index.php\/wp-json\/wp\/v2\/types\/product"}],"wp:attachment":[{"href":"https:\/\/roveyayinevi.com.tr\/index.php\/wp-json\/wp\/v2\/media?parent=699485"}],"wp:term":[{"taxonomy":"product_brand","embeddable":true,"href":"https:\/\/roveyayinevi.com.tr\/index.php\/wp-json\/wp\/v2\/product_brand?post=699485"},{"taxonomy":"product_cat","embeddable":true,"href":"https:\/\/roveyayinevi.com.tr\/index.php\/wp-json\/wp\/v2\/product_cat?post=699485"},{"taxonomy":"product_tag","embeddable":true,"href":"https:\/\/roveyayinevi.com.tr\/index.php\/wp-json\/wp\/v2\/product_tag?post=699485"}],"curies":[{"name":"wp","href":"https:\/\/api.w.org\/{rel}","templated":true}]}}