{"id":699484,"date":"2025-08-27T14:51:23","date_gmt":"2025-08-27T11:51:23","guid":{"rendered":"https:\/\/roveyayinevi.com.tr\/index.php\/urun\/glow\/"},"modified":"2026-04-16T02:08:48","modified_gmt":"2026-04-15T23:08:48","slug":"glow","status":"publish","type":"product","link":"https:\/\/roveyayinevi.com.tr\/index.php\/urun\/glow\/","title":{"rendered":"Glow"},"content":{"rendered":"<p>Ba\u011f\u0131ml\u0131l\u0131k yapacak kadar iyi-Times-Durup beauman&#8217;\u0131n e\u015fsiz yetene\u011fini ve \u00f6zg\u00fcnl\u00fc\u011f\u00fcn\u00fc kutlama zaman\u0131 -Guardian- Bir g\u00fcn\u00fc 25 saat olarak alg\u0131lamas\u0131na sebep olan tuhaf bir rahats\u0131zl\u0131ktan mustarip Londral\u0131 bir gen\u00e7, korsan radyo istasyonunun vericisini korumakla g\u00f6revli bir teriyer, g\u00fczelli\u011fi uyu\u015fturucu kadar etkili -ve tehlikeli- gen\u00e7 bir kad\u0131n, birdenbire Londra sokaklar\u0131nda beliren tilkiler, g\u00fcn ortas\u0131nda sokakta Burmal\u0131 avlayan beyaz minib\u00fcsler, karanl\u0131k ama\u00e7lar\u0131 olan bir maden \u015firketi ve t\u00fcm bunlar\u0131n birle\u015fti\u011fi yerde, G\u00fcney Londra&#8217;n\u0131n e\u011flence hayat\u0131na sa\u011flam bir giri\u015f yapan gizemli uyu\u015fturucu GLOW. G\u00fcn\u00fcm\u00fcz\u00fcn en heyecan verici gen\u00e7 yazarlar\u0131ndan Ned Beauman, Boks\u00f6r B\u00f6cek ve I\u015f\u0131nlanma Kazas\u0131&#8217;ndan sonra ilk kez rotas\u0131n\u0131 bug\u00fcne \u00e7eviriyor. Yarat\u0131c\u0131l\u0131k, zek\u00e2 ve mizahla dolu benzersiz anlat\u0131m dilini gerilim t\u00fcr\u00fcn\u00fcn s\u00fcr\u00fckleyicili\u011fi ve keskin d\u00f6n\u00fc\u015fleriyle birle\u015ftirerek, ortaya t\u00fcm d\u00fcnyay\u0131 dola\u015fan ve par\u00e7alar\u0131 Londra&#8217;da bir araya gelen bir bilmece \u00e7\u0131kar\u0131yor. <\/p>\n","protected":false},"excerpt":{"rendered":"<p>Ba\u011f\u0131ml\u0131l\u0131k yapacak kadar iyi-Times-Durup beauman&#8217;\u0131n e\u015fsiz yetene\u011fini ve \u00f6zg\u00fcnl\u00fc\u011f\u00fcn\u00fc kutlama zaman\u0131 -Guardian- Bir g\u00fcn\u00fc 25 saat olarak alg\u0131lamas\u0131na sebep olan tuhaf bir rahats\u0131zl\u0131ktan mustarip Londral\u0131 bir<span class=\"excerpt-hellip\"> [\u2026]<\/span><\/p>\n","protected":false},"featured_media":0,"template":"","meta":{"_monsterinsights_skip_tracking":false,"_monsterinsights_sitenote_active":false,"_monsterinsights_sitenote_note":"","_monsterinsights_sitenote_category":0},"product_brand":[],"product_cat":[12718,18102,12719],"product_tag":[],"class_list":{"0":"post-699484","1":"product","2":"type-product","3":"status-publish","5":"product_cat-din","6":"product_cat-edebiyat-roman","7":"product_cat-islam","8":"pa_cilt-ciltsiz","9":"pa_tur-kitap","10":"pa_yayinevi-domingo-yayinevi","11":"pa_yazar-ned-beauman","13":"first","14":"instock","15":"sale","16":"shipping-taxable","17":"purchasable","18":"product-type-simple"},"_links":{"self":[{"href":"https:\/\/roveyayinevi.com.tr\/index.php\/wp-json\/wp\/v2\/product\/699484","targetHints":{"allow":["GET"]}}],"collection":[{"href":"https:\/\/roveyayinevi.com.tr\/index.php\/wp-json\/wp\/v2\/product"}],"about":[{"href":"https:\/\/roveyayinevi.com.tr\/index.php\/wp-json\/wp\/v2\/types\/product"}],"wp:attachment":[{"href":"https:\/\/roveyayinevi.com.tr\/index.php\/wp-json\/wp\/v2\/media?parent=699484"}],"wp:term":[{"taxonomy":"product_brand","embeddable":true,"href":"https:\/\/roveyayinevi.com.tr\/index.php\/wp-json\/wp\/v2\/product_brand?post=699484"},{"taxonomy":"product_cat","embeddable":true,"href":"https:\/\/roveyayinevi.com.tr\/index.php\/wp-json\/wp\/v2\/product_cat?post=699484"},{"taxonomy":"product_tag","embeddable":true,"href":"https:\/\/roveyayinevi.com.tr\/index.php\/wp-json\/wp\/v2\/product_tag?post=699484"}],"curies":[{"name":"wp","href":"https:\/\/api.w.org\/{rel}","templated":true}]}}