{"id":699483,"date":"2025-08-27T14:51:22","date_gmt":"2025-08-27T11:51:22","guid":{"rendered":"https:\/\/roveyayinevi.com.tr\/index.php\/urun\/siz-olsaydiniz-ne-yapardiniz\/"},"modified":"2026-04-16T02:08:48","modified_gmt":"2026-04-15T23:08:48","slug":"siz-olsaydiniz-ne-yapardiniz","status":"publish","type":"product","link":"https:\/\/roveyayinevi.com.tr\/index.php\/urun\/siz-olsaydiniz-ne-yapardiniz\/","title":{"rendered":"Siz Olsayd\u0131n\u0131z Ne Yapard\u0131n\u0131z?"},"content":{"rendered":"<p>Merhaba! \u0130\u015fte size iki yeni arkada\u015f daha! \u0130rem ile Kerem\u2019den s\u00f6z ediyorum. Onlar kitab\u0131m\u0131z\u0131n kahramanlar\u0131&#8230; Asl\u0131nda ikisi de \u00e7ok sevimli, \u00e7ok ak\u0131ll\u0131. Yine de zaman zaman beklenmedik yaramazl\u0131klar yapabiliyorlar. Ba\u015flar\u0131ndan ge\u00e7enleri okurken, Hi\u00e7 b\u00f6yle \u015fey olur mu? ya da Do\u011frusu bu yapt\u0131klar\u0131 yanl\u0131\u015f. diye onaylamad\u0131\u011f\u0131m\u0131z davran\u0131\u015flarla kar\u015f\u0131la\u015faca\u011f\u0131z. Hatta bazen kendimizi bir aynaya bakarm\u0131\u015f gibi de hissedebiliriz. Baz\u0131 olaylar kar\u015f\u0131s\u0131nda, Ben olsayd\u0131m b\u00f6yle yapmazd\u0131m. dedi\u011fimiz de olacak.Kitab\u0131n sonunda, \u00f6yk\u00fclerde ge\u00e7en yanl\u0131\u015f davran\u0131\u015flar\u0131 bulacaks\u0131n\u0131z. Her \u00f6yk\u00fcn\u00fcn sonunda, size hatal\u0131 gelen davran\u0131\u015f ya da s\u00f6zc\u00fckleri bir kenara not edip, yan\u0131tlarla kar\u015f\u0131la\u015ft\u0131r\u0131n. Bakal\u0131m bu yanl\u0131\u015flar\u0131 siz de ilk okuyu\u015fta bulabilmi\u015f misiniz? \ufffcTan\u0131t\u0131m Metni<\/p>\n","protected":false},"excerpt":{"rendered":"<p>Merhaba! \u0130\u015fte size iki yeni arkada\u015f daha! \u0130rem ile Kerem\u2019den s\u00f6z ediyorum. Onlar kitab\u0131m\u0131z\u0131n kahramanlar\u0131&#8230; Asl\u0131nda ikisi de \u00e7ok sevimli, \u00e7ok ak\u0131ll\u0131. Yine de zaman zaman<span class=\"excerpt-hellip\"> [\u2026]<\/span><\/p>\n","protected":false},"featured_media":0,"template":"","meta":{"_monsterinsights_skip_tracking":false,"_monsterinsights_sitenote_active":false,"_monsterinsights_sitenote_note":"","_monsterinsights_sitenote_category":0},"product_brand":[],"product_cat":[12274,12649],"product_tag":[],"class_list":{"0":"post-699483","1":"product","2":"type-product","3":"status-publish","5":"product_cat-cocuk-ve-genclik-kitaplari","6":"product_cat-hobi-muzik","7":"pa_tur-kitap","8":"pa_yayinevi-altin-kitaplar-ozel-urun","9":"pa_yazar-nur-icozu","11":"first","12":"instock","13":"sale","14":"shipping-taxable","15":"purchasable","16":"product-type-simple"},"_links":{"self":[{"href":"https:\/\/roveyayinevi.com.tr\/index.php\/wp-json\/wp\/v2\/product\/699483","targetHints":{"allow":["GET"]}}],"collection":[{"href":"https:\/\/roveyayinevi.com.tr\/index.php\/wp-json\/wp\/v2\/product"}],"about":[{"href":"https:\/\/roveyayinevi.com.tr\/index.php\/wp-json\/wp\/v2\/types\/product"}],"wp:attachment":[{"href":"https:\/\/roveyayinevi.com.tr\/index.php\/wp-json\/wp\/v2\/media?parent=699483"}],"wp:term":[{"taxonomy":"product_brand","embeddable":true,"href":"https:\/\/roveyayinevi.com.tr\/index.php\/wp-json\/wp\/v2\/product_brand?post=699483"},{"taxonomy":"product_cat","embeddable":true,"href":"https:\/\/roveyayinevi.com.tr\/index.php\/wp-json\/wp\/v2\/product_cat?post=699483"},{"taxonomy":"product_tag","embeddable":true,"href":"https:\/\/roveyayinevi.com.tr\/index.php\/wp-json\/wp\/v2\/product_tag?post=699483"}],"curies":[{"name":"wp","href":"https:\/\/api.w.org\/{rel}","templated":true}]}}