{"id":699482,"date":"2025-08-27T14:51:22","date_gmt":"2025-08-27T11:51:22","guid":{"rendered":"https:\/\/roveyayinevi.com.tr\/index.php\/urun\/insan-felsefesi\/"},"modified":"2026-04-16T02:08:48","modified_gmt":"2026-04-15T23:08:48","slug":"insan-felsefesi","status":"publish","type":"product","link":"https:\/\/roveyayinevi.com.tr\/index.php\/urun\/insan-felsefesi\/","title":{"rendered":"\u0130nsan Felsefesi"},"content":{"rendered":"<p>&#8220;Camus&#8217;n\u00fcn s\u00f6z\u00fcn\u00fc biraz de\u011fi\u015ftirerek \u015f\u00f6yle s\u00f6yleyebiliriz: Ger\u00e7ekten \u00f6nemli olan tek felsefe sorusu &#8216;insan nedir?&#8217; sorusudur. Asl\u0131nda, b\u00fct\u00fcn felsefe tarihi boyunca yan\u0131t aran\u0131lan temel soru budur. B\u00fct\u00fcn olarak felsefi u\u011fra\u015f, insan\u0131n kendini tan\u0131ma \u00e7abas\u0131, insan\u0131n evrendeki yerinin ne oldu\u011funu \u00f6\u011frenme iste\u011fi ve yap\u0131p etmelerine, ya\u015fam\u0131na bir anlam verme u\u011fra\u015f\u0131d\u0131r. Di\u011ferleri bu u\u011fra\u015ftan do\u011fan t\u00fcrevsel sorulard\u0131r; &#8216;d\u00fcnyan\u0131n \u00fc\u00e7 boyutlu olup olmad\u0131\u011f\u0131, d\u00fc\u015f\u00fcncenin dokuz mu, yoksa on iki ulam\u0131 m\u0131 bulundu\u011fu, sonra gelir. Oyundur bunlar.&#8221; <\/p>\n","protected":false},"excerpt":{"rendered":"<p>&#8220;Camus&#8217;n\u00fcn s\u00f6z\u00fcn\u00fc biraz de\u011fi\u015ftirerek \u015f\u00f6yle s\u00f6yleyebiliriz: Ger\u00e7ekten \u00f6nemli olan tek felsefe sorusu &#8216;insan nedir?&#8217; sorusudur. Asl\u0131nda, b\u00fct\u00fcn felsefe tarihi boyunca yan\u0131t aran\u0131lan temel soru budur. B\u00fct\u00fcn<span class=\"excerpt-hellip\"> [\u2026]<\/span><\/p>\n","protected":false},"featured_media":0,"template":"","meta":{"_monsterinsights_skip_tracking":false,"_monsterinsights_sitenote_active":false,"_monsterinsights_sitenote_note":"","_monsterinsights_sitenote_category":0},"product_brand":[],"product_cat":[12388,13555],"product_tag":[],"class_list":{"0":"post-699482","1":"product","2":"type-product","3":"status-publish","5":"product_cat-felsefe","6":"product_cat-genel-felsefe","7":"pa_cilt-ciltsiz","8":"pa_tur-kitap","9":"pa_yayinevi-bilgesu-yayincilik","10":"pa_yazar-muttalip-ozcan","12":"first","13":"instock","14":"sale","15":"shipping-taxable","16":"purchasable","17":"product-type-simple"},"_links":{"self":[{"href":"https:\/\/roveyayinevi.com.tr\/index.php\/wp-json\/wp\/v2\/product\/699482","targetHints":{"allow":["GET"]}}],"collection":[{"href":"https:\/\/roveyayinevi.com.tr\/index.php\/wp-json\/wp\/v2\/product"}],"about":[{"href":"https:\/\/roveyayinevi.com.tr\/index.php\/wp-json\/wp\/v2\/types\/product"}],"wp:attachment":[{"href":"https:\/\/roveyayinevi.com.tr\/index.php\/wp-json\/wp\/v2\/media?parent=699482"}],"wp:term":[{"taxonomy":"product_brand","embeddable":true,"href":"https:\/\/roveyayinevi.com.tr\/index.php\/wp-json\/wp\/v2\/product_brand?post=699482"},{"taxonomy":"product_cat","embeddable":true,"href":"https:\/\/roveyayinevi.com.tr\/index.php\/wp-json\/wp\/v2\/product_cat?post=699482"},{"taxonomy":"product_tag","embeddable":true,"href":"https:\/\/roveyayinevi.com.tr\/index.php\/wp-json\/wp\/v2\/product_tag?post=699482"}],"curies":[{"name":"wp","href":"https:\/\/api.w.org\/{rel}","templated":true}]}}