{"id":699481,"date":"2025-08-27T14:51:22","date_gmt":"2025-08-27T11:51:22","guid":{"rendered":"https:\/\/roveyayinevi.com.tr\/index.php\/urun\/ejderha-avcilari-okulu-5-muhtesem-sovalyenin-sirri\/"},"modified":"2025-11-13T03:05:52","modified_gmt":"2025-11-13T00:05:52","slug":"ejderha-avcilari-okulu-5-muhtesem-sovalyenin-sirri","status":"publish","type":"product","link":"https:\/\/roveyayinevi.com.tr\/index.php\/urun\/ejderha-avcilari-okulu-5-muhtesem-sovalyenin-sirri\/","title":{"rendered":"Ejderha Avc\u0131lar\u0131 Okulu 5: Muhte\u015fem \u015e\u00f6valyenin S\u0131rr\u0131"},"content":{"rendered":"<p>Efsanevi \u015f\u00f6valye S\u00f6r Lancelot, Ejderha Avc\u0131lar\u0131 Okulu\u2019na geliyor!\u015e\u00f6valyeye hayran olan Erica, sevin\u00e7ten yerinde duram\u0131yor.Ama bu \u015f\u00f6valye bir tuhaf! Okudu\u011fu kitaplar sayesinde, bunu ilk fark eden Erica oluyor.Muhte\u015fem \u015f\u00f6valyenin as\u0131l niyeti ne?Ve geceleri okulda dola\u015fan g\u00f6lgeler neyin nesi? <\/p>\n","protected":false},"excerpt":{"rendered":"<p>Efsanevi \u015f\u00f6valye S\u00f6r Lancelot, Ejderha Avc\u0131lar\u0131 Okulu\u2019na geliyor!\u015e\u00f6valyeye hayran olan Erica, sevin\u00e7ten yerinde duram\u0131yor.Ama bu \u015f\u00f6valye bir tuhaf! Okudu\u011fu kitaplar sayesinde, bunu ilk fark eden Erica<span class=\"excerpt-hellip\"> [\u2026]<\/span><\/p>\n","protected":false},"featured_media":0,"template":"","meta":{"_monsterinsights_skip_tracking":false,"_monsterinsights_sitenote_active":false,"_monsterinsights_sitenote_note":"","_monsterinsights_sitenote_category":0},"product_brand":[],"product_cat":[12274,12284],"product_tag":[],"class_list":{"0":"post-699481","1":"product","2":"type-product","3":"status-publish","5":"product_cat-cocuk-ve-genclik-kitaplari","6":"product_cat-hikayeler","7":"pa_cilt-ciltsiz","8":"pa_tur-kitap","9":"pa_yayinevi-beyaz-balina-yayinlari","10":"pa_yazar-kate-mcmullan","12":"first","13":"instock","14":"sale","15":"shipping-taxable","16":"purchasable","17":"product-type-simple"},"_links":{"self":[{"href":"https:\/\/roveyayinevi.com.tr\/index.php\/wp-json\/wp\/v2\/product\/699481","targetHints":{"allow":["GET"]}}],"collection":[{"href":"https:\/\/roveyayinevi.com.tr\/index.php\/wp-json\/wp\/v2\/product"}],"about":[{"href":"https:\/\/roveyayinevi.com.tr\/index.php\/wp-json\/wp\/v2\/types\/product"}],"wp:attachment":[{"href":"https:\/\/roveyayinevi.com.tr\/index.php\/wp-json\/wp\/v2\/media?parent=699481"}],"wp:term":[{"taxonomy":"product_brand","embeddable":true,"href":"https:\/\/roveyayinevi.com.tr\/index.php\/wp-json\/wp\/v2\/product_brand?post=699481"},{"taxonomy":"product_cat","embeddable":true,"href":"https:\/\/roveyayinevi.com.tr\/index.php\/wp-json\/wp\/v2\/product_cat?post=699481"},{"taxonomy":"product_tag","embeddable":true,"href":"https:\/\/roveyayinevi.com.tr\/index.php\/wp-json\/wp\/v2\/product_tag?post=699481"}],"curies":[{"name":"wp","href":"https:\/\/api.w.org\/{rel}","templated":true}]}}