{"id":699477,"date":"2025-08-27T14:51:21","date_gmt":"2025-08-27T11:51:21","guid":{"rendered":"https:\/\/roveyayinevi.com.tr\/index.php\/urun\/irk-tarih-ve-kultur\/"},"modified":"2026-01-27T02:16:00","modified_gmt":"2026-01-26T23:16:00","slug":"irk-tarih-ve-kultur","status":"publish","type":"product","link":"https:\/\/roveyayinevi.com.tr\/index.php\/urun\/irk-tarih-ve-kultur\/","title":{"rendered":"Irk Tarih ve K\u00fclt\u00fcr"},"content":{"rendered":"<p>Kurtar\u0131lmas\u0131 gereken \u00e7e\u015fitlilik olgusudur; yoksa her tarihsel d\u00f6nemin ona verdi\u011fi ve hi\u00e7birinin kendisinin \u00f6tesine ge\u00e7emedi\u011fi tarihsel i\u00e7erik de\u011fil. Dolay\u0131s\u0131yla, u\u00e7 veren bu\u011fday kulak kabartmak, gizli kalm\u0131\u015f potansiyelleri y\u00fcreklendirmek, tarihin sakl\u0131 tuttu\u011fu t\u00fcm bir arada ya\u015fama e\u011filimlerini d\u00fcrt\u00fcklemek ve ayr\u0131ca al\u0131\u015f\u0131lagelmi\u015f \u015feyler sunmas\u0131 ka\u00e7\u0131n\u0131lmaz olan b\u00fct\u00fcn bu yeni toplumsal ifade bi\u00e7imlerini \u015fa\u015f\u0131rmaks\u0131z\u0131n, tiksinmeksizin, kar\u015f\u0131 \u00e7\u0131kmaks\u0131z\u0131n kar\u015f\u0131lamaya haz\u0131r olmak gerekmektedir.Ho\u015fg\u00f6r\u00fc, olmu\u015f ya da olan her \u015feyin ba\u011f\u0131\u015fland\u0131\u011f\u0131 h\u00fclyal\u0131 bir durum de\u011fildir. Ho\u015fg\u00f6r\u00fc, \u00f6nceden g\u00f6rmeye, anlamaya ve isteyeni istedi\u011fi yere y\u00fckseltmeye dayanan dinamik bir tutumdur. K\u00fclt\u00fcrlerin \u00e7e\u015fitlili\u011fi ard\u0131m\u0131zdad\u0131r. \u00c7evremizdedir. \u00d6n\u00fcm\u00fczdedir. Bu konuda talep edebilece\u011fimiz tek \u015fey, bu \u00e7e\u015fitlili\u011fin, her bi\u00e7imin di\u011ferleri i\u00e7in alabildi\u011fine c\u00f6mert bir katk\u0131 olu\u015fturaca\u011f\u0131 bir t\u00fcrde ger\u00e7ekle\u015ftirmesidir. Bu ise, her birey i\u00e7in bu talebe denk d\u00fc\u015fen y\u00fck\u00fcml\u00fcl\u00fckleri g\u00fcndeme getirir. <\/p>\n","protected":false},"excerpt":{"rendered":"<p>Kurtar\u0131lmas\u0131 gereken \u00e7e\u015fitlilik olgusudur; yoksa her tarihsel d\u00f6nemin ona verdi\u011fi ve hi\u00e7birinin kendisinin \u00f6tesine ge\u00e7emedi\u011fi tarihsel i\u00e7erik de\u011fil. Dolay\u0131s\u0131yla, u\u00e7 veren bu\u011fday kulak kabartmak, gizli kalm\u0131\u015f<span class=\"excerpt-hellip\"> [\u2026]<\/span><\/p>\n","protected":false},"featured_media":0,"template":"","meta":{"_monsterinsights_skip_tracking":false,"_monsterinsights_sitenote_active":false,"_monsterinsights_sitenote_note":"","_monsterinsights_sitenote_category":0},"product_brand":[],"product_cat":[15499,13488],"product_tag":[],"class_list":{"0":"post-699477","1":"product","2":"type-product","3":"status-publish","5":"product_cat-antropoloji","6":"product_cat-toplum-ve-insan","7":"pa_cilt-ciltsiz","8":"pa_tur-kitap","9":"pa_yayinevi-metis-yayinlari","10":"pa_yazar-claude-levi-strauss","12":"first","13":"instock","14":"sale","15":"shipping-taxable","16":"purchasable","17":"product-type-simple"},"_links":{"self":[{"href":"https:\/\/roveyayinevi.com.tr\/index.php\/wp-json\/wp\/v2\/product\/699477","targetHints":{"allow":["GET"]}}],"collection":[{"href":"https:\/\/roveyayinevi.com.tr\/index.php\/wp-json\/wp\/v2\/product"}],"about":[{"href":"https:\/\/roveyayinevi.com.tr\/index.php\/wp-json\/wp\/v2\/types\/product"}],"wp:attachment":[{"href":"https:\/\/roveyayinevi.com.tr\/index.php\/wp-json\/wp\/v2\/media?parent=699477"}],"wp:term":[{"taxonomy":"product_brand","embeddable":true,"href":"https:\/\/roveyayinevi.com.tr\/index.php\/wp-json\/wp\/v2\/product_brand?post=699477"},{"taxonomy":"product_cat","embeddable":true,"href":"https:\/\/roveyayinevi.com.tr\/index.php\/wp-json\/wp\/v2\/product_cat?post=699477"},{"taxonomy":"product_tag","embeddable":true,"href":"https:\/\/roveyayinevi.com.tr\/index.php\/wp-json\/wp\/v2\/product_tag?post=699477"}],"curies":[{"name":"wp","href":"https:\/\/api.w.org\/{rel}","templated":true}]}}