{"id":699467,"date":"2025-08-27T14:51:17","date_gmt":"2025-08-27T11:51:17","guid":{"rendered":"https:\/\/roveyayinevi.com.tr\/index.php\/urun\/narsizm-uzerine-ve-schreber-vakasi\/"},"modified":"2026-04-16T02:08:48","modified_gmt":"2026-04-15T23:08:48","slug":"narsizm-uzerine-ve-schreber-vakasi","status":"publish","type":"product","link":"https:\/\/roveyayinevi.com.tr\/index.php\/urun\/narsizm-uzerine-ve-schreber-vakasi\/","title":{"rendered":"Narsizm \u00dczerine ve Schreber Vakas\u0131"},"content":{"rendered":"<p>\u00d6tekini Dinlemek dizisinin ilk kitab\u0131nda Sigmund Freud\u2019un iki temel makalesini bir araya getirdik: Narsizm \u00dczerine Bir Giri\u015f ve kendi yazd\u0131\u011f\u0131 an\u0131lara dayanarak paranoyak bir ki\u015fili\u011fi \u00e7\u00f6z\u00fcmlemeye giri\u015fti\u011fi \u00fcnl\u00fc Schreber Vakas\u0131 . Yap\u0131tlar\u0131n i\u00e7ine do\u011fduklar\u0131 ko\u015fullar ve ba\u015fka d\u00fc\u015f\u00fcncelerle girdikleri etkile\u015fimler onlar\u0131 kavramakta bazen yap\u0131t\u0131n kendisinden bile fazla ipucu verir. Bu nedenle kitab\u0131m\u0131za Saffet Murat Tura\u2019n\u0131n her iki yap\u0131t\u0131n psikanaliz tarihindeki \u00f6nemleri \u00fczerine \u00f6ns\u00f6z\u00fcn\u00fc, Ra\u015fit T\u00fckel\u2019in ben ideali nin Freud\u2019un d\u00fc\u015f\u00fcnce geli\u015fimi i\u00e7inde izledi\u011fi yolu anlatt\u0131\u011f\u0131 makalesin ve D. Bloch\u2019un, Schreber vakas\u0131n\u0131 yazd\u0131\u011f\u0131 s\u0131rada Freud\u2019un ya\u015fam ko\u015fullar\u0131n\u0131 ele alarak yap\u0131t\u0131 irdeledi\u011fi, tart\u0131\u015fmalara yol a\u00e7m\u0131\u015f bir yaz\u0131s\u0131n\u0131 da eklemeyi uygun bulduk&#8230; \ufffcTan\u0131t\u0131m Metni<\/p>\n","protected":false},"excerpt":{"rendered":"<p>\u00d6tekini Dinlemek dizisinin ilk kitab\u0131nda Sigmund Freud\u2019un iki temel makalesini bir araya getirdik: Narsizm \u00dczerine Bir Giri\u015f ve kendi yazd\u0131\u011f\u0131 an\u0131lara dayanarak paranoyak bir ki\u015fili\u011fi \u00e7\u00f6z\u00fcmlemeye<span class=\"excerpt-hellip\"> [\u2026]<\/span><\/p>\n","protected":false},"featured_media":0,"template":"","meta":{"_monsterinsights_skip_tracking":false,"_monsterinsights_sitenote_active":false,"_monsterinsights_sitenote_note":"","_monsterinsights_sitenote_category":0},"product_brand":[],"product_cat":[12312,12304],"product_tag":[],"class_list":{"0":"post-699467","1":"product","2":"type-product","3":"status-publish","5":"product_cat-diger","6":"product_cat-tarih","7":"pa_cilt-ciltsiz","8":"pa_tur-kitap","9":"pa_yayinevi-metis-yayinlari","10":"pa_yazar-sigmund-freud","12":"first","13":"instock","14":"sale","15":"shipping-taxable","16":"purchasable","17":"product-type-simple"},"_links":{"self":[{"href":"https:\/\/roveyayinevi.com.tr\/index.php\/wp-json\/wp\/v2\/product\/699467","targetHints":{"allow":["GET"]}}],"collection":[{"href":"https:\/\/roveyayinevi.com.tr\/index.php\/wp-json\/wp\/v2\/product"}],"about":[{"href":"https:\/\/roveyayinevi.com.tr\/index.php\/wp-json\/wp\/v2\/types\/product"}],"wp:attachment":[{"href":"https:\/\/roveyayinevi.com.tr\/index.php\/wp-json\/wp\/v2\/media?parent=699467"}],"wp:term":[{"taxonomy":"product_brand","embeddable":true,"href":"https:\/\/roveyayinevi.com.tr\/index.php\/wp-json\/wp\/v2\/product_brand?post=699467"},{"taxonomy":"product_cat","embeddable":true,"href":"https:\/\/roveyayinevi.com.tr\/index.php\/wp-json\/wp\/v2\/product_cat?post=699467"},{"taxonomy":"product_tag","embeddable":true,"href":"https:\/\/roveyayinevi.com.tr\/index.php\/wp-json\/wp\/v2\/product_tag?post=699467"}],"curies":[{"name":"wp","href":"https:\/\/api.w.org\/{rel}","templated":true}]}}