{"id":699465,"date":"2025-08-27T14:51:17","date_gmt":"2025-08-27T11:51:17","guid":{"rendered":"https:\/\/roveyayinevi.com.tr\/index.php\/urun\/hayat-yollari-yedi-oyku\/"},"modified":"2026-04-16T02:08:48","modified_gmt":"2026-04-15T23:08:48","slug":"hayat-yollari-yedi-oyku","status":"publish","type":"product","link":"https:\/\/roveyayinevi.com.tr\/index.php\/urun\/hayat-yollari-yedi-oyku\/","title":{"rendered":"Hayat Yollar\u0131: Yedi \u00d6yk\u00fc"},"content":{"rendered":"<p>Psikanalist ve sosyolog Alice Miller, bu kitab\u0131nda yer alan yedi \u00f6yk\u00fcde birbirinden farkl\u0131 hayat deneyimlerini kahramanlar\u0131 arac\u0131l\u0131\u011f\u0131yla kar\u015f\u0131la\u015ft\u0131r\u0131yor ve bulu\u015fturuyor. Miller&#8217;\u0131n kahramanlar\u0131n\u0131n b\u00fcy\u00fck k\u0131sm\u0131 ise kad\u0131nlar. Toplama kamplar\u0131, diktat\u00f6rler, ensest, taciz, do\u011fum travmas\u0131, histeri, mesle\u011fini k\u00f6t\u00fcye kullanan terapistler, \u00f6z-sayg\u0131, ileti\u015fimsizlik, nefret\u2026 Yazar, her biri uzun hatta a\u011f\u0131r birer makalenin konusu olabilecek deneyim ve olgular\u0131, \u00f6rnek hik\u00e2yelerde rahatl\u0131kla anla\u015f\u0131l\u0131r bir tarzda okuyucuya sunuyor.<\/p>\n","protected":false},"excerpt":{"rendered":"<p>Psikanalist ve sosyolog Alice Miller, bu kitab\u0131nda yer alan yedi \u00f6yk\u00fcde birbirinden farkl\u0131 hayat deneyimlerini kahramanlar\u0131 arac\u0131l\u0131\u011f\u0131yla kar\u015f\u0131la\u015ft\u0131r\u0131yor ve bulu\u015fturuyor. Miller&#8217;\u0131n kahramanlar\u0131n\u0131n b\u00fcy\u00fck k\u0131sm\u0131 ise kad\u0131nlar.<span class=\"excerpt-hellip\"> [\u2026]<\/span><\/p>\n","protected":false},"featured_media":0,"template":"","meta":{"_monsterinsights_skip_tracking":false,"_monsterinsights_sitenote_active":false,"_monsterinsights_sitenote_note":"","_monsterinsights_sitenote_category":0},"product_brand":[],"product_cat":[12291,12745],"product_tag":[],"class_list":{"0":"post-699465","1":"product","2":"type-product","3":"status-publish","5":"product_cat-edebiyat","6":"product_cat-tarihi-roman","7":"pa_cilt-ciltsiz","8":"pa_tur-kitap","9":"pa_yayinevi-metis-yayinlari","10":"pa_yazar-alice-miller","12":"first","13":"instock","14":"sale","15":"shipping-taxable","16":"purchasable","17":"product-type-simple"},"_links":{"self":[{"href":"https:\/\/roveyayinevi.com.tr\/index.php\/wp-json\/wp\/v2\/product\/699465","targetHints":{"allow":["GET"]}}],"collection":[{"href":"https:\/\/roveyayinevi.com.tr\/index.php\/wp-json\/wp\/v2\/product"}],"about":[{"href":"https:\/\/roveyayinevi.com.tr\/index.php\/wp-json\/wp\/v2\/types\/product"}],"wp:attachment":[{"href":"https:\/\/roveyayinevi.com.tr\/index.php\/wp-json\/wp\/v2\/media?parent=699465"}],"wp:term":[{"taxonomy":"product_brand","embeddable":true,"href":"https:\/\/roveyayinevi.com.tr\/index.php\/wp-json\/wp\/v2\/product_brand?post=699465"},{"taxonomy":"product_cat","embeddable":true,"href":"https:\/\/roveyayinevi.com.tr\/index.php\/wp-json\/wp\/v2\/product_cat?post=699465"},{"taxonomy":"product_tag","embeddable":true,"href":"https:\/\/roveyayinevi.com.tr\/index.php\/wp-json\/wp\/v2\/product_tag?post=699465"}],"curies":[{"name":"wp","href":"https:\/\/api.w.org\/{rel}","templated":true}]}}