{"id":699464,"date":"2025-08-27T14:51:17","date_gmt":"2025-08-27T11:51:17","guid":{"rendered":"https:\/\/roveyayinevi.com.tr\/index.php\/urun\/son-tiryaki\/"},"modified":"2026-04-16T02:08:48","modified_gmt":"2026-04-15T23:08:48","slug":"son-tiryaki","status":"publish","type":"product","link":"https:\/\/roveyayinevi.com.tr\/index.php\/urun\/son-tiryaki\/","title":{"rendered":"Son Tiryaki"},"content":{"rendered":"<p>Bir t\u00fcrl\u00fc \u00e7al\u0131\u015ft\u0131r\u0131lamayan aile yadig\u00e2r\u0131 bir transfer makinas\u0131, d\u00fcnyay\u0131 dev bir et besi \u00e7iftli\u011fi olarak g\u00f6ren uzayl\u0131 bir yarat\u0131k, sigaran\u0131n tamamen yasakland\u0131\u011f\u0131 D\u00fcnyadan ka\u00e7an bir tiryaki, insano\u011fluna \u00e2\u015f\u0131k olan bir peri k\u0131z\u0131, t\u00fcm ya\u015fayanlar\u0131n ac\u0131s\u0131n\u0131 \u00e7ekmesi i\u00e7in yap\u0131lm\u0131\u015f bir robot, ba\u015fka bir olas\u0131l\u0131k d\u00fczeyinden gelen ve D\u00fcnyal\u0131 erkeklere bay\u0131lan bir kad\u0131n, uzaydan geldi\u011fini iddia eden bir ayya\u015f, d\u00fcnyan\u0131n yok olan y\u00fczeyinden yeralt\u0131na ka\u00e7an ve orada \u201cm\u00fckemmel\u201d bir d\u00fczen kuran insanlar&#8230; Son Tiryaki\u2019nin masal-bilimkurgu evreninde tan\u0131\u015facaklar\u0131n\u0131zdan baz\u0131lar\u0131. \u201cHardcore\u201d bilimkurgudan peri masal\u0131na, Aziz Nesin hik\u00e2yelerinin tad\u0131n\u0131 and\u0131ran ve son derece T\u00fcrkiye\u2019ye \u00f6zg\u00fc mizahi bilimkurgu \u00f6yk\u00fclerinden karanl\u0131k bir anti-\u00fctopyaya kadar de\u011fi\u015fik alt t\u00fcrlerde yirmi \u00fc\u00e7 \u00f6yk\u00fc. \u0130lk kez 1996\u2019da yay\u0131mlad\u0131\u011f\u0131m\u0131z kitab\u0131n bu geni\u015fletilmi\u015f bas\u0131m\u0131 \u00f6zellikle yeni ku\u015fak okurlar\u0131m\u0131z i\u00e7in&#8230;   YAZAR HAKKINDA: M\u00fcfit \u00d6zde\u015f 1943, Ankara do\u011fumlu. \u00c7ocuklu\u011fu ve gen\u00e7li\u011fi \u0130stanbul\u2019da ge\u00e7ti. ODT\u00dc\u2019de Elektrik M\u00fchendisli\u011fi ve Ekonomi okudu. 60\u2019l\u0131 y\u0131llardaki gen\u00e7lik hareketlerine kat\u0131larak \u00f6\u011frenimini yar\u0131da b\u0131rakt\u0131. 1971\u2019 den sonra bir s\u00fcre Beyrut ve Oslo\u2019da ya\u015fad\u0131, 1975\u2019te T\u00fcrkiye\u2019ye d\u00f6nd\u00fc. 68 ku\u015fa\u011f\u0131ndan bir bilimkurgu merakl\u0131s\u0131d\u0131r. Metis\u2019te yay\u0131mlad\u0131\u011f\u0131m\u0131z Asker Ka\u00e7a\u011f\u0131 bilimkurgu \u00f6yk\u00fc derlemesinde bir \u00f6yk\u00fcs\u00fc yay\u0131mlanm\u0131\u015ft\u0131r. \u0130lk kez 1996\u2019da yay\u0131mlad\u0131\u011f\u0131m\u0131z Son Tiryaki yazar\u0131n ilk bilimkurgu kitab\u0131. <\/p>\n","protected":false},"excerpt":{"rendered":"<p>Bir t\u00fcrl\u00fc \u00e7al\u0131\u015ft\u0131r\u0131lamayan aile yadig\u00e2r\u0131 bir transfer makinas\u0131, d\u00fcnyay\u0131 dev bir et besi \u00e7iftli\u011fi olarak g\u00f6ren uzayl\u0131 bir yarat\u0131k, sigaran\u0131n tamamen yasakland\u0131\u011f\u0131 D\u00fcnyadan ka\u00e7an bir tiryaki,<span class=\"excerpt-hellip\"> [\u2026]<\/span><\/p>\n","protected":false},"featured_media":0,"template":"","meta":{"_monsterinsights_skip_tracking":false,"_monsterinsights_sitenote_active":false,"_monsterinsights_sitenote_note":"","_monsterinsights_sitenote_category":0},"product_brand":[],"product_cat":[12540,12291],"product_tag":[],"class_list":{"0":"post-699464","1":"product","2":"type-product","3":"status-publish","5":"product_cat-bilim-kurgu","6":"product_cat-edebiyat","7":"pa_cilt-ciltsiz","8":"pa_tur-kitap","9":"pa_yayinevi-metis-yayinlari","10":"pa_yazar-mufit-ozdes","12":"first","13":"instock","14":"sale","15":"shipping-taxable","16":"purchasable","17":"product-type-simple"},"_links":{"self":[{"href":"https:\/\/roveyayinevi.com.tr\/index.php\/wp-json\/wp\/v2\/product\/699464","targetHints":{"allow":["GET"]}}],"collection":[{"href":"https:\/\/roveyayinevi.com.tr\/index.php\/wp-json\/wp\/v2\/product"}],"about":[{"href":"https:\/\/roveyayinevi.com.tr\/index.php\/wp-json\/wp\/v2\/types\/product"}],"wp:attachment":[{"href":"https:\/\/roveyayinevi.com.tr\/index.php\/wp-json\/wp\/v2\/media?parent=699464"}],"wp:term":[{"taxonomy":"product_brand","embeddable":true,"href":"https:\/\/roveyayinevi.com.tr\/index.php\/wp-json\/wp\/v2\/product_brand?post=699464"},{"taxonomy":"product_cat","embeddable":true,"href":"https:\/\/roveyayinevi.com.tr\/index.php\/wp-json\/wp\/v2\/product_cat?post=699464"},{"taxonomy":"product_tag","embeddable":true,"href":"https:\/\/roveyayinevi.com.tr\/index.php\/wp-json\/wp\/v2\/product_tag?post=699464"}],"curies":[{"name":"wp","href":"https:\/\/api.w.org\/{rel}","templated":true}]}}