{"id":699462,"date":"2025-08-27T14:51:16","date_gmt":"2025-08-27T11:51:16","guid":{"rendered":"https:\/\/roveyayinevi.com.tr\/index.php\/urun\/hukuk-sosyolojisine-giris\/"},"modified":"2026-04-16T02:08:48","modified_gmt":"2026-04-15T23:08:48","slug":"hukuk-sosyolojisine-giris","status":"publish","type":"product","link":"https:\/\/roveyayinevi.com.tr\/index.php\/urun\/hukuk-sosyolojisine-giris\/","title":{"rendered":"Hukuk Sosyolojisine Giri\u015f"},"content":{"rendered":"<p>Hukuk Sosyolojisinin amac\u0131, hukuk\u00e7uya u\u011fra\u015f konusu olan hukukun kural ve ide boyutlar\u0131 d\u0131\u015f\u0131nda kalan toplumsal y\u00f6n\u00fcn\u00fc g\u00f6stermek; hukukun toplumsal ya\u015famdan nas\u0131l do\u011fup geli\u015fti\u011fini, etkilendi\u011fini anlatmakt\u0131r. \u0130yi bir hukuk\u00e7u, hukuk ile toplumsal ya\u015fam aras\u0131ndaki kar\u015f\u0131l\u0131kl\u0131 ili\u015fki ve etkile\u015fimi s\u00fcrekli g\u00f6z\u00f6n\u00fcnde bulundurmak, kurallar\u0131n gerisinde kayna\u015fan t\u00fcrl\u00fc toplumsal, ekonomik, k\u00fclt\u00fcrel ili\u015fkilerin \u00e7\u0131kar dengelerinin varl\u0131\u011f\u0131n\u0131n kabullenmek zorundad\u0131r. Hukukun as\u0131l yarat\u0131c\u0131 toplumsal ya\u015fam\u0131n ta kendisidir. \u0130\u015fte bu kitapta belirtme\u011fe \u00e7al\u0131\u015ft\u0131\u011f\u0131m belli ba\u015fl\u0131 esaslar\u0131n \u00f6zeti bundan ibarettir. <\/p>\n","protected":false},"excerpt":{"rendered":"<p>Hukuk Sosyolojisinin amac\u0131, hukuk\u00e7uya u\u011fra\u015f konusu olan hukukun kural ve ide boyutlar\u0131 d\u0131\u015f\u0131nda kalan toplumsal y\u00f6n\u00fcn\u00fc g\u00f6stermek; hukukun toplumsal ya\u015famdan nas\u0131l do\u011fup geli\u015fti\u011fini, etkilendi\u011fini anlatmakt\u0131r. \u0130yi<span class=\"excerpt-hellip\"> [\u2026]<\/span><\/p>\n","protected":false},"featured_media":0,"template":"","meta":{"_monsterinsights_skip_tracking":false,"_monsterinsights_sitenote_active":false,"_monsterinsights_sitenote_note":"","_monsterinsights_sitenote_category":0},"product_brand":[],"product_cat":[12835,12324],"product_tag":[],"class_list":{"0":"post-699462","1":"product","2":"type-product","3":"status-publish","5":"product_cat-genel-sosyoloji","6":"product_cat-sosyoloji","7":"pa_tur-kitap","8":"pa_yayinevi-siyasal-kitabevi-akademik-kitaplar","9":"pa_yazar-ulker-gurkan","11":"first","12":"instock","13":"sale","14":"shipping-taxable","15":"purchasable","16":"product-type-simple"},"_links":{"self":[{"href":"https:\/\/roveyayinevi.com.tr\/index.php\/wp-json\/wp\/v2\/product\/699462","targetHints":{"allow":["GET"]}}],"collection":[{"href":"https:\/\/roveyayinevi.com.tr\/index.php\/wp-json\/wp\/v2\/product"}],"about":[{"href":"https:\/\/roveyayinevi.com.tr\/index.php\/wp-json\/wp\/v2\/types\/product"}],"wp:attachment":[{"href":"https:\/\/roveyayinevi.com.tr\/index.php\/wp-json\/wp\/v2\/media?parent=699462"}],"wp:term":[{"taxonomy":"product_brand","embeddable":true,"href":"https:\/\/roveyayinevi.com.tr\/index.php\/wp-json\/wp\/v2\/product_brand?post=699462"},{"taxonomy":"product_cat","embeddable":true,"href":"https:\/\/roveyayinevi.com.tr\/index.php\/wp-json\/wp\/v2\/product_cat?post=699462"},{"taxonomy":"product_tag","embeddable":true,"href":"https:\/\/roveyayinevi.com.tr\/index.php\/wp-json\/wp\/v2\/product_tag?post=699462"}],"curies":[{"name":"wp","href":"https:\/\/api.w.org\/{rel}","templated":true}]}}