{"id":699461,"date":"2025-08-27T14:51:16","date_gmt":"2025-08-27T11:51:16","guid":{"rendered":"https:\/\/roveyayinevi.com.tr\/index.php\/urun\/hukuk-baslangici\/"},"modified":"2026-04-16T02:08:48","modified_gmt":"2026-04-15T23:08:48","slug":"hukuk-baslangici","status":"publish","type":"product","link":"https:\/\/roveyayinevi.com.tr\/index.php\/urun\/hukuk-baslangici\/","title":{"rendered":"Hukuk Ba\u015flang\u0131c\u0131"},"content":{"rendered":"<p>Kitapta, bilimsel y\u00f6ntemlerle incelenecek hukuk olgusu ile yeni tan\u0131\u015fan bir kimseye, bu disiplinin konusu, kaynaklar\u0131, y\u00f6ntemi hakk\u0131nda genel bilgi vermek; \u00f6\u011frenciyi hukuk dallar\u0131 hakk\u0131nda bilgilendirmek ve hukuk\u00ee d\u00fc\u015f\u00fcnce tarz\u0131n\u0131 ona g\u00f6stermek ama\u00e7lanmaktad\u0131r.Kitapta yeni T\u00fcrk Ceza Kanunu ve T\u00fcrk Medeni Kanunu gibi temel kurallar g\u00f6zetilerek, g\u00fcn\u00fcm\u00fczde mevcut en son d\u00fczenlemeler \u0131\u015f\u0131\u011f\u0131nda g\u00fcncel bir kaynak olu\u015fturmaya \u00e7al\u0131\u015f\u0131lm\u0131\u015ft\u0131r.Konu Ba\u015fl\u0131klar\u0131;- Topluk ve Hukuk- Hukuk D\u00fczeni- Hukukun Temel Kavramlar\u0131 ve Kurumlar\u0131- Hukuk Ak\u0131mlar\u0131<\/p>\n","protected":false},"excerpt":{"rendered":"<p>Kitapta, bilimsel y\u00f6ntemlerle incelenecek hukuk olgusu ile yeni tan\u0131\u015fan bir kimseye, bu disiplinin konusu, kaynaklar\u0131, y\u00f6ntemi hakk\u0131nda genel bilgi vermek; \u00f6\u011frenciyi hukuk dallar\u0131 hakk\u0131nda bilgilendirmek ve<span class=\"excerpt-hellip\"> [\u2026]<\/span><\/p>\n","protected":false},"featured_media":0,"template":"","meta":{"_monsterinsights_skip_tracking":false,"_monsterinsights_sitenote_active":false,"_monsterinsights_sitenote_note":"","_monsterinsights_sitenote_category":0},"product_brand":[],"product_cat":[15351,15350],"product_tag":[],"class_list":{"0":"post-699461","1":"product","2":"type-product","3":"status-publish","5":"product_cat-ders-kitaplari","6":"product_cat-hukuk","7":"pa_cilt-ciltsiz","8":"pa_tur-kitap","9":"pa_yayinevi-siyasal-kitabevi-akademik-kitaplar","10":"pa_yazar-adnan-guriz","12":"first","13":"instock","14":"sale","15":"shipping-taxable","16":"purchasable","17":"product-type-simple"},"_links":{"self":[{"href":"https:\/\/roveyayinevi.com.tr\/index.php\/wp-json\/wp\/v2\/product\/699461","targetHints":{"allow":["GET"]}}],"collection":[{"href":"https:\/\/roveyayinevi.com.tr\/index.php\/wp-json\/wp\/v2\/product"}],"about":[{"href":"https:\/\/roveyayinevi.com.tr\/index.php\/wp-json\/wp\/v2\/types\/product"}],"wp:attachment":[{"href":"https:\/\/roveyayinevi.com.tr\/index.php\/wp-json\/wp\/v2\/media?parent=699461"}],"wp:term":[{"taxonomy":"product_brand","embeddable":true,"href":"https:\/\/roveyayinevi.com.tr\/index.php\/wp-json\/wp\/v2\/product_brand?post=699461"},{"taxonomy":"product_cat","embeddable":true,"href":"https:\/\/roveyayinevi.com.tr\/index.php\/wp-json\/wp\/v2\/product_cat?post=699461"},{"taxonomy":"product_tag","embeddable":true,"href":"https:\/\/roveyayinevi.com.tr\/index.php\/wp-json\/wp\/v2\/product_tag?post=699461"}],"curies":[{"name":"wp","href":"https:\/\/api.w.org\/{rel}","templated":true}]}}