{"id":699460,"date":"2025-08-27T14:51:15","date_gmt":"2025-08-27T11:51:15","guid":{"rendered":"https:\/\/roveyayinevi.com.tr\/index.php\/urun\/eglenceli-bilmece-tuneli-profesor-iyon-ile-fen-2\/"},"modified":"2026-04-16T02:08:48","modified_gmt":"2026-04-15T23:08:48","slug":"eglenceli-bilmece-tuneli-profesor-iyon-ile-fen-2","status":"publish","type":"product","link":"https:\/\/roveyayinevi.com.tr\/index.php\/urun\/eglenceli-bilmece-tuneli-profesor-iyon-ile-fen-2\/","title":{"rendered":"E\u011flenceli Bilmece T\u00fcneli : Profes\u00f6r \u0130yon \u0130le Fen 2"},"content":{"rendered":"<p>\u0130nci, yeni \u00f6\u011fretmenine pek al\u0131\u015famad\u0131. D\u00fcnya\u2019n\u0131n yap\u0131s\u0131 ile ilgili \u00f6\u011fretmeni ne anlatt\u0131ysa, \u0130nci hi\u00e7birine inanmad\u0131. Neyse ki Fen Gezegeni\u2019nin \u00e7ocuklara yard\u0131m etmeyi g\u00f6rev edinmi\u015f Ba\u015fkan\u0131 Profes\u00f6r \u0130yon var! Uzman Lava, e\u011flence merkezine kurdu\u011fu yepyeni bir oyun alan\u0131 ile \u0130nci\u2019nin macera dolu ve e\u011fitici bir g\u00fcn ge\u00e7irmesini sa\u011flar. \ufffcTan\u0131t\u0131m Metni<\/p>\n","protected":false},"excerpt":{"rendered":"<p>\u0130nci, yeni \u00f6\u011fretmenine pek al\u0131\u015famad\u0131. D\u00fcnya\u2019n\u0131n yap\u0131s\u0131 ile ilgili \u00f6\u011fretmeni ne anlatt\u0131ysa, \u0130nci hi\u00e7birine inanmad\u0131. Neyse ki Fen Gezegeni\u2019nin \u00e7ocuklara yard\u0131m etmeyi g\u00f6rev edinmi\u015f Ba\u015fkan\u0131 Profes\u00f6r<span class=\"excerpt-hellip\"> [\u2026]<\/span><\/p>\n","protected":false},"featured_media":0,"template":"","meta":{"_monsterinsights_skip_tracking":false,"_monsterinsights_sitenote_active":false,"_monsterinsights_sitenote_note":"","_monsterinsights_sitenote_category":0},"product_brand":[],"product_cat":[13829,12274],"product_tag":[],"class_list":{"0":"post-699460","1":"product","2":"type-product","3":"status-publish","5":"product_cat-bilimsel-kitaplar","6":"product_cat-cocuk-ve-genclik-kitaplari","7":"pa_cilt-ciltsiz","8":"pa_tur-kitap","9":"pa_yayinevi-timas-cocuk","10":"pa_yazar-birsen-ekim-ozen","12":"first","13":"instock","14":"sale","15":"shipping-taxable","16":"purchasable","17":"product-type-simple"},"_links":{"self":[{"href":"https:\/\/roveyayinevi.com.tr\/index.php\/wp-json\/wp\/v2\/product\/699460","targetHints":{"allow":["GET"]}}],"collection":[{"href":"https:\/\/roveyayinevi.com.tr\/index.php\/wp-json\/wp\/v2\/product"}],"about":[{"href":"https:\/\/roveyayinevi.com.tr\/index.php\/wp-json\/wp\/v2\/types\/product"}],"wp:attachment":[{"href":"https:\/\/roveyayinevi.com.tr\/index.php\/wp-json\/wp\/v2\/media?parent=699460"}],"wp:term":[{"taxonomy":"product_brand","embeddable":true,"href":"https:\/\/roveyayinevi.com.tr\/index.php\/wp-json\/wp\/v2\/product_brand?post=699460"},{"taxonomy":"product_cat","embeddable":true,"href":"https:\/\/roveyayinevi.com.tr\/index.php\/wp-json\/wp\/v2\/product_cat?post=699460"},{"taxonomy":"product_tag","embeddable":true,"href":"https:\/\/roveyayinevi.com.tr\/index.php\/wp-json\/wp\/v2\/product_tag?post=699460"}],"curies":[{"name":"wp","href":"https:\/\/api.w.org\/{rel}","templated":true}]}}