{"id":699457,"date":"2025-08-27T14:51:15","date_gmt":"2025-08-27T11:51:15","guid":{"rendered":"https:\/\/roveyayinevi.com.tr\/index.php\/urun\/balikcil-gozu\/"},"modified":"2026-02-03T02:14:38","modified_gmt":"2026-02-02T23:14:38","slug":"balikcil-gozu","status":"publish","type":"product","link":"https:\/\/roveyayinevi.com.tr\/index.php\/urun\/balikcil-gozu\/","title":{"rendered":"Bal\u0131k\u00e7\u0131l G\u00f6z\u00fc"},"content":{"rendered":"<p>Victoria&#8217;ya D\u00fcnya&#8217;dan \u00fc\u00e7 t\u00fcrl\u00fc yarat\u0131k geldi: insano\u011flu, Bitler ve \u015fantiyeliler.&#8221;Bana \u00f6yle geliyor ki, erkeklerin zay\u0131f ve tehlikeli olduklar\u0131 nokta, kibirleri. Kad\u0131n\u0131n bir merkezi vard\u0131r, bir merkezdir kad\u0131n. Ama erkekler \u00f6yle de\u011fil, onlar eri\u015fmektir, uzanmakt\u0131r. O y\u00fczden uzan\u0131rlar ve bir \u015feyler kopar\u0131rlar, bunlar\u0131 etraflar\u0131na istif ederler ve &#8216;ben buyum, ben \u015fuyum, bu benim, \u015fu da benim, benim en oldu\u011fumu size kan\u0131tlayaca\u011f\u0131m&#8217;, derler. Ve bunu kan\u0131tlayay\u0131m derken de, bir \u00e7uval inciri berbat ederler.&#8221;<\/p>\n","protected":false},"excerpt":{"rendered":"<p>Victoria&#8217;ya D\u00fcnya&#8217;dan \u00fc\u00e7 t\u00fcrl\u00fc yarat\u0131k geldi: insano\u011flu, Bitler ve \u015fantiyeliler.&#8221;Bana \u00f6yle geliyor ki, erkeklerin zay\u0131f ve tehlikeli olduklar\u0131 nokta, kibirleri. Kad\u0131n\u0131n bir merkezi vard\u0131r, bir merkezdir<span class=\"excerpt-hellip\"> [\u2026]<\/span><\/p>\n","protected":false},"featured_media":0,"template":"","meta":{"_monsterinsights_skip_tracking":false,"_monsterinsights_sitenote_active":false,"_monsterinsights_sitenote_note":"","_monsterinsights_sitenote_category":0},"product_brand":[],"product_cat":[12540,12291],"product_tag":[],"class_list":{"0":"post-699457","1":"product","2":"type-product","3":"status-publish","5":"product_cat-bilim-kurgu","6":"product_cat-edebiyat","7":"pa_cilt-ciltsiz","8":"pa_tur-kitap","9":"pa_yayinevi-metis-yayinlari","10":"pa_yazar-ursula-k-le-guin","12":"first","13":"instock","14":"sale","15":"shipping-taxable","16":"purchasable","17":"product-type-simple"},"_links":{"self":[{"href":"https:\/\/roveyayinevi.com.tr\/index.php\/wp-json\/wp\/v2\/product\/699457","targetHints":{"allow":["GET"]}}],"collection":[{"href":"https:\/\/roveyayinevi.com.tr\/index.php\/wp-json\/wp\/v2\/product"}],"about":[{"href":"https:\/\/roveyayinevi.com.tr\/index.php\/wp-json\/wp\/v2\/types\/product"}],"wp:attachment":[{"href":"https:\/\/roveyayinevi.com.tr\/index.php\/wp-json\/wp\/v2\/media?parent=699457"}],"wp:term":[{"taxonomy":"product_brand","embeddable":true,"href":"https:\/\/roveyayinevi.com.tr\/index.php\/wp-json\/wp\/v2\/product_brand?post=699457"},{"taxonomy":"product_cat","embeddable":true,"href":"https:\/\/roveyayinevi.com.tr\/index.php\/wp-json\/wp\/v2\/product_cat?post=699457"},{"taxonomy":"product_tag","embeddable":true,"href":"https:\/\/roveyayinevi.com.tr\/index.php\/wp-json\/wp\/v2\/product_tag?post=699457"}],"curies":[{"name":"wp","href":"https:\/\/api.w.org\/{rel}","templated":true}]}}