{"id":699454,"date":"2025-08-27T14:51:14","date_gmt":"2025-08-27T11:51:14","guid":{"rendered":"https:\/\/roveyayinevi.com.tr\/index.php\/urun\/yayazula\/"},"modified":"2026-04-16T02:08:48","modified_gmt":"2026-04-15T23:08:48","slug":"yayazula","status":"publish","type":"product","link":"https:\/\/roveyayinevi.com.tr\/index.php\/urun\/yayazula\/","title":{"rendered":"Yayazula"},"content":{"rendered":"<p>\u201cMinik f\u0131nd\u0131k faresi gezintiye \u00e7\u0131kt\u0131. Karanl\u0131k orman\u0131n i\u00e7inde. Tilki g\u00f6rd\u00fc fareyi Mmm, dedi, \u015funu indirsem mideye.\u201d Karanl\u0131k orman\u0131n i\u00e7inde biraz daha ilerle, tak\u0131l cin gibi zeki farenin pe\u015fine, g\u00f6r bak ba\u015f\u0131na neler gelecek, bayku\u015fla, y\u0131lanla ve karn\u0131 ac\u0131km\u0131\u015f yayazula ile nas\u0131l ba\u015f edecek\u2026 <\/p>\n","protected":false},"excerpt":{"rendered":"<p>\u201cMinik f\u0131nd\u0131k faresi gezintiye \u00e7\u0131kt\u0131. Karanl\u0131k orman\u0131n i\u00e7inde. Tilki g\u00f6rd\u00fc fareyi Mmm, dedi, \u015funu indirsem mideye.\u201d Karanl\u0131k orman\u0131n i\u00e7inde biraz daha ilerle, tak\u0131l cin gibi zeki<span class=\"excerpt-hellip\"> [\u2026]<\/span><\/p>\n","protected":false},"featured_media":0,"template":"","meta":{"_monsterinsights_skip_tracking":false,"_monsterinsights_sitenote_active":false,"_monsterinsights_sitenote_note":"","_monsterinsights_sitenote_category":0},"product_brand":[],"product_cat":[12312,12304],"product_tag":[],"class_list":{"0":"post-699454","1":"product","2":"type-product","3":"status-publish","5":"product_cat-diger","6":"product_cat-tarih","7":"pa_cilt-ciltsiz","8":"pa_tur-kitap","9":"pa_yayinevi-is-bankasi-kultur-yayinlari","10":"pa_yazar-julia-donaldson","12":"first","13":"instock","14":"sale","15":"shipping-taxable","16":"purchasable","17":"product-type-simple"},"_links":{"self":[{"href":"https:\/\/roveyayinevi.com.tr\/index.php\/wp-json\/wp\/v2\/product\/699454","targetHints":{"allow":["GET"]}}],"collection":[{"href":"https:\/\/roveyayinevi.com.tr\/index.php\/wp-json\/wp\/v2\/product"}],"about":[{"href":"https:\/\/roveyayinevi.com.tr\/index.php\/wp-json\/wp\/v2\/types\/product"}],"wp:attachment":[{"href":"https:\/\/roveyayinevi.com.tr\/index.php\/wp-json\/wp\/v2\/media?parent=699454"}],"wp:term":[{"taxonomy":"product_brand","embeddable":true,"href":"https:\/\/roveyayinevi.com.tr\/index.php\/wp-json\/wp\/v2\/product_brand?post=699454"},{"taxonomy":"product_cat","embeddable":true,"href":"https:\/\/roveyayinevi.com.tr\/index.php\/wp-json\/wp\/v2\/product_cat?post=699454"},{"taxonomy":"product_tag","embeddable":true,"href":"https:\/\/roveyayinevi.com.tr\/index.php\/wp-json\/wp\/v2\/product_tag?post=699454"}],"curies":[{"name":"wp","href":"https:\/\/api.w.org\/{rel}","templated":true}]}}