{"id":699453,"date":"2025-08-27T14:51:13","date_gmt":"2025-08-27T11:51:13","guid":{"rendered":"https:\/\/roveyayinevi.com.tr\/index.php\/urun\/pisagor-tepkisi\/"},"modified":"2025-11-22T03:06:08","modified_gmt":"2025-11-22T00:06:08","slug":"pisagor-tepkisi","status":"publish","type":"product","link":"https:\/\/roveyayinevi.com.tr\/index.php\/urun\/pisagor-tepkisi\/","title":{"rendered":"Pisagor Tepkisi"},"content":{"rendered":"<p>Lena, 24 ya\u015f\u0131nda.Gezi Direni\u015fi\u2019nin ilk sabah\u0131nda, ba\u015f\u0131na isabet eden gaz bombas\u0131 kaps\u00fcl\u00fcyle yaraland\u0131 . Belirsiz bir s\u00fcre i\u00e7in uyutulmas\u0131na karar verildi. B\u00fcy\u00fck bir ihtimalle ya\u015famayacak.Anastas, 28 ya\u015f\u0131nda.Lena\u2019n\u0131n a\u011fabeyi. \u0130lahiyat e\u011fitimi g\u00f6rd\u00fc. Akademisyen ve papaz. Karde\u015finin \u00f6lmeye yatmas\u0131 \u00fczerine, d\u00fcnyan\u0131n \u201cinsanl\u0131k halleri\u201dne, en iyi bildi\u011fi a\u00e7\u0131dan b\u00fcy\u00fck bir taarruz ba\u015flatt\u0131.Elif, 25 ya\u015f\u0131nda.Lena ile Gezi Direni\u015fi\u2019nde tan\u0131\u015ft\u0131. Ba\u015f\u0131ndan vurulan gen\u00e7 k\u0131z\u0131 hastaneye g\u00f6t\u00fcrd\u00fc. Anastas\u2019la Taksim Hastanesi\u2019nde kar\u015f\u0131la\u015ft\u0131 ve onunla birlikte hayat\u0131n\u0131 ortaya koyaca\u011f\u0131 bir m\u00fccadeleye giri\u015fti.Viktor, 28 ya\u015f\u0131nda.&#8221;Bogomilci\u201dnin \u00f6nde gideni. Anastas\u2019\u0131n okul arkada\u015f\u0131, papaz ve bir Ortodoks kilise m\u00fczi\u011fi uzman\u0131. Gezi Direni\u015fi ba\u015flad\u0131\u011f\u0131nda Sofya\u2019da idi. Lena\u2019n\u0131n ba\u015f\u0131na gelenleri duyunca \u00e7ok k\u0131zd\u0131. Pisagor Cemiyeti\u2019nin ona y\u00fckledi\u011fi b\u00fcy\u00fck sorumlulu\u011fu yerine getirmeye karar verdi. Anastas\u2019\u0131n ba\u015flatt\u0131\u011f\u0131 sava\u015fta, onunla yan yana, delikanl\u0131ca, \u00f6l\u00fcm\u00fcne d\u00f6v\u00fc\u015ft\u00fc.Pisagor Cemiyeti\u2019nin \u00fcyesi iki papaz ve bir k\u0131z\u0131n Taksim\u2019de ba\u015flay\u0131p Fener Patrikanesi\u2019nde devam eden, Athos Yar\u0131madas\u0131\u2019na, Sofya\u2019ya, Londra\u2019ya ula\u015fan b\u00fcy\u00fck eylemleri, M\u00fcsl\u00fcmanl\u0131k vurgusuyla iktidar olan T\u00fcrk H\u00fck\u00fcmeti\u2019ni ve d\u00fcnyan\u0131n her yerindeki ba\u011fnaz H\u0131ristiyanlar\u0131 \u00e7ok k\u0131zd\u0131racak.Pavlus, Apollonius, Pisagor gibi d\u00fcnyan\u0131n en \u00fcnl\u00fc din ve felsefe adamlar\u0131n\u0131n adlar\u0131n\u0131n s\u0131k\u00e7a ge\u00e7ece\u011fi, Hazreti \u0130sa\u2019n\u0131n \u201csahte peygamber\u201d olup olmad\u0131\u011f\u0131n\u0131n tart\u0131\u015f\u0131laca\u011f\u0131, Gezi Direni\u015fi\u2019nin soluk solu\u011fa m\u00fccadelesiyle i\u00e7i\u00e7e, muhte\u015fem bir ser\u00fcven!<\/p>\n","protected":false},"excerpt":{"rendered":"<p>Lena, 24 ya\u015f\u0131nda.Gezi Direni\u015fi\u2019nin ilk sabah\u0131nda, ba\u015f\u0131na isabet eden gaz bombas\u0131 kaps\u00fcl\u00fcyle yaraland\u0131 . Belirsiz bir s\u00fcre i\u00e7in uyutulmas\u0131na karar verildi. B\u00fcy\u00fck bir ihtimalle ya\u015famayacak.Anastas, 28<span class=\"excerpt-hellip\"> [\u2026]<\/span><\/p>\n","protected":false},"featured_media":0,"template":"","meta":{"_monsterinsights_skip_tracking":false,"_monsterinsights_sitenote_active":false,"_monsterinsights_sitenote_note":"","_monsterinsights_sitenote_category":0},"product_brand":[],"product_cat":[12782,12291],"product_tag":[],"class_list":{"0":"post-699453","1":"product","2":"type-product","3":"status-publish","5":"product_cat-alman-edebiyati","6":"product_cat-edebiyat","7":"pa_cilt-ciltsiz","8":"pa_tur-kitap","9":"pa_yayinevi-destek-yayinlari","10":"pa_yazar-osman-balcigil","12":"first","13":"instock","14":"sale","15":"shipping-taxable","16":"purchasable","17":"product-type-simple"},"_links":{"self":[{"href":"https:\/\/roveyayinevi.com.tr\/index.php\/wp-json\/wp\/v2\/product\/699453","targetHints":{"allow":["GET"]}}],"collection":[{"href":"https:\/\/roveyayinevi.com.tr\/index.php\/wp-json\/wp\/v2\/product"}],"about":[{"href":"https:\/\/roveyayinevi.com.tr\/index.php\/wp-json\/wp\/v2\/types\/product"}],"wp:attachment":[{"href":"https:\/\/roveyayinevi.com.tr\/index.php\/wp-json\/wp\/v2\/media?parent=699453"}],"wp:term":[{"taxonomy":"product_brand","embeddable":true,"href":"https:\/\/roveyayinevi.com.tr\/index.php\/wp-json\/wp\/v2\/product_brand?post=699453"},{"taxonomy":"product_cat","embeddable":true,"href":"https:\/\/roveyayinevi.com.tr\/index.php\/wp-json\/wp\/v2\/product_cat?post=699453"},{"taxonomy":"product_tag","embeddable":true,"href":"https:\/\/roveyayinevi.com.tr\/index.php\/wp-json\/wp\/v2\/product_tag?post=699453"}],"curies":[{"name":"wp","href":"https:\/\/api.w.org\/{rel}","templated":true}]}}