{"id":699451,"date":"2025-08-27T14:51:13","date_gmt":"2025-08-27T11:51:13","guid":{"rendered":"https:\/\/roveyayinevi.com.tr\/index.php\/urun\/gulibik\/"},"modified":"2026-04-16T02:08:48","modified_gmt":"2026-04-15T23:08:48","slug":"gulibik","status":"publish","type":"product","link":"https:\/\/roveyayinevi.com.tr\/index.php\/urun\/gulibik\/","title":{"rendered":"G\u00fclibik"},"content":{"rendered":"<p>Bir horoz ya\u015fam\u0131n\u0131z\u0131 de\u011fi\u015ftirebilir mi? Bu horozun ad\u0131 G\u00fclibik ise, elbette. Tahtadan atlar\u0131, kur\u015fundan askerleri, lastikten toplar\u0131, plastikten arabalar\u0131, k\u0131saca, parayla sat\u0131n al\u0131nabilen hi\u00e7bir oyunca\u011f\u0131 olmam\u0131\u015f, yoksul bir \u00e7ocu\u011fun \u00f6yk\u00fcs\u00fcd\u00fcr bu. O yoksul \u00e7ocu\u011fun, \u00e7ocuklu\u011fu boyunca, bir tek oyunca\u011f\u0131 oldu: bir horoz; g\u00fclibikli bir horoz. G\u00fclibik, \u00e7ocuk i\u00e7in oyuncaktan \u00f6te bir \u015feydir; bir dost, bir umut&#8230; Y\u0131llar ge\u00e7er, o yoksul \u00e7ocuk b\u00fcy\u00fcr. \u00d6\u011frendi\u011fi bir\u00e7ok \u015feyi unutur. Unutamad\u0131\u011f\u0131 tek \u015fey vard\u0131r: G\u00fclibik&#8230; \ufffc<\/p>\n","protected":false},"excerpt":{"rendered":"<p>Bir horoz ya\u015fam\u0131n\u0131z\u0131 de\u011fi\u015ftirebilir mi? Bu horozun ad\u0131 G\u00fclibik ise, elbette. Tahtadan atlar\u0131, kur\u015fundan askerleri, lastikten toplar\u0131, plastikten arabalar\u0131, k\u0131saca, parayla sat\u0131n al\u0131nabilen hi\u00e7bir oyunca\u011f\u0131 olmam\u0131\u015f,<span class=\"excerpt-hellip\"> [\u2026]<\/span><\/p>\n","protected":false},"featured_media":0,"template":"","meta":{"_monsterinsights_skip_tracking":false,"_monsterinsights_sitenote_active":false,"_monsterinsights_sitenote_note":"","_monsterinsights_sitenote_category":0},"product_brand":[],"product_cat":[12274,12284],"product_tag":[],"class_list":{"0":"post-699451","1":"product","2":"type-product","3":"status-publish","5":"product_cat-cocuk-ve-genclik-kitaplari","6":"product_cat-hikayeler","7":"pa_cilt-ciltsiz","8":"pa_tur-kitap","9":"pa_yayinevi-can-cocuk-yayinlari","10":"pa_yazar-cetin-oner","12":"first","13":"instock","14":"sale","15":"shipping-taxable","16":"purchasable","17":"product-type-simple"},"_links":{"self":[{"href":"https:\/\/roveyayinevi.com.tr\/index.php\/wp-json\/wp\/v2\/product\/699451","targetHints":{"allow":["GET"]}}],"collection":[{"href":"https:\/\/roveyayinevi.com.tr\/index.php\/wp-json\/wp\/v2\/product"}],"about":[{"href":"https:\/\/roveyayinevi.com.tr\/index.php\/wp-json\/wp\/v2\/types\/product"}],"wp:attachment":[{"href":"https:\/\/roveyayinevi.com.tr\/index.php\/wp-json\/wp\/v2\/media?parent=699451"}],"wp:term":[{"taxonomy":"product_brand","embeddable":true,"href":"https:\/\/roveyayinevi.com.tr\/index.php\/wp-json\/wp\/v2\/product_brand?post=699451"},{"taxonomy":"product_cat","embeddable":true,"href":"https:\/\/roveyayinevi.com.tr\/index.php\/wp-json\/wp\/v2\/product_cat?post=699451"},{"taxonomy":"product_tag","embeddable":true,"href":"https:\/\/roveyayinevi.com.tr\/index.php\/wp-json\/wp\/v2\/product_tag?post=699451"}],"curies":[{"name":"wp","href":"https:\/\/api.w.org\/{rel}","templated":true}]}}