{"id":699450,"date":"2025-08-27T14:51:12","date_gmt":"2025-08-27T11:51:12","guid":{"rendered":"https:\/\/roveyayinevi.com.tr\/index.php\/urun\/grimm-masallari-1\/"},"modified":"2026-04-16T02:08:48","modified_gmt":"2026-04-15T23:08:48","slug":"grimm-masallari-1","status":"publish","type":"product","link":"https:\/\/roveyayinevi.com.tr\/index.php\/urun\/grimm-masallari-1\/","title":{"rendered":"Grimm Masallar\u0131 -1"},"content":{"rendered":"<p>Jacob Ludwig Carl Grimm (1785-1883) ve Wilhelm Carl Grimm (1786-1859) adlar\u0131n\u0131 ta\u015f\u0131yan Grimm Karde\u015fler, kendi \u00fclkeleri olan Almanya\u2019dan ba\u015fka \u00e7e\u015fitli Avrupa \u00fclkelerindeki s\u00f6zl\u00fc halk edebiyat\u0131 \u00fcr\u00fcnlerini derleyerek s\u00f6zl\u00fc kaynaklara dayal\u0131 iki y\u00fczden fazla masal\u0131 yaz\u0131ya d\u00f6k\u00fcp yay\u0131nlad\u0131lar. Bu masallar yetmi\u015ften fazla dile \u00e7evrilip t\u00fcm d\u00fcnyaya yay\u0131ld\u0131. B\u00f6ylelikle bu iki karde\u015fin emekleri, bir\u00e7ok masal\u0131n unutulup gitmesini \u00f6nlemi\u015f oldu. \u0130nsanlar\u0131 umutlar\u0131n\u0131n, ac\u0131lar\u0131n\u0131n, sevin\u00e7lerinin, d\u00fc\u015flerinin, korkular\u0131n\u0131n, hayal g\u00fc\u00e7lerinin sonsuzlu\u011funu g\u00f6rd\u00fc\u011f\u00fcm\u00fcz bu masallar\u0131 okuyabilmek, t\u00fcm \u00e7ocuklar i\u00e7in ba\u015fl\u0131 ba\u015f\u0131na bir sevin\u00e7tir. Nihal Ye\u011finobal\u0131\u2019n\u0131n Grimm Masallar\u0131\u2019ndan se\u00e7ip titizlikle T\u00fcrk\u00e7e\u2019ye kazand\u0131rd\u0131\u011f\u0131 bu yap\u0131t, her \u00e7ocu\u011fun mutlaka okumas\u0131 gereken evrensel masallardan olu\u015fmaktad\u0131r. \ufffcTan\u0131t\u0131m Metni<\/p>\n","protected":false},"excerpt":{"rendered":"<p>Jacob Ludwig Carl Grimm (1785-1883) ve Wilhelm Carl Grimm (1786-1859) adlar\u0131n\u0131 ta\u015f\u0131yan Grimm Karde\u015fler, kendi \u00fclkeleri olan Almanya\u2019dan ba\u015fka \u00e7e\u015fitli Avrupa \u00fclkelerindeki s\u00f6zl\u00fc halk edebiyat\u0131 \u00fcr\u00fcnlerini<span class=\"excerpt-hellip\"> [\u2026]<\/span><\/p>\n","protected":false},"featured_media":0,"template":"","meta":{"_monsterinsights_skip_tracking":false,"_monsterinsights_sitenote_active":false,"_monsterinsights_sitenote_note":"","_monsterinsights_sitenote_category":0},"product_brand":[],"product_cat":[12274,12284],"product_tag":[],"class_list":{"0":"post-699450","1":"product","2":"type-product","3":"status-publish","5":"product_cat-cocuk-ve-genclik-kitaplari","6":"product_cat-hikayeler","7":"pa_cilt-ciltsiz","8":"pa_tur-kitap","9":"pa_yayinevi-can-cocuk-yayinlari","10":"pa_yazar-grimm-kardesler","12":"first","13":"instock","14":"sale","15":"shipping-taxable","16":"purchasable","17":"product-type-simple"},"_links":{"self":[{"href":"https:\/\/roveyayinevi.com.tr\/index.php\/wp-json\/wp\/v2\/product\/699450","targetHints":{"allow":["GET"]}}],"collection":[{"href":"https:\/\/roveyayinevi.com.tr\/index.php\/wp-json\/wp\/v2\/product"}],"about":[{"href":"https:\/\/roveyayinevi.com.tr\/index.php\/wp-json\/wp\/v2\/types\/product"}],"wp:attachment":[{"href":"https:\/\/roveyayinevi.com.tr\/index.php\/wp-json\/wp\/v2\/media?parent=699450"}],"wp:term":[{"taxonomy":"product_brand","embeddable":true,"href":"https:\/\/roveyayinevi.com.tr\/index.php\/wp-json\/wp\/v2\/product_brand?post=699450"},{"taxonomy":"product_cat","embeddable":true,"href":"https:\/\/roveyayinevi.com.tr\/index.php\/wp-json\/wp\/v2\/product_cat?post=699450"},{"taxonomy":"product_tag","embeddable":true,"href":"https:\/\/roveyayinevi.com.tr\/index.php\/wp-json\/wp\/v2\/product_tag?post=699450"}],"curies":[{"name":"wp","href":"https:\/\/api.w.org\/{rel}","templated":true}]}}