{"id":699449,"date":"2025-08-27T14:51:12","date_gmt":"2025-08-27T11:51:12","guid":{"rendered":"https:\/\/roveyayinevi.com.tr\/index.php\/urun\/hayati-sadelestirmek-icin-derle-topla-rahatla\/"},"modified":"2025-09-30T12:49:06","modified_gmt":"2025-09-30T09:49:06","slug":"hayati-sadelestirmek-icin-derle-topla-rahatla","status":"publish","type":"product","link":"https:\/\/roveyayinevi.com.tr\/index.php\/urun\/hayati-sadelestirmek-icin-derle-topla-rahatla\/","title":{"rendered":"Hayat\u0131 Sadele\u015ftirmek \u0130\u00e7in Derle, Topla, Rahatla"},"content":{"rendered":"<p>Hangimiz da\u011f\u0131n\u0131k de\u011filiz ki? Evimiz, i\u015fyerimiz, hayat\u0131m\u0131z\u2026. Peki derli toplu olmak bu kadar m\u0131 zor? Saatlerinizi ay\u0131rarak toplad\u0131\u011f\u0131n\u0131z her yer k\u0131sa s\u00fcrede yine mi da\u011f\u0131l\u0131yor? Belki de \u015fimdiye kadar yanl\u0131\u015f y\u00f6ntemleri uygulad\u0131n\u0131z. Japon temizlik ve organizasyon uzman\u0131 Marie Kondo, &#8220;derleyip toplama&#8221; konusunda size yard\u0131mc\u0131 olmaya haz\u0131r. \u00dcstelik kal\u0131c\u0131 sonu\u00e7lar elde edece\u011finizin garantisini veriyor. Marie Kondo, bu kitapta anlatt\u0131\u011f\u0131 y\u00f6ntemler ve payla\u015ft\u0131\u011f\u0131 s\u0131rlarla say\u0131s\u0131n\u0131 kendisinin bile hat\u0131rlamad\u0131\u011f\u0131 m\u00fc\u015fterilerinin hayat\u0131n\u0131 de\u011fi\u015ftirdi. \u015eimdi s\u0131ra okuyucular\u0131nda! Bir bal\u0131k\u00e7\u0131 yaka siyah kaza\u011f\u0131 di\u011ferinden nas\u0131l ay\u0131rt edece\u011finizi bilmek, \u00e7oraplar\u0131 do\u011fru \u015fekilde katlamak, saklama kutular\u0131n\u0131 en etkili \u015fekilde kullanmak\u2026 hayat\u0131n\u0131zda mucizeler yaratabilir. Hele fazlal\u0131klardan kurtulmak\u2026 Kendinizi eskisinden \u00e7ok daha huzurlu, mutlu ve enerjik hissetmenizi sa\u011flayabilir. Denemeye ba\u015flay\u0131n\u2026 Hemen, \u015fimdi! <\/p>\n","protected":false},"excerpt":{"rendered":"<p>Hangimiz da\u011f\u0131n\u0131k de\u011filiz ki? Evimiz, i\u015fyerimiz, hayat\u0131m\u0131z\u2026. Peki derli toplu olmak bu kadar m\u0131 zor? Saatlerinizi ay\u0131rarak toplad\u0131\u011f\u0131n\u0131z her yer k\u0131sa s\u00fcrede yine mi da\u011f\u0131l\u0131yor? Belki<span class=\"excerpt-hellip\"> [\u2026]<\/span><\/p>\n","protected":false},"featured_media":0,"template":"","meta":{"_monsterinsights_skip_tracking":false,"_monsterinsights_sitenote_active":false,"_monsterinsights_sitenote_note":"","_monsterinsights_sitenote_category":0},"product_brand":[],"product_cat":[12364,12376],"product_tag":[],"class_list":{"0":"post-699449","1":"product","2":"type-product","3":"status-publish","5":"product_cat-genel-konular","6":"product_cat-kisisel-gelisim","7":"pa_cilt-ciltsiz","8":"pa_tur-kitap","9":"pa_yayinevi-epsilon-yayinlari","10":"pa_yazar-marie-kondo","12":"first","13":"instock","14":"sale","15":"shipping-taxable","16":"purchasable","17":"product-type-simple"},"_links":{"self":[{"href":"https:\/\/roveyayinevi.com.tr\/index.php\/wp-json\/wp\/v2\/product\/699449","targetHints":{"allow":["GET"]}}],"collection":[{"href":"https:\/\/roveyayinevi.com.tr\/index.php\/wp-json\/wp\/v2\/product"}],"about":[{"href":"https:\/\/roveyayinevi.com.tr\/index.php\/wp-json\/wp\/v2\/types\/product"}],"wp:attachment":[{"href":"https:\/\/roveyayinevi.com.tr\/index.php\/wp-json\/wp\/v2\/media?parent=699449"}],"wp:term":[{"taxonomy":"product_brand","embeddable":true,"href":"https:\/\/roveyayinevi.com.tr\/index.php\/wp-json\/wp\/v2\/product_brand?post=699449"},{"taxonomy":"product_cat","embeddable":true,"href":"https:\/\/roveyayinevi.com.tr\/index.php\/wp-json\/wp\/v2\/product_cat?post=699449"},{"taxonomy":"product_tag","embeddable":true,"href":"https:\/\/roveyayinevi.com.tr\/index.php\/wp-json\/wp\/v2\/product_tag?post=699449"}],"curies":[{"name":"wp","href":"https:\/\/api.w.org\/{rel}","templated":true}]}}