{"id":699448,"date":"2025-08-27T14:51:12","date_gmt":"2025-08-27T11:51:12","guid":{"rendered":"https:\/\/roveyayinevi.com.tr\/index.php\/urun\/is-sagligi-ve-guvenligi-onlemleri-ile-sosyo-ekonomik-sonuclari\/"},"modified":"2026-04-16T02:08:48","modified_gmt":"2026-04-15T23:08:48","slug":"is-sagligi-ve-guvenligi-onlemleri-ile-sosyo-ekonomik-sonuclari","status":"publish","type":"product","link":"https:\/\/roveyayinevi.com.tr\/index.php\/urun\/is-sagligi-ve-guvenligi-onlemleri-ile-sosyo-ekonomik-sonuclari\/","title":{"rendered":"\u0130\u015f Sa\u011fl\u0131\u011f\u0131 ve G\u00fcvenli\u011fi \u00d6nlemleri ile Sosyo-Ekonomik Sonu\u00e7lar\u0131"},"content":{"rendered":"<p>\u0130\u015f sa\u011fl\u0131\u011f\u0131 ve g\u00fcvenli\u011fi 18. Y\u00fczy\u0131lda Sanayi Devrimi ile birlikte g\u00fcndeme gelmeye ba\u015flayan, daha sonraki y\u0131llarda ve bug\u00fcn sanayinin geli\u015fmesiyle g\u00fcndemin oda\u011f\u0131na yerle\u015fen bir konudur. \u0130\u015f sa\u011fl\u0131\u011f\u0131 ve g\u00fcvenli\u011fi do\u011furdu\u011fu sosyo-ekonomik sonu\u00e7lar nedeniyle oldu\u011fu kadar, do\u011furdu\u011fu psikolojik sonu\u00e7lar nedeniyle de \u00f6nemini korumakta, hatta g\u00fcn ge\u00e7tik\u00e7e art\u0131rmaktad\u0131r. <\/p>\n","protected":false},"excerpt":{"rendered":"<p>\u0130\u015f sa\u011fl\u0131\u011f\u0131 ve g\u00fcvenli\u011fi 18. Y\u00fczy\u0131lda Sanayi Devrimi ile birlikte g\u00fcndeme gelmeye ba\u015flayan, daha sonraki y\u0131llarda ve bug\u00fcn sanayinin geli\u015fmesiyle g\u00fcndemin oda\u011f\u0131na yerle\u015fen bir konudur. \u0130\u015f<span class=\"excerpt-hellip\"> [\u2026]<\/span><\/p>\n","protected":false},"featured_media":0,"template":"","meta":{"_monsterinsights_skip_tracking":false,"_monsterinsights_sitenote_active":false,"_monsterinsights_sitenote_note":"","_monsterinsights_sitenote_category":0},"product_brand":[],"product_cat":[15350,17602],"product_tag":[],"class_list":{"0":"post-699448","1":"product","2":"type-product","3":"status-publish","5":"product_cat-hukuk","6":"product_cat-hukuk-uzerine","7":"pa_tur-kitap","8":"pa_yayinevi-efil-yayinevi","9":"pa_yazar-ulku-ileri","11":"first","12":"instock","13":"sale","14":"shipping-taxable","15":"purchasable","16":"product-type-simple"},"_links":{"self":[{"href":"https:\/\/roveyayinevi.com.tr\/index.php\/wp-json\/wp\/v2\/product\/699448","targetHints":{"allow":["GET"]}}],"collection":[{"href":"https:\/\/roveyayinevi.com.tr\/index.php\/wp-json\/wp\/v2\/product"}],"about":[{"href":"https:\/\/roveyayinevi.com.tr\/index.php\/wp-json\/wp\/v2\/types\/product"}],"wp:attachment":[{"href":"https:\/\/roveyayinevi.com.tr\/index.php\/wp-json\/wp\/v2\/media?parent=699448"}],"wp:term":[{"taxonomy":"product_brand","embeddable":true,"href":"https:\/\/roveyayinevi.com.tr\/index.php\/wp-json\/wp\/v2\/product_brand?post=699448"},{"taxonomy":"product_cat","embeddable":true,"href":"https:\/\/roveyayinevi.com.tr\/index.php\/wp-json\/wp\/v2\/product_cat?post=699448"},{"taxonomy":"product_tag","embeddable":true,"href":"https:\/\/roveyayinevi.com.tr\/index.php\/wp-json\/wp\/v2\/product_tag?post=699448"}],"curies":[{"name":"wp","href":"https:\/\/api.w.org\/{rel}","templated":true}]}}