{"id":699447,"date":"2025-08-27T14:51:12","date_gmt":"2025-08-27T11:51:12","guid":{"rendered":"https:\/\/roveyayinevi.com.tr\/index.php\/urun\/lavinia\/"},"modified":"2026-04-16T02:08:48","modified_gmt":"2026-04-15T23:08:48","slug":"lavinia","status":"publish","type":"product","link":"https:\/\/roveyayinevi.com.tr\/index.php\/urun\/lavinia\/","title":{"rendered":"Lavinia"},"content":{"rendered":"<p>Vergilius\u2019un Aeneas\u2019\u0131nda, yi\u011fit sava\u015f\u00e7\u0131 Aeneas rakiplerini alt ederek Latium kral\u0131n\u0131n k\u0131z\u0131 Lavinia\u2019yla evlenir ve Roma \u0130mparatorlu\u011fu\u2019nun temellerini atar. Destanda Lavinia\u2019n\u0131n ne belirgin bir rol\u00fc, ne de kendine ait bir sesi vard\u0131r. Ursula K. Le Guin i\u015fte bu ihmal edilmi\u015f karakteri al\u0131p ona hak etti\u011fi sesi veriyor ve b\u00fcy\u00fck \u015fairin destan\u0131nda anlatmad\u0131klar\u0131n\u0131 onun g\u00f6z\u00fcnden, onun dilinden anlat\u0131yor. Lavinia sava\u015f\u0131n do\u011fas\u0131n\u0131 ve erkek-egemen toplumu sorgulayan; insan\u0131 insan, toplumu toplum yapan de\u011ferleri irdeleyen; edebiyat\u0131n g\u00fcc\u00fcn\u00fc vurgulayarak kurguyla ger\u00e7eklik aras\u0131ndaki \u00e7izgiyi bulan\u0131kla\u015ft\u0131ran yarat\u0131c\u0131 bir roman: B\u00fcy\u00fck bir destanda k\u00fc\u00e7\u00fck bir rol\u00fc olan g\u00fc\u00e7l\u00fc bir kad\u0131n\u0131n kendi destan\u0131. \ufffcTan\u0131t\u0131m Metni<\/p>\n","protected":false},"excerpt":{"rendered":"<p>Vergilius\u2019un Aeneas\u2019\u0131nda, yi\u011fit sava\u015f\u00e7\u0131 Aeneas rakiplerini alt ederek Latium kral\u0131n\u0131n k\u0131z\u0131 Lavinia\u2019yla evlenir ve Roma \u0130mparatorlu\u011fu\u2019nun temellerini atar. Destanda Lavinia\u2019n\u0131n ne belirgin bir rol\u00fc, ne de<span class=\"excerpt-hellip\"> [\u2026]<\/span><\/p>\n","protected":false},"featured_media":0,"template":"","meta":{"_monsterinsights_skip_tracking":false,"_monsterinsights_sitenote_active":false,"_monsterinsights_sitenote_note":"","_monsterinsights_sitenote_category":0},"product_brand":[],"product_cat":[12291,14777],"product_tag":[],"class_list":{"0":"post-699447","1":"product","2":"type-product","3":"status-publish","5":"product_cat-edebiyat","6":"product_cat-fantastik","7":"pa_cilt-ciltsiz","8":"pa_tur-kitap","9":"pa_yayinevi-metis-yayinlari","10":"pa_yazar-ursula-k-le-guin","12":"first","13":"instock","14":"sale","15":"shipping-taxable","16":"purchasable","17":"product-type-simple"},"_links":{"self":[{"href":"https:\/\/roveyayinevi.com.tr\/index.php\/wp-json\/wp\/v2\/product\/699447","targetHints":{"allow":["GET"]}}],"collection":[{"href":"https:\/\/roveyayinevi.com.tr\/index.php\/wp-json\/wp\/v2\/product"}],"about":[{"href":"https:\/\/roveyayinevi.com.tr\/index.php\/wp-json\/wp\/v2\/types\/product"}],"wp:attachment":[{"href":"https:\/\/roveyayinevi.com.tr\/index.php\/wp-json\/wp\/v2\/media?parent=699447"}],"wp:term":[{"taxonomy":"product_brand","embeddable":true,"href":"https:\/\/roveyayinevi.com.tr\/index.php\/wp-json\/wp\/v2\/product_brand?post=699447"},{"taxonomy":"product_cat","embeddable":true,"href":"https:\/\/roveyayinevi.com.tr\/index.php\/wp-json\/wp\/v2\/product_cat?post=699447"},{"taxonomy":"product_tag","embeddable":true,"href":"https:\/\/roveyayinevi.com.tr\/index.php\/wp-json\/wp\/v2\/product_tag?post=699447"}],"curies":[{"name":"wp","href":"https:\/\/api.w.org\/{rel}","templated":true}]}}