{"id":699444,"date":"2025-08-27T14:51:11","date_gmt":"2025-08-27T11:51:11","guid":{"rendered":"https:\/\/roveyayinevi.com.tr\/index.php\/urun\/sermayenin-medyasi-medyanin-sermayesi-ekonomi-politik-yaklasimlar\/"},"modified":"2026-01-29T02:16:06","modified_gmt":"2026-01-28T23:16:06","slug":"sermayenin-medyasi-medyanin-sermayesi-ekonomi-politik-yaklasimlar","status":"publish","type":"product","link":"https:\/\/roveyayinevi.com.tr\/index.php\/urun\/sermayenin-medyasi-medyanin-sermayesi-ekonomi-politik-yaklasimlar\/","title":{"rendered":"Sermayenin Medyas\u0131 Medyan\u0131n Sermayesi : Ekonomi Politik Yakla\u015f\u0131mlar"},"content":{"rendered":"<p>Mehmet Y\u0131lmaz, bu kitapta Matisse, Picasso, Kandinski, Duchamp, Dali, L\u00e9ger, Gabo, Moore, Smith, Motherwell, Reinhardt, Warhol, LeWitt, Kosuth, Richter, Baykam, \u00d6tk\u00fcn, Okan, Aksoy ve Zaml\u0131y ile s\u00f6yle\u015fiyor, \u00e7a\u011fda\u015f sanat sorunlar\u0131n\u0131 kurcal\u0131yor:Sanat\u00e7\u0131lar\u0131n zihinlerini me\u015fgul eden ba\u015fl\u0131ca konular neler? Resimsel anlat\u0131m, edeb\u00ee anlat\u0131mdan ka\u00e7\u0131nmal\u0131 m\u0131? Zaman\u0131n ruhu kendini sanatta nas\u0131l g\u00f6sterir? Sanatta ara\u015ft\u0131rma ve deneysellik ne demektir? Emek\u00e7ilerin ve patronlar\u0131n sanatla ili\u015fkileri nas\u0131ld\u0131r? G\u00fcn\u00fcm\u00fczde, sanat ve felsefe aras\u0131ndaki ili\u015fki hangi boyuttad\u0131r? Kavramsal sanat, resme ve heykele neden kar\u015f\u0131d\u0131r? Estetik, sanattan ni\u00e7in kovulmak isteniyor? \u00c7a\u011fda\u015f ikonografi ve foto\u011fraf aras\u0131ndaki ili\u015fki nas\u0131ld\u0131r? Bi\u00e7em, konu, temsil ve resimleme hakk\u0131ndaki tart\u0131\u015fmalar neler? K\u00fcrat\u00f6ryal ortam sanat\u00e7\u0131lar\u0131 nas\u0131l etkilemektedir? 1980\u2019den bu yana siyasal, ekonomik geli\u015fmelerle ba\u011flant\u0131l\u0131 olarak T\u00fcrkiye\u2019de sanatsal s\u00fcre\u00e7 nas\u0131l bir ba\u015fkala\u015f\u0131m ge\u00e7irmi\u015ftir? Sanat e\u011fitimindeki yakla\u015f\u0131m farkl\u0131l\u0131klar\u0131 neden ortaya \u00e7\u0131km\u0131\u015ft\u0131r? K\u00fcresel \u015firketler sanat\u0131 nas\u0131l y\u00f6nlendirmektedir? Mazeme, dil ve \u00f6zg\u00fcrl\u00fck aras\u0131nda nas\u0131l bir ili\u015fki vard\u0131r? Sanat\u0131n y\u0131k\u0131c\u0131l\u0131\u011f\u0131 ve \u00f6zerkli\u011fi ger\u00e7ek mi, yoksa kurgu mu? Karamsal haz m\u0131, yoksa g\u00f6rsel haz m\u0131 daha \u00f6nemlidir? \u00c7a\u011fda\u015f, g\u00fcncel ve postmodern kavramlar\u0131 aras\u0131nda nas\u0131l bir ili\u015fki vard\u0131r? Modern sanat\u00e7\u0131lar\u0131n modern ortama f\u0131rlat\u0131ld\u0131klar\u0131 gibi, biz de postmodern ortama f\u0131rlat\u0131lm\u0131\u015f durumday\u0131z. Sanat\u00e7\u0131lar\u0131 Okumak ya da Postmodern S\u00f6yle\u015filer d\u00fc\u015f\u00fcnmeye ve d\u00fcnyay\u0131 de\u011fi\u015ftirme konusunda \u00fcst\u00fcm\u00fcze d\u00fc\u015feni yapmaya, yaratmaya davet ediyor.Yap\u0131s\u00f6k\u00fcc\u00fc, \u00f6\u011fretici, ele\u015ftirel&#8230; <\/p>\n","protected":false},"excerpt":{"rendered":"<p>Mehmet Y\u0131lmaz, bu kitapta Matisse, Picasso, Kandinski, Duchamp, Dali, L\u00e9ger, Gabo, Moore, Smith, Motherwell, Reinhardt, Warhol, LeWitt, Kosuth, Richter, Baykam, \u00d6tk\u00fcn, Okan, Aksoy ve Zaml\u0131y ile<span class=\"excerpt-hellip\"> [\u2026]<\/span><\/p>\n","protected":false},"featured_media":0,"template":"","meta":{"_monsterinsights_skip_tracking":false,"_monsterinsights_sitenote_active":false,"_monsterinsights_sitenote_note":"","_monsterinsights_sitenote_category":0},"product_brand":[],"product_cat":[15983,13488],"product_tag":[],"class_list":{"0":"post-699444","1":"product","2":"type-product","3":"status-publish","5":"product_cat-iletisim-ve-medya","6":"product_cat-toplum-ve-insan","7":"pa_cilt-ciltsiz","8":"pa_tur-kitap","9":"pa_yayinevi-utopya-yayinevi","10":"pa_yazar-selda-bulut","12":"first","13":"instock","14":"sale","15":"shipping-taxable","16":"purchasable","17":"product-type-simple"},"_links":{"self":[{"href":"https:\/\/roveyayinevi.com.tr\/index.php\/wp-json\/wp\/v2\/product\/699444","targetHints":{"allow":["GET"]}}],"collection":[{"href":"https:\/\/roveyayinevi.com.tr\/index.php\/wp-json\/wp\/v2\/product"}],"about":[{"href":"https:\/\/roveyayinevi.com.tr\/index.php\/wp-json\/wp\/v2\/types\/product"}],"wp:attachment":[{"href":"https:\/\/roveyayinevi.com.tr\/index.php\/wp-json\/wp\/v2\/media?parent=699444"}],"wp:term":[{"taxonomy":"product_brand","embeddable":true,"href":"https:\/\/roveyayinevi.com.tr\/index.php\/wp-json\/wp\/v2\/product_brand?post=699444"},{"taxonomy":"product_cat","embeddable":true,"href":"https:\/\/roveyayinevi.com.tr\/index.php\/wp-json\/wp\/v2\/product_cat?post=699444"},{"taxonomy":"product_tag","embeddable":true,"href":"https:\/\/roveyayinevi.com.tr\/index.php\/wp-json\/wp\/v2\/product_tag?post=699444"}],"curies":[{"name":"wp","href":"https:\/\/api.w.org\/{rel}","templated":true}]}}