{"id":699442,"date":"2025-08-27T14:51:10","date_gmt":"2025-08-27T11:51:10","guid":{"rendered":"https:\/\/roveyayinevi.com.tr\/index.php\/urun\/ay-yildiz-teskilati\/"},"modified":"2026-04-16T02:08:48","modified_gmt":"2026-04-15T23:08:48","slug":"ay-yildiz-teskilati","status":"publish","type":"product","link":"https:\/\/roveyayinevi.com.tr\/index.php\/urun\/ay-yildiz-teskilati\/","title":{"rendered":"Ay Y\u0131ld\u0131z Te\u015fkilat\u0131"},"content":{"rendered":"<p>Ay Y\u0131ld\u0131z\u2026 G\u00f6\u011f\u00fcn dire\u011fi al\u0131nana kadar h\u00fckm\u00fc s\u00fcrecek T\u00fcrk kavminin s\u0131rr\u0131\u2026 Var oldu\u011fu g\u00fcnden bu yana Hakk&#8217;a tapan kavmin vicdan\u0131\u2026 T\u00fcrk destanlar\u0131n\u0131n temel \u00f6\u011fesi ve T\u00fcrkl\u00fck kodu\u2026 \ufffcTan\u0131t\u0131m Metni<\/p>\n","protected":false},"excerpt":{"rendered":"<p>Ay Y\u0131ld\u0131z\u2026 G\u00f6\u011f\u00fcn dire\u011fi al\u0131nana kadar h\u00fckm\u00fc s\u00fcrecek T\u00fcrk kavminin s\u0131rr\u0131\u2026 Var oldu\u011fu g\u00fcnden bu yana Hakk&#8217;a tapan kavmin vicdan\u0131\u2026 T\u00fcrk destanlar\u0131n\u0131n temel \u00f6\u011fesi ve T\u00fcrkl\u00fck<span class=\"excerpt-hellip\"> [\u2026]<\/span><\/p>\n","protected":false},"featured_media":0,"template":"","meta":{"_monsterinsights_skip_tracking":false,"_monsterinsights_sitenote_active":false,"_monsterinsights_sitenote_note":"","_monsterinsights_sitenote_category":0},"product_brand":[],"product_cat":[12370,12304],"product_tag":[],"class_list":{"0":"post-699442","1":"product","2":"type-product","3":"status-publish","5":"product_cat-arastirma-inceleme","6":"product_cat-tarih","7":"pa_cilt-ciltsiz","8":"pa_tur-kitap","9":"pa_yayinevi-destek-yayinlari","10":"pa_yazar-baran-aydin","12":"first","13":"instock","14":"sale","15":"shipping-taxable","16":"purchasable","17":"product-type-simple"},"_links":{"self":[{"href":"https:\/\/roveyayinevi.com.tr\/index.php\/wp-json\/wp\/v2\/product\/699442","targetHints":{"allow":["GET"]}}],"collection":[{"href":"https:\/\/roveyayinevi.com.tr\/index.php\/wp-json\/wp\/v2\/product"}],"about":[{"href":"https:\/\/roveyayinevi.com.tr\/index.php\/wp-json\/wp\/v2\/types\/product"}],"wp:attachment":[{"href":"https:\/\/roveyayinevi.com.tr\/index.php\/wp-json\/wp\/v2\/media?parent=699442"}],"wp:term":[{"taxonomy":"product_brand","embeddable":true,"href":"https:\/\/roveyayinevi.com.tr\/index.php\/wp-json\/wp\/v2\/product_brand?post=699442"},{"taxonomy":"product_cat","embeddable":true,"href":"https:\/\/roveyayinevi.com.tr\/index.php\/wp-json\/wp\/v2\/product_cat?post=699442"},{"taxonomy":"product_tag","embeddable":true,"href":"https:\/\/roveyayinevi.com.tr\/index.php\/wp-json\/wp\/v2\/product_tag?post=699442"}],"curies":[{"name":"wp","href":"https:\/\/api.w.org\/{rel}","templated":true}]}}