{"id":699441,"date":"2025-08-27T14:51:10","date_gmt":"2025-08-27T11:51:10","guid":{"rendered":"https:\/\/roveyayinevi.com.tr\/index.php\/urun\/bakma-bana-oyle-seni-tanimiyorum\/"},"modified":"2026-04-16T02:08:48","modified_gmt":"2026-04-15T23:08:48","slug":"bakma-bana-oyle-seni-tanimiyorum","status":"publish","type":"product","link":"https:\/\/roveyayinevi.com.tr\/index.php\/urun\/bakma-bana-oyle-seni-tanimiyorum\/","title":{"rendered":"Bakma Bana \u00d6yle Seni Tan\u0131m\u0131yorum"},"content":{"rendered":"<p>Kad\u0131n\u0131n art\u0131k bir ad\u0131 var&#8230; Var ama&#8230; \u0130\u00e7inde o\u2019nu bulaca\u011f\u0131na dair bir umut ya\u015fatan t\u00fcm yaln\u0131z kad\u0131nlara&#8230; Bakma Bana \u00d6yle Seni Tan\u0131m\u0131yorum bu zaman\u0131n, bu kalabal\u0131\u011f\u0131n, bu \u015fehrin i\u00e7inde ya\u015fanan a\u015fk sava\u015f\u0131n\u0131 ger\u00e7ek\u00e7i ve etkileyici \u015fekilde anlatan bir roman. Leyla, kendisine mutluluktan \u00e7ok zarar veren bir ili\u015fkiden yeni \u00e7\u0131km\u0131\u015f ve h\u00e2l\u00e2 kendine gelememi\u015f gen\u00e7 bir kad\u0131nd\u0131r. Bir gece, barda tek ba\u015f\u0131na oturmu\u015f arkada\u015flar\u0131n\u0131 beklerken hayallerinin erke\u011fi say\u0131labilecek bir adam taraf\u0131ndan hayat kad\u0131n\u0131 san\u0131l\u0131r ve aralar\u0131nda tehlikeli bir oyun ba\u015flar. Bu ili\u015fki Leyla\u2019n\u0131n, a\u015fka, erkeklere ama en \u00e7ok da kendisine bak\u0131\u015f a\u00e7\u0131s\u0131n\u0131 de\u011fi\u015ftiren bir maceraya d\u00f6n\u00fc\u015f\u00fcr. Leyla, bir kad\u0131n\u0131n a\u015fk u\u011fruna nelere katland\u0131\u011f\u0131n\u0131, hayal k\u0131r\u0131kl\u0131klar\u0131n\u0131 ve kad\u0131nla erke\u011fin bir ili\u015fki i\u00e7erisinde ne denli e\u015fit olabildiklerini sorgularken, di\u011fer yandan ger\u00e7ek a\u015fk ve yan\u0131lsama aras\u0131nda kal\u0131yor. Kitab\u0131n yazarlar\u0131ndan Dilek Bora, aktif olarak \u00e7al\u0131\u015fma hayat\u0131n\u0131n i\u00e7inde yer alan bir in\u015faat m\u00fchendisi. Leyla gibi o da do\u011fup b\u00fcy\u00fcd\u00fc\u011f\u00fc Kalam\u0131\u015f\u2019ta ya\u015f\u0131yor, i\u015fe gitmek i\u00e7in her sabah Leyla\u2019yla ayn\u0131 duraktan taksiye biniyor. Ona bu \u015fehirde ya i\u015f \u00e7\u0131k\u0131\u015f\u0131 Ni\u015fanta\u015f\u0131\u2019nda oturmu\u015f Leyla\u2019yla sohbet ederken ya da Emin\u00f6n\u00fc\u2019nde Leyla gibi aceleyle vapura yeti\u015fmeye \u00e7al\u0131\u015f\u0131rken rastlayabilirsiniz. Kitab\u0131n di\u011fer yazar\u0131 Sinem Er\u00fclgen, parlak kariyeri, i\u015f ya\u015fam\u0131ndaki ba\u015far\u0131lar\u0131, sahip oldu\u011fu bir\u00e7ok hobide kazand\u0131\u011f\u0131 ba\u015far\u0131lar\u0131yla kendinden s\u00f6z ettiren biri. T\u00fcrkiye\u2019de gen\u00e7 ve yaln\u0131z bir kad\u0131n olman\u0131n ne demek oldu\u011funu en az Leyla kadar iyi biliyor&#8230; \ufffcTan\u0131t\u0131m Metni<\/p>\n","protected":false},"excerpt":{"rendered":"<p>Kad\u0131n\u0131n art\u0131k bir ad\u0131 var&#8230; Var ama&#8230; \u0130\u00e7inde o\u2019nu bulaca\u011f\u0131na dair bir umut ya\u015fatan t\u00fcm yaln\u0131z kad\u0131nlara&#8230; Bakma Bana \u00d6yle Seni Tan\u0131m\u0131yorum bu zaman\u0131n, bu kalabal\u0131\u011f\u0131n,<span class=\"excerpt-hellip\"> [\u2026]<\/span><\/p>\n","protected":false},"featured_media":0,"template":"","meta":{"_monsterinsights_skip_tracking":false,"_monsterinsights_sitenote_active":false,"_monsterinsights_sitenote_note":"","_monsterinsights_sitenote_category":0},"product_brand":[],"product_cat":[12291,12292],"product_tag":[],"class_list":{"0":"post-699441","1":"product","2":"type-product","3":"status-publish","5":"product_cat-edebiyat","6":"product_cat-turk-edebiyati","7":"pa_tur-kitap","8":"pa_yayinevi-okuyan-us-yayin","9":"pa_yazar-sinem-erulgen","11":"first","12":"instock","13":"sale","14":"shipping-taxable","15":"purchasable","16":"product-type-simple"},"_links":{"self":[{"href":"https:\/\/roveyayinevi.com.tr\/index.php\/wp-json\/wp\/v2\/product\/699441","targetHints":{"allow":["GET"]}}],"collection":[{"href":"https:\/\/roveyayinevi.com.tr\/index.php\/wp-json\/wp\/v2\/product"}],"about":[{"href":"https:\/\/roveyayinevi.com.tr\/index.php\/wp-json\/wp\/v2\/types\/product"}],"wp:attachment":[{"href":"https:\/\/roveyayinevi.com.tr\/index.php\/wp-json\/wp\/v2\/media?parent=699441"}],"wp:term":[{"taxonomy":"product_brand","embeddable":true,"href":"https:\/\/roveyayinevi.com.tr\/index.php\/wp-json\/wp\/v2\/product_brand?post=699441"},{"taxonomy":"product_cat","embeddable":true,"href":"https:\/\/roveyayinevi.com.tr\/index.php\/wp-json\/wp\/v2\/product_cat?post=699441"},{"taxonomy":"product_tag","embeddable":true,"href":"https:\/\/roveyayinevi.com.tr\/index.php\/wp-json\/wp\/v2\/product_tag?post=699441"}],"curies":[{"name":"wp","href":"https:\/\/api.w.org\/{rel}","templated":true}]}}