{"id":699440,"date":"2025-08-27T14:51:09","date_gmt":"2025-08-27T11:51:09","guid":{"rendered":"https:\/\/roveyayinevi.com.tr\/index.php\/urun\/ilk-90-gun\/"},"modified":"2026-04-16T02:08:47","modified_gmt":"2026-04-15T23:08:47","slug":"ilk-90-gun","status":"publish","type":"product","link":"https:\/\/roveyayinevi.com.tr\/index.php\/urun\/ilk-90-gun\/","title":{"rendered":"\u0130lk 90 G\u00fcn"},"content":{"rendered":"<p>Yirmi yedi dile \u00e7evrilen,  10 y\u0131ld\u0131r Harvard Business Review Press&#8217;in \u00e7ok satan listesinde yer alan ve sekiz y\u00fcz bin ki\u015fi taraf\u0131ndan okunan \u0130lk 90 G\u00fcn, g\u00f6zden ge\u00e7irilmi\u015f ve geni\u015fleti\u015fmi\u015f bask\u0131s\u0131yla huzurlar\u0131n\u0131zda. kitab\u0131n ba\u015fa ba\u015f notkas\u0131na ula\u015fma s\u00fcresini y\u00fczde 40 k\u0131saltan ola\u011fan\u00fcst\u00fc yakla\u015f\u0131m\u0131 y\u0131llar boyu bir\u00e7ok e\u011fitime esin kayna\u011f\u0131 oldu ve y\u00fcz binlerce lidere yarar sa\u011flad\u0131.D\u00fcnyan\u0131n \u00f6nde gelen ge\u00e7i\u015f h\u0131zland\u0131rma uzman\u0131 Michael Watkins, g\u00fcn\u00fcm\u00fcz\u00fcn talepkar i\u015f d\u00fcnyas\u0131nda, ge\u00e7i\u015f d\u00f6nemlerini en az hasarla nas\u0131l atlatabilece\u011finizi a\u00e7\u0131klarken kar\u015f\u0131layaca\u011f\u0131n\u0131z sorunlarda hangi ara\u00e7lar ile stratejileri kullanaca\u011f\u0131n\u0131z\u0131 anlat\u0131yor; hangi tuzaklardan nas\u0131l ka\u00e7aca\u011f\u0131n\u0131za dair senaryolarla, yeni rol\u00fcn\u00fcze uyum sa\u011flaman\u0131z\u0131n yolunu a\u00e7\u0131yor.Yeni bir i\u015fe ba\u015flayanlar, terfi edenler, b\u00f6lgesel veya uluslararas\u0131 y\u00f6netici konumuna y\u00fckselenler, hatta CEO&#8217;lar Gelece\u011fimizin anahtar\u0131, ge\u00e7i\u015f d\u00f6nemini nas\u0131l ge\u00e7irece\u011finizde sakl\u0131. Bu macerada en g\u00fcvenilir arkada\u015f\u0131n\u0131z \u0130lk 90 G\u00fcn olacak. <\/p>\n","protected":false},"excerpt":{"rendered":"<p>Yirmi yedi dile \u00e7evrilen, 10 y\u0131ld\u0131r Harvard Business Review Press&#8217;in \u00e7ok satan listesinde yer alan ve sekiz y\u00fcz bin ki\u015fi taraf\u0131ndan okunan \u0130lk 90 G\u00fcn, g\u00f6zden<span class=\"excerpt-hellip\"> [\u2026]<\/span><\/p>\n","protected":false},"featured_media":0,"template":"","meta":{"_monsterinsights_skip_tracking":false,"_monsterinsights_sitenote_active":false,"_monsterinsights_sitenote_note":"","_monsterinsights_sitenote_category":0},"product_brand":[],"product_cat":[13043,19008],"product_tag":[],"class_list":{"0":"post-699440","1":"product","2":"type-product","3":"status-publish","5":"product_cat-ekonomi","6":"product_cat-yonetim","7":"pa_cilt-ciltsiz","8":"pa_tur-kitap","9":"pa_yayinevi-optimist-yayin-dagitim","10":"pa_yazar-michael-watkins","12":"first","13":"instock","14":"sale","15":"shipping-taxable","16":"purchasable","17":"product-type-simple"},"_links":{"self":[{"href":"https:\/\/roveyayinevi.com.tr\/index.php\/wp-json\/wp\/v2\/product\/699440","targetHints":{"allow":["GET"]}}],"collection":[{"href":"https:\/\/roveyayinevi.com.tr\/index.php\/wp-json\/wp\/v2\/product"}],"about":[{"href":"https:\/\/roveyayinevi.com.tr\/index.php\/wp-json\/wp\/v2\/types\/product"}],"wp:attachment":[{"href":"https:\/\/roveyayinevi.com.tr\/index.php\/wp-json\/wp\/v2\/media?parent=699440"}],"wp:term":[{"taxonomy":"product_brand","embeddable":true,"href":"https:\/\/roveyayinevi.com.tr\/index.php\/wp-json\/wp\/v2\/product_brand?post=699440"},{"taxonomy":"product_cat","embeddable":true,"href":"https:\/\/roveyayinevi.com.tr\/index.php\/wp-json\/wp\/v2\/product_cat?post=699440"},{"taxonomy":"product_tag","embeddable":true,"href":"https:\/\/roveyayinevi.com.tr\/index.php\/wp-json\/wp\/v2\/product_tag?post=699440"}],"curies":[{"name":"wp","href":"https:\/\/api.w.org\/{rel}","templated":true}]}}