{"id":699439,"date":"2025-08-27T14:51:09","date_gmt":"2025-08-27T11:51:09","guid":{"rendered":"https:\/\/roveyayinevi.com.tr\/index.php\/urun\/bilyeler\/"},"modified":"2026-04-16T02:08:47","modified_gmt":"2026-04-15T23:08:47","slug":"bilyeler","status":"publish","type":"product","link":"https:\/\/roveyayinevi.com.tr\/index.php\/urun\/bilyeler\/","title":{"rendered":"Bilyeler"},"content":{"rendered":"<p>Oyunlar\u0131n b\u00fcy\u00fcs\u00fc bizi nerelere g\u00f6t\u00fcr\u00fcr?Son kitaplar\u0131ndan Ya\u015fas\u0131n \u00c7 Harfi Karde\u015fli\u011fi! adl\u0131 \u00e7ocuk roman\u0131, Ankara \u00dcniversitesi \u00c7ocuk ve Gen\u00e7lik Edebiyat\u0131 Uygulama ve Ara\u015ft\u0131rma Merkezi\u2019nin (\u00c7OGEM) 2014 \u00c7ocuk ve Gen\u00e7lik Edebiyat\u0131 Roman \u00d6d\u00fcl\u00fc\u2019ne ve \u00c7ocuk ve Gen\u00e7lik Yay\u0131nlar\u0131 Derne\u011fi\u2019nin (\u00c7GYD) 2013 Y\u0131l\u0131n \u00c7ocuk Roman\u0131 \u00d6d\u00fcl\u00fc\u2019ne de\u011fer g\u00f6r\u00fclen Behi\u00e7 Ak, s\u0131cac\u0131k bir mahalle \u00f6yk\u00fcs\u00fcyle okuruyla bulu\u015fuyor. Lunaparkta bir k\u00fcp dolusu bilye kazanan \u0130bo\u2019nun ve mahalle arkada\u015flar\u0131n\u0131n oyun d\u00fcnyas\u0131n\u0131 anlatan \u00f6yk\u00fc, her ya\u015ftan okurun i\u00e7inde kaybolaca\u011f\u0131 e\u011flenceli desenlere sahip. Sokak oyunlar\u0131n\u0131n her sosyal s\u0131n\u0131ftan \u00e7ocu\u011fu bir araya getiren, birle\u015ftiren ve e\u015fitleyen y\u00f6n\u00fcn\u00fc vurgulayan kitap, ileti\u015fim ve payla\u015fma konular\u0131 \u00fczerine d\u00fc\u015f\u00fcnmek i\u00e7in de birebir. Anadolu\u2019nun farkl\u0131 kentlerinde ve mahallelerinde bilye, misket, me\u015fe, c\u0131nc\u0131k, z\u0131pz\u0131p, dobi, bab\u00fc\u015f, cicoz, cille gibi onlarca farkl\u0131 adla an\u0131lan ve her ku\u015faktan \u00e7ocukla bulu\u015fan bu renkli k\u00fc\u00e7\u00fck cam k\u00fcrelerin \u00f6nemli yer tuttu\u011fu kitap, oyunlar\u0131n b\u00fcy\u00fcs\u00fcn\u00fc yeniden hat\u0131rlat\u0131yor.\u0130bo ve Pisi, lunaparkta koca bir k\u00fcp kazan\u0131rlar. \u0130\u00e7inde ne oldu\u011fu ancak evde \u00e7\u0131kar ortaya: Renk renk say\u0131s\u0131z cam bilye. Bu p\u0131r\u0131l p\u0131r\u0131l bilyeler k\u0131sa s\u00fcrede \u0130bo\u2019nun en b\u00fcy\u00fck tutkusu haline gelir. Ancak, o\u011flunun s\u00fcrekli bilyelerle oynamas\u0131, babas\u0131n\u0131n hi\u00e7 ho\u015funa gitmez. Buldu\u011fu \u00e7\u00f6z\u00fcmse, \u0130bo kadar mahallenin \u00e7ocuklar\u0131n\u0131 da etkileyecektir&#8230;Yazar Hakk\u0131nda:Behi\u00e7 Ak, Samsun\u2019da do\u011fdu; \u0130stanbul\u2019da mimarl\u0131k \u00f6\u011frenimi g\u00f6rd\u00fc. 1982\u2019den beri Cumhuriyet gazetesinde bant karikat\u00fcr \u00e7iziyor. \u00c7ocuk kitab\u0131 yazarl\u0131\u011f\u0131 ve \u00e7izerli\u011fi, oyun yazarl\u0131\u011f\u0131 ve sanat y\u00f6netmenli\u011finin yan\u0131 s\u0131ra belgesel film alan\u0131nda da \u00e7al\u0131\u015fmalar\u0131 var. \u0130lk yay\u0131mland\u0131\u011f\u0131 Japonya\u2019da \u00f6d\u00fcl kazanan Y\u00fcksek Tansiyonlu \u00c7\u0131nar A\u011fac\u0131 adl\u0131 resimli \u00e7ocuk kitab\u0131, G\u00fcn\u0131\u015f\u0131\u011f\u0131 Kitapl\u0131\u011f\u0131 taraf\u0131ndan \u00f6zg\u00fcn bir tasar\u0131mla yenilendi ve \u00c7ince\u2019ye \u00e7evrildi (2014). Okumaya yeni ba\u015flayanlar i\u00e7in felsefeye giri\u015f niteli\u011findeki \u201cTombi\u015f Kitaplar\u201d dizisi, Benim Bir Kar\u0131\u015f\u0131m, Bizim Tombi\u015f Ta\u015ftan Hi\u00e7 Anlam\u0131yor ve Bizim Tombi\u015f Fiyonk Makarnay\u0131 \u00c7ok Seviyor\u2019la s\u00fcr\u00fcyor. Otuz y\u0131ll\u0131k karikat\u00fcr birikimini Karikat\u00fcr Kitab\u0131 adl\u0131 \u00f6zel bir alb\u00fcmle \u00e7ocuklara sunan sanat\u00e7\u0131n\u0131n, \u201cG\u00fcl\u00fcmseten \u00d6yk\u00fcler\u201d ad\u0131 alt\u0131nda yaz\u0131p \u00e7izdi\u011fi G\u00fcne\u015fi Bile Tamir Eden Adam, Alaaddin\u2019in Geveze Su Borular\u0131, Kedilerin Kaybolma Mevsimi, Galata\u2019n\u0131n Tembel Mart\u0131s\u0131 gibi kitaplar her ya\u015ftan okurun ilgisini topluyor. Behi\u00e7 Ak\u2019\u0131n Ya\u015fas\u0131n \u00c7 Harfi Karde\u015fli\u011fi! adl\u0131 \u00e7ocuk roman\u0131, Ankara \u00dcniversitesi \u00c7ocuk ve Gen\u00e7lik Edebiyat\u0131 Uygulama ve Ara\u015ft\u0131rma Merkezi\u2019nin (\u00c7OGEM) 2014 \u00c7ocuk ve Gen\u00e7lik Edebiyat\u0131 Roman \u00d6d\u00fcl\u00fc\u2019ne ve \u00c7ocuk ve Gen\u00e7lik Yay\u0131nlar\u0131 Derne\u011fi\u2019nin (\u00c7GYD) 2013 Y\u0131l\u0131n \u00c7ocuk Roman\u0131 \u00d6d\u00fcl\u00fc\u2019ne de\u011fer g\u00f6r\u00fcld\u00fc. Sanat\u00e7\u0131n\u0131n son roman\u0131, Postayla Gelen Deniz Kabu\u011fu (2014).<\/p>\n","protected":false},"excerpt":{"rendered":"<p>Oyunlar\u0131n b\u00fcy\u00fcs\u00fc bizi nerelere g\u00f6t\u00fcr\u00fcr?Son kitaplar\u0131ndan Ya\u015fas\u0131n \u00c7 Harfi Karde\u015fli\u011fi! adl\u0131 \u00e7ocuk roman\u0131, Ankara \u00dcniversitesi \u00c7ocuk ve Gen\u00e7lik Edebiyat\u0131 Uygulama ve Ara\u015ft\u0131rma Merkezi\u2019nin (\u00c7OGEM) 2014 \u00c7ocuk<span class=\"excerpt-hellip\"> [\u2026]<\/span><\/p>\n","protected":false},"featured_media":0,"template":"","meta":{"_monsterinsights_skip_tracking":false,"_monsterinsights_sitenote_active":false,"_monsterinsights_sitenote_note":"","_monsterinsights_sitenote_category":0},"product_brand":[],"product_cat":[12274,12523],"product_tag":[],"class_list":{"0":"post-699439","1":"product","2":"type-product","3":"status-publish","5":"product_cat-cocuk-ve-genclik-kitaplari","6":"product_cat-masallar","7":"pa_cilt-ciltsiz","8":"pa_tur-kitap","9":"pa_yayinevi-gunisigi-kitapligi","10":"pa_yazar-behic-ak","12":"first","13":"instock","14":"sale","15":"shipping-taxable","16":"purchasable","17":"product-type-simple"},"_links":{"self":[{"href":"https:\/\/roveyayinevi.com.tr\/index.php\/wp-json\/wp\/v2\/product\/699439","targetHints":{"allow":["GET"]}}],"collection":[{"href":"https:\/\/roveyayinevi.com.tr\/index.php\/wp-json\/wp\/v2\/product"}],"about":[{"href":"https:\/\/roveyayinevi.com.tr\/index.php\/wp-json\/wp\/v2\/types\/product"}],"wp:attachment":[{"href":"https:\/\/roveyayinevi.com.tr\/index.php\/wp-json\/wp\/v2\/media?parent=699439"}],"wp:term":[{"taxonomy":"product_brand","embeddable":true,"href":"https:\/\/roveyayinevi.com.tr\/index.php\/wp-json\/wp\/v2\/product_brand?post=699439"},{"taxonomy":"product_cat","embeddable":true,"href":"https:\/\/roveyayinevi.com.tr\/index.php\/wp-json\/wp\/v2\/product_cat?post=699439"},{"taxonomy":"product_tag","embeddable":true,"href":"https:\/\/roveyayinevi.com.tr\/index.php\/wp-json\/wp\/v2\/product_tag?post=699439"}],"curies":[{"name":"wp","href":"https:\/\/api.w.org\/{rel}","templated":true}]}}