{"id":699437,"date":"2025-08-27T14:51:08","date_gmt":"2025-08-27T11:51:08","guid":{"rendered":"https:\/\/roveyayinevi.com.tr\/index.php\/urun\/taki-yapimi-ve-tasarimi\/"},"modified":"2026-04-16T02:08:47","modified_gmt":"2026-04-15T23:08:47","slug":"taki-yapimi-ve-tasarimi","status":"publish","type":"product","link":"https:\/\/roveyayinevi.com.tr\/index.php\/urun\/taki-yapimi-ve-tasarimi\/","title":{"rendered":"Tak\u0131 Yap\u0131m\u0131 ve Tasar\u0131m\u0131"},"content":{"rendered":"<p>\u0130nsano\u011flunun i\u00e7inde hi\u00e7 dinmeyen en temel arzusu asl\u0131nda \u2018s\u00fcslenme\u2019dir. Tarihin en derin izlerindeki insanlardan bug\u00fcne oldu\u011fu gibi aktar\u0131lan; be\u011fenilme, sadakat, sosyal stat\u00fcy\u00fc g\u00f6sterme, sevme-sevilme gibi ihtiya\u00e7lardan kaynakl\u0131 s\u00fcslenme i\u00e7g\u00fcd\u00fcs\u00fcd\u00fcr. Bu i\u00e7g\u00fcd\u00fcye kar\u015f\u0131l\u0131k insan, \u00e7\u00f6z\u00fcm\u00fc tak\u0131larda bulur. Bug\u00fcne geldi\u011fimizde tak\u0131 takman\u0131n herhangi bir nedene dayanmaktan \u00e7ok, zevk ve be\u011feniyi esas ald\u0131\u011f\u0131n\u0131 g\u00f6r\u00fcyoruz. Tak\u0131 yap\u0131m\u0131n\u0131n derinliklerini ke\u015ffetmeye haz\u0131r herkesin ve tak\u0131 tasar\u0131mc\u0131lar\u0131n\u0131n ihtiya\u00e7 duyabilece\u011fi, en temelden en geli\u015ftirilmi\u015fine t\u00fcm teknikleri k\u0131sa zamanda uygulatmaya y\u00f6nelik ve tasar\u0131m alan\u0131nda yol g\u00f6sterici niteli\u011fi olan bu kitapta 60 modelin yap\u0131m\u0131 foto\u011fraflar ile a\u015famaland\u0131r\u0131lm\u0131\u015f olarak a\u00e7\u0131klan\u0131rken, bu modellerde yer alan tekniklerle uygulanabilen farkl\u0131 modeller de g\u00f6steriliyor. <\/p>\n","protected":false},"excerpt":{"rendered":"<p>\u0130nsano\u011flunun i\u00e7inde hi\u00e7 dinmeyen en temel arzusu asl\u0131nda \u2018s\u00fcslenme\u2019dir. Tarihin en derin izlerindeki insanlardan bug\u00fcne oldu\u011fu gibi aktar\u0131lan; be\u011fenilme, sadakat, sosyal stat\u00fcy\u00fc g\u00f6sterme, sevme-sevilme gibi ihtiya\u00e7lardan<span class=\"excerpt-hellip\"> [\u2026]<\/span><\/p>\n","protected":false},"featured_media":0,"template":"","meta":{"_monsterinsights_skip_tracking":false,"_monsterinsights_sitenote_active":false,"_monsterinsights_sitenote_note":"","_monsterinsights_sitenote_category":0},"product_brand":[],"product_cat":[32165,15563],"product_tag":[],"class_list":{"0":"post-699437","1":"product","2":"type-product","3":"status-publish","5":"product_cat-el-sanatlari","6":"product_cat-hobi","7":"pa_cilt-ciltsiz","8":"pa_tur-kitap","9":"pa_yayinevi-inkilap-kitabevi","10":"pa_yazar-digdem-gezek","12":"first","13":"instock","14":"sale","15":"shipping-taxable","16":"purchasable","17":"product-type-simple"},"_links":{"self":[{"href":"https:\/\/roveyayinevi.com.tr\/index.php\/wp-json\/wp\/v2\/product\/699437","targetHints":{"allow":["GET"]}}],"collection":[{"href":"https:\/\/roveyayinevi.com.tr\/index.php\/wp-json\/wp\/v2\/product"}],"about":[{"href":"https:\/\/roveyayinevi.com.tr\/index.php\/wp-json\/wp\/v2\/types\/product"}],"wp:attachment":[{"href":"https:\/\/roveyayinevi.com.tr\/index.php\/wp-json\/wp\/v2\/media?parent=699437"}],"wp:term":[{"taxonomy":"product_brand","embeddable":true,"href":"https:\/\/roveyayinevi.com.tr\/index.php\/wp-json\/wp\/v2\/product_brand?post=699437"},{"taxonomy":"product_cat","embeddable":true,"href":"https:\/\/roveyayinevi.com.tr\/index.php\/wp-json\/wp\/v2\/product_cat?post=699437"},{"taxonomy":"product_tag","embeddable":true,"href":"https:\/\/roveyayinevi.com.tr\/index.php\/wp-json\/wp\/v2\/product_tag?post=699437"}],"curies":[{"name":"wp","href":"https:\/\/api.w.org\/{rel}","templated":true}]}}