{"id":699436,"date":"2025-08-27T14:50:58","date_gmt":"2025-08-27T11:50:58","guid":{"rendered":"https:\/\/roveyayinevi.com.tr\/index.php\/urun\/ates-gecesi\/"},"modified":"2026-04-16T02:08:47","modified_gmt":"2026-04-15T23:08:47","slug":"ates-gecesi","status":"publish","type":"product","link":"https:\/\/roveyayinevi.com.tr\/index.php\/urun\/ates-gecesi\/","title":{"rendered":"Ate\u015f Gecesi"},"content":{"rendered":"<p>\u201cZaten gen\u00e7ken de hi\u00e7bir bu\u0308yu\u0308k his ve maksad\u0131n, hi\u00e7bir bu\u0308yu\u0308k hayalin adam\u0131 olmu\u015f de\u011filimdir. A\u015fklar\u0131m oldu: Ku\u0308\u00e7u\u0308k. Mevki, para, \u015f\u00f6hret, g\u00f6steri\u015f arzular\u0131m oldu: Ku\u0308\u00e7u\u0308k. Zaman zaman kalk\u0131n\u0131\u015flar\u0131m, baz\u0131 fedak\u00e2r ve kahraman jestlerim oldu: Ku\u0308\u00e7u\u0308k ve su\u0308reksiz&#8230; Hi\u00e7bir illu\u0308zyon ideali uzun zaman devam ettiremedim.\u201d Re\u015fat Nuri Gu\u0308ntekin\u2019in olgunluk d\u00f6nemi romanlar\u0131ndan Ate\u015f Gecesi, a\u015fka ve insan ruhunun a\u00e7mazlar\u0131na dair ger\u00e7ek\u00e7i bir bak\u0131\u015f a\u00e7\u0131s\u0131 sunuyor. \u00c7ocuk ya\u015f\u0131nda, politik sebeplerle Milas\u2019a su\u0308rgu\u0308n edilen Kemal Murat ile Afife\u2019nin a\u015fk hik\u00e2yesinin fonunda d\u00f6nemin siyasi ortam\u0131n\u0131 ve toplumsal dinamiklerini resmeden anlat\u0131, \u00e7evre tasvirlerindeki ustal\u0131kla da \u00f6ne \u00e7\u0131k\u0131yor. A\u015fk\u0131n saf bir duygu olarak ba\u015flay\u0131p, hastal\u0131kl\u0131 ve a\u015f\u0131r\u0131 bir y\u00f6ne savrulmas\u0131n\u0131 incelikle i\u015fleyen usta yazar, bedensel ve duygusal hazz\u0131n alevlenmesini ve s\u00f6nu\u0308mlenmesini \u201cate\u015f gecesi\u201d metaforuyla sat\u0131rlara ta\u015f\u0131yor. Re\u015fat Nuri Gu\u0308ntekin, Ate\u015f Gecesi\u2019yle edebiyat\u0131m\u0131z\u0131n en ger\u00e7ek\u00e7i a\u015fk romanlar\u0131ndan birini gelecek ku\u015faklara miras b\u0131rak\u0131yor. <\/p>\n","protected":false},"excerpt":{"rendered":"<p>\u201cZaten gen\u00e7ken de hi\u00e7bir bu\u0308yu\u0308k his ve maksad\u0131n, hi\u00e7bir bu\u0308yu\u0308k hayalin adam\u0131 olmu\u015f de\u011filimdir. A\u015fklar\u0131m oldu: Ku\u0308\u00e7u\u0308k. Mevki, para, \u015f\u00f6hret, g\u00f6steri\u015f arzular\u0131m oldu: Ku\u0308\u00e7u\u0308k. Zaman zaman<span class=\"excerpt-hellip\"> [\u2026]<\/span><\/p>\n","protected":false},"featured_media":0,"template":"","meta":{"_monsterinsights_skip_tracking":false,"_monsterinsights_sitenote_active":false,"_monsterinsights_sitenote_note":"","_monsterinsights_sitenote_category":0},"product_brand":[],"product_cat":[12291,12292],"product_tag":[],"class_list":{"0":"post-699436","1":"product","2":"type-product","3":"status-publish","5":"product_cat-edebiyat","6":"product_cat-turk-edebiyati","7":"pa_cilt-ciltsiz","8":"pa_tur-kitap","9":"pa_yayinevi-resat-nuri-guntekin-yayinlari","10":"pa_yazar-resat-nuri-guntekin","12":"first","13":"instock","14":"sale","15":"shipping-taxable","16":"purchasable","17":"product-type-simple"},"_links":{"self":[{"href":"https:\/\/roveyayinevi.com.tr\/index.php\/wp-json\/wp\/v2\/product\/699436","targetHints":{"allow":["GET"]}}],"collection":[{"href":"https:\/\/roveyayinevi.com.tr\/index.php\/wp-json\/wp\/v2\/product"}],"about":[{"href":"https:\/\/roveyayinevi.com.tr\/index.php\/wp-json\/wp\/v2\/types\/product"}],"wp:attachment":[{"href":"https:\/\/roveyayinevi.com.tr\/index.php\/wp-json\/wp\/v2\/media?parent=699436"}],"wp:term":[{"taxonomy":"product_brand","embeddable":true,"href":"https:\/\/roveyayinevi.com.tr\/index.php\/wp-json\/wp\/v2\/product_brand?post=699436"},{"taxonomy":"product_cat","embeddable":true,"href":"https:\/\/roveyayinevi.com.tr\/index.php\/wp-json\/wp\/v2\/product_cat?post=699436"},{"taxonomy":"product_tag","embeddable":true,"href":"https:\/\/roveyayinevi.com.tr\/index.php\/wp-json\/wp\/v2\/product_tag?post=699436"}],"curies":[{"name":"wp","href":"https:\/\/api.w.org\/{rel}","templated":true}]}}