{"id":699429,"date":"2025-08-27T14:50:56","date_gmt":"2025-08-27T11:50:56","guid":{"rendered":"https:\/\/roveyayinevi.com.tr\/index.php\/urun\/metis-kucuk-filozoflar-serisi-06-leibniz-mumkun-dunyalarin-en-iyisi\/"},"modified":"2026-04-16T02:08:47","modified_gmt":"2026-04-15T23:08:47","slug":"metis-kucuk-filozoflar-serisi-06-leibniz-mumkun-dunyalarin-en-iyisi","status":"publish","type":"product","link":"https:\/\/roveyayinevi.com.tr\/index.php\/urun\/metis-kucuk-filozoflar-serisi-06-leibniz-mumkun-dunyalarin-en-iyisi\/","title":{"rendered":"Metis K\u00fc\u00e7\u00fck Filozoflar Serisi 06 &#8211; Leibniz: M\u00fcmk\u00fcn D\u00fcnyalar\u0131n En \u0130yisi"},"content":{"rendered":"<p>K\u00fc\u00e7\u00fck Filozoflar Dizisi, 8-12 ya\u015f \u00e7ocuklar\u0131 i\u00e7in filozoflar\u0131n hik\u00e2yelerini anlatan \u00e7ok g\u00fczel resimlenmi\u015f kitaplardan olu\u015fuyor. Diziyle \u00e7ocuklar\u0131n felsefeye zevkli bir giri\u015f yapmalar\u0131n\u0131, kendi sorular\u0131n\u0131n pe\u015finden gitme al\u0131\u015fkanl\u0131\u011f\u0131 kazanmalar\u0131n\u0131 ama\u00e7l\u0131yoruz. Leibniz: M\u00fcmk\u00fcn D\u00fcnyalar\u0131n En \u0130yisi, K\u00fc\u00e7\u00fck Filozoflar dizisinin alt\u0131nc\u0131 kitab\u0131. \u0130ki temel sorusu var kitab\u0131n: Bundan daha iyi bir d\u00fcnya olamaz m\u0131? Ya\u015fad\u0131\u011f\u0131m\u0131z d\u00fcnya olabilecek d\u00fcnyalar\u0131n en iyisi mi ger\u00e7ekten? Hik\u00e2yemizde, Alman filozof Wilhelm Leibniz \u00f6mr\u00fcn\u00fcn sonlar\u0131na do\u011fru bir ak\u015fam, b\u00fct\u00fcn evreni a\u00e7\u0131klamak i\u00e7in yazd\u0131\u011f\u0131 sat\u0131rlara art\u0131k son noktay\u0131 koydu\u011funu d\u00fc\u015f\u00fcn\u00fcyordu. Ne var ki k\u00fc\u00e7\u00fck dostu Th\u00e9odore &#8220;k\u00f6t\u00fcl\u00fck&#8221; sorununu anlayamam\u0131\u015ft\u0131: \u0130nsanlar bu kadar b\u00fcy\u00fck su\u00e7lar\u0131 nas\u0131l i\u015fleyebiliyordu? \ufffc<\/p>\n","protected":false},"excerpt":{"rendered":"<p>K\u00fc\u00e7\u00fck Filozoflar Dizisi, 8-12 ya\u015f \u00e7ocuklar\u0131 i\u00e7in filozoflar\u0131n hik\u00e2yelerini anlatan \u00e7ok g\u00fczel resimlenmi\u015f kitaplardan olu\u015fuyor. Diziyle \u00e7ocuklar\u0131n felsefeye zevkli bir giri\u015f yapmalar\u0131n\u0131, kendi sorular\u0131n\u0131n pe\u015finden gitme<span class=\"excerpt-hellip\"> [\u2026]<\/span><\/p>\n","protected":false},"featured_media":0,"template":"","meta":{"_monsterinsights_skip_tracking":false,"_monsterinsights_sitenote_active":false,"_monsterinsights_sitenote_note":"","_monsterinsights_sitenote_category":0},"product_brand":[],"product_cat":[12312,12304],"product_tag":[],"class_list":{"0":"post-699429","1":"product","2":"type-product","3":"status-publish","5":"product_cat-diger","6":"product_cat-tarih","7":"pa_cilt-ciltsiz","8":"pa_tur-kitap","9":"pa_yayinevi-metis-yayinlari","10":"pa_yazar-jean-paul-mongin","12":"first","13":"instock","14":"sale","15":"shipping-taxable","16":"purchasable","17":"product-type-simple"},"_links":{"self":[{"href":"https:\/\/roveyayinevi.com.tr\/index.php\/wp-json\/wp\/v2\/product\/699429","targetHints":{"allow":["GET"]}}],"collection":[{"href":"https:\/\/roveyayinevi.com.tr\/index.php\/wp-json\/wp\/v2\/product"}],"about":[{"href":"https:\/\/roveyayinevi.com.tr\/index.php\/wp-json\/wp\/v2\/types\/product"}],"wp:attachment":[{"href":"https:\/\/roveyayinevi.com.tr\/index.php\/wp-json\/wp\/v2\/media?parent=699429"}],"wp:term":[{"taxonomy":"product_brand","embeddable":true,"href":"https:\/\/roveyayinevi.com.tr\/index.php\/wp-json\/wp\/v2\/product_brand?post=699429"},{"taxonomy":"product_cat","embeddable":true,"href":"https:\/\/roveyayinevi.com.tr\/index.php\/wp-json\/wp\/v2\/product_cat?post=699429"},{"taxonomy":"product_tag","embeddable":true,"href":"https:\/\/roveyayinevi.com.tr\/index.php\/wp-json\/wp\/v2\/product_tag?post=699429"}],"curies":[{"name":"wp","href":"https:\/\/api.w.org\/{rel}","templated":true}]}}