{"id":699426,"date":"2025-08-27T14:50:55","date_gmt":"2025-08-27T11:50:55","guid":{"rendered":"https:\/\/roveyayinevi.com.tr\/index.php\/urun\/modern-mahrem\/"},"modified":"2026-04-16T02:08:47","modified_gmt":"2026-04-15T23:08:47","slug":"modern-mahrem","status":"publish","type":"product","link":"https:\/\/roveyayinevi.com.tr\/index.php\/urun\/modern-mahrem\/","title":{"rendered":"Modern Mahrem"},"content":{"rendered":"<p>Modernli\u011fi, ekonomik geli\u015fme, siyasal iktidar bi\u00e7imleri, kentle\u015fme gibi sosyo-politik olgularla alg\u0131lamaya al\u0131\u015fk\u0131n\u0131z. T\u00fcrk deneyimi ise modernizmin \u00f6zel ya\u015famlar, mahrem alan \u00fczerindeki d\u00f6n\u00fc\u015ft\u00fcr\u00fcc\u00fc g\u00fcc\u00fcn\u00fc g\u00f6stermesi bak\u0131m\u0131ndan emsalsizdir. Bu ba\u011flamda Modern Mahrem T\u00fcrk modernle\u015fmesi tarihine, mahrem cephesinden bakmaktad\u0131r. Bu kitaptaki alternatif okuma, modernizm ve kad\u0131n-erkek ili\u015fkileri aras\u0131ndaki kara k\u0131tay\u0131 g\u00fcn \u0131\u015f\u0131\u011f\u0131na \u00e7\u0131karmay\u0131 ama\u00e7lamaktad\u0131r. \ufffc<\/p>\n","protected":false},"excerpt":{"rendered":"<p>Modernli\u011fi, ekonomik geli\u015fme, siyasal iktidar bi\u00e7imleri, kentle\u015fme gibi sosyo-politik olgularla alg\u0131lamaya al\u0131\u015fk\u0131n\u0131z. T\u00fcrk deneyimi ise modernizmin \u00f6zel ya\u015famlar, mahrem alan \u00fczerindeki d\u00f6n\u00fc\u015ft\u00fcr\u00fcc\u00fc g\u00fcc\u00fcn\u00fc g\u00f6stermesi bak\u0131m\u0131ndan emsalsizdir.<span class=\"excerpt-hellip\"> [\u2026]<\/span><\/p>\n","protected":false},"featured_media":0,"template":"","meta":{"_monsterinsights_skip_tracking":false,"_monsterinsights_sitenote_active":false,"_monsterinsights_sitenote_note":"","_monsterinsights_sitenote_category":0},"product_brand":[],"product_cat":[12835,12324],"product_tag":[],"class_list":{"0":"post-699426","1":"product","2":"type-product","3":"status-publish","5":"product_cat-genel-sosyoloji","6":"product_cat-sosyoloji","7":"pa_cilt-ciltsiz","8":"pa_tur-kitap","9":"pa_yayinevi-metis-yayinlari","10":"pa_yazar-nilufer-gole","12":"first","13":"instock","14":"sale","15":"shipping-taxable","16":"purchasable","17":"product-type-simple"},"_links":{"self":[{"href":"https:\/\/roveyayinevi.com.tr\/index.php\/wp-json\/wp\/v2\/product\/699426","targetHints":{"allow":["GET"]}}],"collection":[{"href":"https:\/\/roveyayinevi.com.tr\/index.php\/wp-json\/wp\/v2\/product"}],"about":[{"href":"https:\/\/roveyayinevi.com.tr\/index.php\/wp-json\/wp\/v2\/types\/product"}],"wp:attachment":[{"href":"https:\/\/roveyayinevi.com.tr\/index.php\/wp-json\/wp\/v2\/media?parent=699426"}],"wp:term":[{"taxonomy":"product_brand","embeddable":true,"href":"https:\/\/roveyayinevi.com.tr\/index.php\/wp-json\/wp\/v2\/product_brand?post=699426"},{"taxonomy":"product_cat","embeddable":true,"href":"https:\/\/roveyayinevi.com.tr\/index.php\/wp-json\/wp\/v2\/product_cat?post=699426"},{"taxonomy":"product_tag","embeddable":true,"href":"https:\/\/roveyayinevi.com.tr\/index.php\/wp-json\/wp\/v2\/product_tag?post=699426"}],"curies":[{"name":"wp","href":"https:\/\/api.w.org\/{rel}","templated":true}]}}