{"id":699425,"date":"2025-08-27T14:50:55","date_gmt":"2025-08-27T11:50:55","guid":{"rendered":"https:\/\/roveyayinevi.com.tr\/index.php\/urun\/baska-bir-estetik\/"},"modified":"2026-04-16T02:08:47","modified_gmt":"2026-04-15T23:08:47","slug":"baska-bir-estetik","status":"publish","type":"product","link":"https:\/\/roveyayinevi.com.tr\/index.php\/urun\/baska-bir-estetik\/","title":{"rendered":"Ba\u015fka Bir Estetik"},"content":{"rendered":"<p>Badiou&#8217;n\u00fcn &#8220;ba\u015fka bir esteti\u011fi&#8221; ara\u015ft\u0131ran bu k\u0131lavuzu, esteti\u011fi felsefenin bir alt disiplini olarak de\u011fil, estetik \u00fcr\u00fcnlerin dile getirdiklerini ba\u015fl\u0131 ba\u015f\u0131na bir felsefe olarak okumaya d\u00f6n\u00fck bir giri\u015fim. Bunun i\u00e7in \u015fiir, dans, tiyatro ve sinemay\u0131 kateden ve tekrar \u015fiire d\u00f6nen yazar, sanat\u0131n, daha do\u011frusu ba\u015fta Mallarm\u00e9, Pessoa ve Beckett olmak \u00fczere sanat\u00e7\u0131lar\u0131n kendi felsefelerinin pe\u015fine d\u00fc\u015f\u00fcyor. Ba\u015fka bir estetik: art\u0131k estetik-olmayan bir estetik. Duyumsall\u0131\u011f\u0131n bug\u00fcnk\u00fc yerinin kar\u015f\u0131s\u0131na yerle\u015fmi\u015f bir estetik. Belki ancak esteti\u011fin i\u00e7inden ge\u00e7erek olu\u015fturulabilecek bir estetik. \ufffcTan\u0131t\u0131m Metni<\/p>\n","protected":false},"excerpt":{"rendered":"<p>Badiou&#8217;n\u00fcn &#8220;ba\u015fka bir esteti\u011fi&#8221; ara\u015ft\u0131ran bu k\u0131lavuzu, esteti\u011fi felsefenin bir alt disiplini olarak de\u011fil, estetik \u00fcr\u00fcnlerin dile getirdiklerini ba\u015fl\u0131 ba\u015f\u0131na bir felsefe olarak okumaya d\u00f6n\u00fck bir<span class=\"excerpt-hellip\"> [\u2026]<\/span><\/p>\n","protected":false},"featured_media":0,"template":"","meta":{"_monsterinsights_skip_tracking":false,"_monsterinsights_sitenote_active":false,"_monsterinsights_sitenote_note":"","_monsterinsights_sitenote_category":0},"product_brand":[],"product_cat":[12312,12304],"product_tag":[],"class_list":{"0":"post-699425","1":"product","2":"type-product","3":"status-publish","5":"product_cat-diger","6":"product_cat-tarih","7":"pa_cilt-ciltsiz","8":"pa_tur-kitap","9":"pa_yayinevi-metis-yayinlari","10":"pa_yazar-alain-badiou","12":"first","13":"instock","14":"sale","15":"shipping-taxable","16":"purchasable","17":"product-type-simple"},"_links":{"self":[{"href":"https:\/\/roveyayinevi.com.tr\/index.php\/wp-json\/wp\/v2\/product\/699425","targetHints":{"allow":["GET"]}}],"collection":[{"href":"https:\/\/roveyayinevi.com.tr\/index.php\/wp-json\/wp\/v2\/product"}],"about":[{"href":"https:\/\/roveyayinevi.com.tr\/index.php\/wp-json\/wp\/v2\/types\/product"}],"wp:attachment":[{"href":"https:\/\/roveyayinevi.com.tr\/index.php\/wp-json\/wp\/v2\/media?parent=699425"}],"wp:term":[{"taxonomy":"product_brand","embeddable":true,"href":"https:\/\/roveyayinevi.com.tr\/index.php\/wp-json\/wp\/v2\/product_brand?post=699425"},{"taxonomy":"product_cat","embeddable":true,"href":"https:\/\/roveyayinevi.com.tr\/index.php\/wp-json\/wp\/v2\/product_cat?post=699425"},{"taxonomy":"product_tag","embeddable":true,"href":"https:\/\/roveyayinevi.com.tr\/index.php\/wp-json\/wp\/v2\/product_tag?post=699425"}],"curies":[{"name":"wp","href":"https:\/\/api.w.org\/{rel}","templated":true}]}}