{"id":699424,"date":"2025-08-27T14:50:55","date_gmt":"2025-08-27T11:50:55","guid":{"rendered":"https:\/\/roveyayinevi.com.tr\/index.php\/urun\/lanet-olsun-zaman-nehrine\/"},"modified":"2025-11-22T03:05:59","modified_gmt":"2025-11-22T00:05:59","slug":"lanet-olsun-zaman-nehrine","status":"publish","type":"product","link":"https:\/\/roveyayinevi.com.tr\/index.php\/urun\/lanet-olsun-zaman-nehrine\/","title":{"rendered":"Lanet Olsun Zaman Nehrine"},"content":{"rendered":"<p>Lanet Olsun Zaman Nehrine, Norve\u00e7li yazar Per Petterson&#8217;un yay\u0131mlanm\u0131\u015f son roman\u0131. Hayatta arad\u0131\u011f\u0131n\u0131 bulamam\u0131\u015f veya buldu\u011funu kaybetmi\u015f, d\u00fcnya \u00fczerindeki yerini sa\u011flamla\u015ft\u0131ramam\u0131\u015f, hep teredd\u00fct eden, hep bocalayan bir adam\u0131n, Arvid Jansen&#8217;in hik\u00e2yesini kendi anlat\u0131m\u0131ndan \u00f6\u011freniyoruz bu romanda. Arvid ge\u00e7mi\u015fi par\u00e7a par\u00e7a hat\u0131rlarken, hayat\u0131 zihnimizde yava\u015f yava\u015f belirginle\u015fiyor: \u0130htiya\u00e7 duydu\u011fu sevgi ve ilgiden mahrum kald\u0131\u011f\u0131 \u00e7ocuklu\u011fu; idealleri u\u011fruna \u00fcniversiteyi b\u0131rak\u0131p bir fabrikada i\u015f\u00e7i olarak \u00e7al\u0131\u015ft\u0131\u011f\u0131 ve a\u015fkta hep arad\u0131\u011f\u0131 s\u0131\u011f\u0131na\u011f\u0131 buldu\u011fu gen\u00e7li\u011fi; bo\u015fanman\u0131n e\u015fi\u011finde oldu\u011fu ve annesinin mide kanserine yakaland\u0131\u011f\u0131n\u0131 \u00f6\u011frendi\u011fi buhranl\u0131 yeti\u015fkinlik y\u0131llar\u0131. Arvid&#8217;in hik\u00e2yesi her \u015feyden \u00f6nce, duygular\u0131n bast\u0131r\u0131ld\u0131\u011f\u0131 ve ili\u015fkilerin mesafeli oldu\u011fu bir ortamda i\u00e7indeki yo\u011fun duygular\u0131 ifade etmeye, mesafeleri a\u015fmaya \u00e7al\u0131\u015fan bir adam\u0131n ya\u015fad\u0131\u011f\u0131 h\u00fcsran\u0131n hik\u00e2yesi. T\u0131pk\u0131 yaratt\u0131\u011f\u0131 karakterler gibi, Peterson da a\u00e7\u0131k\u00e7a s\u00f6yledi\u011finden \u00e7ok daha fazlas\u0131n\u0131 anlat\u0131yor bu romanda. Bo\u015fluk, varl\u0131\u011f\u0131yla g\u00f6steriyor yoklu\u011fu. Yak\u0131n insan temas\u0131n\u0131n varl\u0131\u011f\u0131yla yoklu\u011fu aras\u0131ndaki fark\u0131n b\u00fcy\u00fckl\u00fc\u011f\u00fcn\u00fc bir kez daha g\u00f6r\u00fcyoruz t\u00fcm a\u00e7\u0131kl\u0131\u011f\u0131yla.<\/p>\n","protected":false},"excerpt":{"rendered":"<p>Lanet Olsun Zaman Nehrine, Norve\u00e7li yazar Per Petterson&#8217;un yay\u0131mlanm\u0131\u015f son roman\u0131. Hayatta arad\u0131\u011f\u0131n\u0131 bulamam\u0131\u015f veya buldu\u011funu kaybetmi\u015f, d\u00fcnya \u00fczerindeki yerini sa\u011flamla\u015ft\u0131ramam\u0131\u015f, hep teredd\u00fct eden, hep bocalayan<span class=\"excerpt-hellip\"> [\u2026]<\/span><\/p>\n","protected":false},"featured_media":0,"template":"","meta":{"_monsterinsights_skip_tracking":false,"_monsterinsights_sitenote_active":false,"_monsterinsights_sitenote_note":"","_monsterinsights_sitenote_category":0},"product_brand":[],"product_cat":[13661,12291],"product_tag":[],"class_list":{"0":"post-699424","1":"product","2":"type-product","3":"status-publish","5":"product_cat-diger-ulke-edebiyatlari","6":"product_cat-edebiyat","7":"pa_cilt-ciltsiz","8":"pa_tur-kitap","9":"pa_yayinevi-metis-yayinlari","10":"pa_yazar-per-petterson","12":"first","13":"instock","14":"sale","15":"shipping-taxable","16":"purchasable","17":"product-type-simple"},"_links":{"self":[{"href":"https:\/\/roveyayinevi.com.tr\/index.php\/wp-json\/wp\/v2\/product\/699424","targetHints":{"allow":["GET"]}}],"collection":[{"href":"https:\/\/roveyayinevi.com.tr\/index.php\/wp-json\/wp\/v2\/product"}],"about":[{"href":"https:\/\/roveyayinevi.com.tr\/index.php\/wp-json\/wp\/v2\/types\/product"}],"wp:attachment":[{"href":"https:\/\/roveyayinevi.com.tr\/index.php\/wp-json\/wp\/v2\/media?parent=699424"}],"wp:term":[{"taxonomy":"product_brand","embeddable":true,"href":"https:\/\/roveyayinevi.com.tr\/index.php\/wp-json\/wp\/v2\/product_brand?post=699424"},{"taxonomy":"product_cat","embeddable":true,"href":"https:\/\/roveyayinevi.com.tr\/index.php\/wp-json\/wp\/v2\/product_cat?post=699424"},{"taxonomy":"product_tag","embeddable":true,"href":"https:\/\/roveyayinevi.com.tr\/index.php\/wp-json\/wp\/v2\/product_tag?post=699424"}],"curies":[{"name":"wp","href":"https:\/\/api.w.org\/{rel}","templated":true}]}}