{"id":699411,"date":"2025-08-27T14:50:51","date_gmt":"2025-08-27T11:50:51","guid":{"rendered":"https:\/\/roveyayinevi.com.tr\/index.php\/urun\/larousse-semboller-sozlugu\/"},"modified":"2026-04-16T02:08:47","modified_gmt":"2026-04-15T23:08:47","slug":"larousse-semboller-sozlugu","status":"publish","type":"product","link":"https:\/\/roveyayinevi.com.tr\/index.php\/urun\/larousse-semboller-sozlugu\/","title":{"rendered":"Larousse Semboller S\u00f6zl\u00fc\u011f\u00fc"},"content":{"rendered":"<p>Olduk\u00e7a kapsaml\u0131 ve kolay kullan\u0131labilir olan bu s\u00f6zl\u00fck, d\u00fcnya k\u00fclt\u00fcr\u00fcne ait 900\u2019den fazla temel sembol\u00fc \u00e7\u00f6z\u00fcmlemekte ve a\u00e7\u0131klamaktad\u0131r. Semboller, bilginin anahtarlar\u0131d\u0131r: \u0130nisiye olmayanlar i\u00e7in kapal\u0131 ve gizemlidirler. Semboller, i\u00e7erdikleri anlamlar\u0131 onlar\u0131n kodlar\u0131n\u0131 \u00e7\u00f6zebilenlere, gizli anlamlar\u0131 ve tabular\u0131 ke\u015ffedebilenlere a\u00e7arlar. K\u00f6kleri Kitab-\u0131 Mukaddes ve Antik k\u00fclt\u00fcre uzanan semboller; din\u00ee rit\u00fceller, ezoterizm, sanat ve ayn\u0131 zamanda psikanaliz, politika ve reklamlarda mevcutturlar\u2026 Gizli anlamlar bitkiler, hayvanlar, renkler, say\u0131lar, s\u00fbretler, fantastik yarat\u0131klarla irtibatl\u0131d\u0131rlar\u2026 Ayn\u0131 \u015fekilde d\u00fcnya da anlamlar\u0131n yo\u011fun olarak yer ald\u0131\u011f\u0131 bir \u2018semboller orman\u0131d\u0131r\u2019. Bir\u00e7ok g\u00f6rsel malzeme, Larousse Semboller S\u00f6zl\u00fc\u011f\u00fc\u2019n\u00fc \u00f6zellikle dikkat \u00e7ekici k\u0131lmaktad\u0131r.<\/p>\n","protected":false},"excerpt":{"rendered":"<p>Olduk\u00e7a kapsaml\u0131 ve kolay kullan\u0131labilir olan bu s\u00f6zl\u00fck, d\u00fcnya k\u00fclt\u00fcr\u00fcne ait 900\u2019den fazla temel sembol\u00fc \u00e7\u00f6z\u00fcmlemekte ve a\u00e7\u0131klamaktad\u0131r. Semboller, bilginin anahtarlar\u0131d\u0131r: \u0130nisiye olmayanlar i\u00e7in kapal\u0131 ve<span class=\"excerpt-hellip\"> [\u2026]<\/span><\/p>\n","protected":false},"featured_media":0,"template":"","meta":{"_monsterinsights_skip_tracking":false,"_monsterinsights_sitenote_active":false,"_monsterinsights_sitenote_note":"","_monsterinsights_sitenote_category":0},"product_brand":[],"product_cat":[13633,12324],"product_tag":[],"class_list":{"0":"post-699411","1":"product","2":"type-product","3":"status-publish","5":"product_cat-kultur-ve-bilim","6":"product_cat-sosyoloji","7":"pa_cilt-ciltsiz","8":"pa_tur-kitap","9":"pa_yayinevi-bilge-kultur-sanat","10":"pa_yazar-robert-olorenshaw","12":"first","13":"instock","14":"sale","15":"shipping-taxable","16":"purchasable","17":"product-type-simple"},"_links":{"self":[{"href":"https:\/\/roveyayinevi.com.tr\/index.php\/wp-json\/wp\/v2\/product\/699411","targetHints":{"allow":["GET"]}}],"collection":[{"href":"https:\/\/roveyayinevi.com.tr\/index.php\/wp-json\/wp\/v2\/product"}],"about":[{"href":"https:\/\/roveyayinevi.com.tr\/index.php\/wp-json\/wp\/v2\/types\/product"}],"wp:attachment":[{"href":"https:\/\/roveyayinevi.com.tr\/index.php\/wp-json\/wp\/v2\/media?parent=699411"}],"wp:term":[{"taxonomy":"product_brand","embeddable":true,"href":"https:\/\/roveyayinevi.com.tr\/index.php\/wp-json\/wp\/v2\/product_brand?post=699411"},{"taxonomy":"product_cat","embeddable":true,"href":"https:\/\/roveyayinevi.com.tr\/index.php\/wp-json\/wp\/v2\/product_cat?post=699411"},{"taxonomy":"product_tag","embeddable":true,"href":"https:\/\/roveyayinevi.com.tr\/index.php\/wp-json\/wp\/v2\/product_tag?post=699411"}],"curies":[{"name":"wp","href":"https:\/\/api.w.org\/{rel}","templated":true}]}}