{"id":699406,"date":"2025-08-27T14:50:49","date_gmt":"2025-08-27T11:50:49","guid":{"rendered":"https:\/\/roveyayinevi.com.tr\/index.php\/urun\/azinligin-zenginligi-hepimizin-cikarina-midir\/"},"modified":"2026-04-16T02:08:47","modified_gmt":"2026-04-15T23:08:47","slug":"azinligin-zenginligi-hepimizin-cikarina-midir","status":"publish","type":"product","link":"https:\/\/roveyayinevi.com.tr\/index.php\/urun\/azinligin-zenginligi-hepimizin-cikarina-midir\/","title":{"rendered":"Az\u0131nl\u0131\u011f\u0131n Zenginli\u011fi Hepimizin \u00c7\u0131kar\u0131na m\u0131d\u0131r?"},"content":{"rendered":"<p>G\u00fcn\u00fcm\u00fczde art\u0131k b\u00fct\u00fcn d\u00fcnyada egemenli\u011fini kurmu\u015f olan neoliberal kapitalizmin yanda\u015flar\u0131na g\u00f6re, yoksullar\u0131n i\u00e7inde bulunduklar\u0131 sefaletten kurtulmalar\u0131 i\u00e7in zenginlerin daha zengin olmas\u0131, daha az vergi vermesi gerekir, \u00e7\u00fcnk\u00fc bu durum hepimizin \u00e7\u0131kar\u0131nad\u0131r. Ne var ki genelde kabul g\u00f6ren bu yakla\u015f\u0131m g\u00fcndelik deneyimlerimizle, bol miktardaki ara\u015ft\u0131rma sonu\u00e7lar\u0131yla ve asl\u0131nda mant\u0131kla \u015fekilde uyu\u015fmuyor. Somut kan\u0131tlar ile pop\u00fcler inan\u0131\u015flar aras\u0131ndaki bu tuhaf uyumsuzluk \u00fczerine biraz durup d\u00fc\u015f\u00fcn\u00fcnce akla \u015fu soru geliyor: Aksine onca kan\u0131t ve olguya ra\u011fmen bu g\u00f6r\u00fc\u015fler nas\u0131l oluyor da bu kadar yayg\u0131n ve diren\u00e7li kalabiliyor? \u0130\u015fin daha garip, belki de daha vahim yan\u0131 ise \u015fudur: Tarihte daha \u00f6nce e\u015fine rastlamad\u0131\u011f\u0131m\u0131z, kabul edilmesi imk\u00e2ns\u0131z ama yine de h\u0131zla b\u00fcy\u00fcyen mevcut toplumsal e\u015fitsizlikte rol oynamam\u0131\u015f olsayd\u0131, bu yakla\u015f\u0131mlar\u0131n bir g\u00fcn dahi ayakta kalmas\u0131 m\u00fcmk\u00fcn de\u011fildi. Demek ki d\u00fcnya \u00e7ap\u0131nda b\u00fcy\u00fck bir ahlaki krizin i\u00e7indeyiz. Halbuki liberal kapitalizmin en b\u00fcy\u00fck d\u00fc\u015f\u00fcn\u00fcr\u00fc Adam Smith daha 18. y\u00fczy\u0131lda \u015f\u00f6yle diyordu: \u201cZengin ve g\u00fc\u00e7l\u00fc olanlara hayranl\u0131k duyup onlara neredeyse taparken, fakir ve muhta\u00e7 durumdakileri hor g\u00f6rme veya en az\u0131ndan g\u00f6rmezden gelme e\u011filimi ahlak anlay\u0131\u015f\u0131m\u0131z\u0131 \u00e7\u00f6kerten en b\u00fcy\u00fck ve en yayg\u0131n nedendir.\u201d D\u00fcnyan\u0131n \u00f6nde gelen toplumsal d\u00fc\u015f\u00fcn\u00fcrlerinden Zygmunt Bauman\u2019\u0131n kaleme ald\u0131\u011f\u0131 bu k\u0131sa kitap, i\u015fte bu sorunlara e\u011filiyor. Bauman, s\u00f6z konusu g\u00f6r\u00fc\u015flerin dayand\u0131\u011f\u0131 ve \u00fczerinde uzun uzad\u0131ya d\u00fc\u015f\u00fcn\u00fclmemi\u015f varsay\u0131mlar\u0131n ve inan\u0131\u015flar\u0131n listesini s\u0131ral\u0131yor ve tek tek ele alarak onlar\u0131n nas\u0131l da yan\u0131lt\u0131c\u0131 ve aldat\u0131c\u0131 oldu\u011funu g\u00f6steriyor. <\/p>\n","protected":false},"excerpt":{"rendered":"<p>G\u00fcn\u00fcm\u00fczde art\u0131k b\u00fct\u00fcn d\u00fcnyada egemenli\u011fini kurmu\u015f olan neoliberal kapitalizmin yanda\u015flar\u0131na g\u00f6re, yoksullar\u0131n i\u00e7inde bulunduklar\u0131 sefaletten kurtulmalar\u0131 i\u00e7in zenginlerin daha zengin olmas\u0131, daha az vergi vermesi gerekir,<span class=\"excerpt-hellip\"> [\u2026]<\/span><\/p>\n","protected":false},"featured_media":0,"template":"","meta":{"_monsterinsights_skip_tracking":false,"_monsterinsights_sitenote_active":false,"_monsterinsights_sitenote_note":"","_monsterinsights_sitenote_category":0},"product_brand":[],"product_cat":[12312,12304],"product_tag":[],"class_list":{"0":"post-699406","1":"product","2":"type-product","3":"status-publish","5":"product_cat-diger","6":"product_cat-tarih","7":"pa_cilt-ciltsiz","8":"pa_tur-kitap","9":"pa_yayinevi-ayrinti-yayinlari","10":"pa_yazar-zygmunt-bauman","12":"first","13":"instock","14":"sale","15":"shipping-taxable","16":"purchasable","17":"product-type-simple"},"_links":{"self":[{"href":"https:\/\/roveyayinevi.com.tr\/index.php\/wp-json\/wp\/v2\/product\/699406","targetHints":{"allow":["GET"]}}],"collection":[{"href":"https:\/\/roveyayinevi.com.tr\/index.php\/wp-json\/wp\/v2\/product"}],"about":[{"href":"https:\/\/roveyayinevi.com.tr\/index.php\/wp-json\/wp\/v2\/types\/product"}],"wp:attachment":[{"href":"https:\/\/roveyayinevi.com.tr\/index.php\/wp-json\/wp\/v2\/media?parent=699406"}],"wp:term":[{"taxonomy":"product_brand","embeddable":true,"href":"https:\/\/roveyayinevi.com.tr\/index.php\/wp-json\/wp\/v2\/product_brand?post=699406"},{"taxonomy":"product_cat","embeddable":true,"href":"https:\/\/roveyayinevi.com.tr\/index.php\/wp-json\/wp\/v2\/product_cat?post=699406"},{"taxonomy":"product_tag","embeddable":true,"href":"https:\/\/roveyayinevi.com.tr\/index.php\/wp-json\/wp\/v2\/product_tag?post=699406"}],"curies":[{"name":"wp","href":"https:\/\/api.w.org\/{rel}","templated":true}]}}