{"id":699405,"date":"2025-08-27T14:50:49","date_gmt":"2025-08-27T11:50:49","guid":{"rendered":"https:\/\/roveyayinevi.com.tr\/index.php\/urun\/yedi-yasimda-bindigim-kamyonun-frenleri-patladi-ve-hayata-yuvarlandim\/"},"modified":"2026-04-16T02:08:47","modified_gmt":"2026-04-15T23:08:47","slug":"yedi-yasimda-bindigim-kamyonun-frenleri-patladi-ve-hayata-yuvarlandim","status":"publish","type":"product","link":"https:\/\/roveyayinevi.com.tr\/index.php\/urun\/yedi-yasimda-bindigim-kamyonun-frenleri-patladi-ve-hayata-yuvarlandim\/","title":{"rendered":"Yedi Ya\u015f\u0131mda Bindi\u011fim Kamyonun Frenleri Patlad\u0131 ve Hayata Yuvarland\u0131m"},"content":{"rendered":"<p>Hayat\u0131mda sahip oldu\u011fum t\u00fcm ba\u015far\u0131lar\u0131 ufkumun geni\u015f olmas\u0131na, giri\u015fimci olmama, \u00e7ok \u00e7al\u0131\u015fmaya ve asla pes etmemeye bor\u00e7luyum. Yine ba\u015far\u0131m\u0131n en b\u00fcy\u00fck nedenlerinden biri kendimden b\u00fcy\u00fck insanlarla birlikte zaman ge\u00e7irmek, onlar\u0131n konu\u015ftuklar\u0131n\u0131 can kula\u011f\u0131 ile dinlemek ve \u00f6\u011frendiklerimi hayat\u0131ma entegre etmemdir. Bu, \u0130zmit&#8217;in k\u00fc\u00e7\u00fck bir mahallesinde gariban bir ailenin \u00e7ocu\u011fu olarak do\u011fan, bursla okuyan, cebinde paras\u0131 olmadan evlenen ve ilk i\u015fini kuran bir &#8220;giri\u015fimci&#8221;nin insan\u0131 \u015fevke getiren ya\u015fam \u00f6yk\u00fcs\u00fcd\u00fcr. T\u00fcrkiye&#8217;nin ilk \u0131slak mendil markas\u0131 olan, bug\u00fcn 65 \u00fclkeye ihracat yapan, 8&#8217;inde pazar lideri olan Uni&#8217;nin kurucusu, nam-\u0131 di\u011fer &#8220;mucit&#8221; Ataman \u00d6zbay; cesaret, tutku, \u00e7al\u0131\u015fkanl\u0131k, vizyonerlik ve proaktif ki\u015filik \u00f6zelliklerine sahip olan ger\u00e7ek bir giri\u015fimcinin portresini sunuyor bize. \u0130nsan isterse neleri ba\u015farabilir, neler yapabilir g\u00f6zler \u00f6n\u00fcne seren \u00d6zbay, &#8220;Ailemde zengin yok, amcam, day\u0131m, torpilim yok&#8221; diyen arkada\u015flara da \u00f6rnek te\u015fkil ediyor. \u0130stemekle, inan\u00e7la gelen ba\u015far\u0131y\u0131 anlat\u0131yor.  Bu kitap, her gencin elinin alt\u0131nda bulunmas\u0131 gereken bir eserdir. Bug\u00fcn \u00f6n\u00fcn\u00fc en iyi \u015fekilde g\u00f6rebilmek, en do\u011fru yolu bulabilmek, gelece\u011fini en iyi ve en do\u011fru \u015fekilde planlamak \u00e7abas\u0131 i\u00e7inde bulunan gen\u00e7ler i\u00e7in bir hayat rehberi olacakt\u0131r. -Prof. Dr. Ayd\u0131n Esen \/ Hali\u00e7 \u00dcniversitesi &#8211; Mimarl\u0131k Fak\u00fcltesi \u00d6\u011fretim \u00dcyesi- Her nesli i\u00e7ine \u00e7ekebilen bir hayat hik\u00e2yesi bu. Yediden yetmi\u015fe herkesin kendinden bir \u015feyler bulabilece\u011fi ve hayat ile ilgili ders alabilece\u011fi bir solukta okunacak \u00f6zel bir eser. -Do\u00e7. Dr. Burcu Demirel Utku\/Akademisyen- Zihinlerde yeni kap\u0131lar a\u00e7acak bir kitap. -Ebru C\u00fcnd\u00fcbeyo\u011flu Mete \/ Sanat\u00e7\u0131- <\/p>\n","protected":false},"excerpt":{"rendered":"<p>Hayat\u0131mda sahip oldu\u011fum t\u00fcm ba\u015far\u0131lar\u0131 ufkumun geni\u015f olmas\u0131na, giri\u015fimci olmama, \u00e7ok \u00e7al\u0131\u015fmaya ve asla pes etmemeye bor\u00e7luyum. Yine ba\u015far\u0131m\u0131n en b\u00fcy\u00fck nedenlerinden biri kendimden b\u00fcy\u00fck insanlarla<span class=\"excerpt-hellip\"> [\u2026]<\/span><\/p>\n","protected":false},"featured_media":0,"template":"","meta":{"_monsterinsights_skip_tracking":false,"_monsterinsights_sitenote_active":false,"_monsterinsights_sitenote_note":"","_monsterinsights_sitenote_category":0},"product_brand":[],"product_cat":[13043,19008],"product_tag":[],"class_list":{"0":"post-699405","1":"product","2":"type-product","3":"status-publish","5":"product_cat-ekonomi","6":"product_cat-yonetim","7":"pa_cilt-ciltsiz","8":"pa_tur-kitap","9":"pa_yayinevi-elma-yayinevi","10":"pa_yazar-ataman-ozbay","12":"first","13":"instock","14":"sale","15":"shipping-taxable","16":"purchasable","17":"product-type-simple"},"_links":{"self":[{"href":"https:\/\/roveyayinevi.com.tr\/index.php\/wp-json\/wp\/v2\/product\/699405","targetHints":{"allow":["GET"]}}],"collection":[{"href":"https:\/\/roveyayinevi.com.tr\/index.php\/wp-json\/wp\/v2\/product"}],"about":[{"href":"https:\/\/roveyayinevi.com.tr\/index.php\/wp-json\/wp\/v2\/types\/product"}],"wp:attachment":[{"href":"https:\/\/roveyayinevi.com.tr\/index.php\/wp-json\/wp\/v2\/media?parent=699405"}],"wp:term":[{"taxonomy":"product_brand","embeddable":true,"href":"https:\/\/roveyayinevi.com.tr\/index.php\/wp-json\/wp\/v2\/product_brand?post=699405"},{"taxonomy":"product_cat","embeddable":true,"href":"https:\/\/roveyayinevi.com.tr\/index.php\/wp-json\/wp\/v2\/product_cat?post=699405"},{"taxonomy":"product_tag","embeddable":true,"href":"https:\/\/roveyayinevi.com.tr\/index.php\/wp-json\/wp\/v2\/product_tag?post=699405"}],"curies":[{"name":"wp","href":"https:\/\/api.w.org\/{rel}","templated":true}]}}