{"id":699403,"date":"2025-08-27T14:50:48","date_gmt":"2025-08-27T11:50:48","guid":{"rendered":"https:\/\/roveyayinevi.com.tr\/index.php\/urun\/corbalar-pilavlar-salatalar\/"},"modified":"2026-04-16T02:08:47","modified_gmt":"2026-04-15T23:08:47","slug":"corbalar-pilavlar-salatalar","status":"publish","type":"product","link":"https:\/\/roveyayinevi.com.tr\/index.php\/urun\/corbalar-pilavlar-salatalar\/","title":{"rendered":"\u00c7orbalar   Pilavlar   Salatalar"},"content":{"rendered":"<p>Emine Beder, 2 A\u011fustos 1960\u2019ta Ak\u015fehir\u2019de do\u011fdu. Yemek konusuna ilgisi erken ya\u015flarda ba\u015flayan Beder, unutulmu\u015f ya da unutulmaya y\u00fcz tutmu\u015f, \u00e7o\u011fu hi\u00e7 kaleme al\u0131nmam\u0131\u015f y\u00f6re yemeklerini ve \u00f6yk\u00fclerini ara\u015ft\u0131r\u0131p yazd\u0131. T\u00fcrkiye \u00e7ap\u0131nda d\u00fczenlenen yemek ve m\u00f6n\u00fc yar\u0131\u015fmalar\u0131nda \u00f6d\u00fcller kazand\u0131. \u00d6zel televizyonlar\u0131n pek \u00e7o\u011fundan yemek program\u0131 teklifleri ald\u0131 ve 1990\u2019l\u0131 y\u0131llar\u0131n ba\u015f\u0131ndan itibaren zaman zaman yemek programlar\u0131 yapt\u0131, radyo programlar\u0131 haz\u0131rlad\u0131. Ayr\u0131ca, Sabah gazetesinde ve eklerinde yemekle ilgili k\u00f6\u015feler haz\u0131rlad\u0131. Beder, halen Sofra dergisinin dan\u0131\u015fmanl\u0131\u011f\u0131n\u0131 ve yazarl\u0131\u011f\u0131n\u0131 yap\u0131yor. <\/p>\n","protected":false},"excerpt":{"rendered":"<p>Emine Beder, 2 A\u011fustos 1960\u2019ta Ak\u015fehir\u2019de do\u011fdu. Yemek konusuna ilgisi erken ya\u015flarda ba\u015flayan Beder, unutulmu\u015f ya da unutulmaya y\u00fcz tutmu\u015f, \u00e7o\u011fu hi\u00e7 kaleme al\u0131nmam\u0131\u015f y\u00f6re yemeklerini<span class=\"excerpt-hellip\"> [\u2026]<\/span><\/p>\n","protected":false},"featured_media":0,"template":"","meta":{"_monsterinsights_skip_tracking":false,"_monsterinsights_sitenote_active":false,"_monsterinsights_sitenote_note":"","_monsterinsights_sitenote_category":0},"product_brand":[],"product_cat":[12458,12457],"product_tag":[],"class_list":{"0":"post-699403","1":"product","2":"type-product","3":"status-publish","5":"product_cat-turk-mutfagi","6":"product_cat-yemek-kitaplari","7":"pa_cilt-ciltsiz","8":"pa_tur-kitap","9":"pa_yayinevi-inkilap-kitabevi","10":"pa_yazar-emine-beder","12":"first","13":"instock","14":"sale","15":"shipping-taxable","16":"purchasable","17":"product-type-simple"},"_links":{"self":[{"href":"https:\/\/roveyayinevi.com.tr\/index.php\/wp-json\/wp\/v2\/product\/699403","targetHints":{"allow":["GET"]}}],"collection":[{"href":"https:\/\/roveyayinevi.com.tr\/index.php\/wp-json\/wp\/v2\/product"}],"about":[{"href":"https:\/\/roveyayinevi.com.tr\/index.php\/wp-json\/wp\/v2\/types\/product"}],"wp:attachment":[{"href":"https:\/\/roveyayinevi.com.tr\/index.php\/wp-json\/wp\/v2\/media?parent=699403"}],"wp:term":[{"taxonomy":"product_brand","embeddable":true,"href":"https:\/\/roveyayinevi.com.tr\/index.php\/wp-json\/wp\/v2\/product_brand?post=699403"},{"taxonomy":"product_cat","embeddable":true,"href":"https:\/\/roveyayinevi.com.tr\/index.php\/wp-json\/wp\/v2\/product_cat?post=699403"},{"taxonomy":"product_tag","embeddable":true,"href":"https:\/\/roveyayinevi.com.tr\/index.php\/wp-json\/wp\/v2\/product_tag?post=699403"}],"curies":[{"name":"wp","href":"https:\/\/api.w.org\/{rel}","templated":true}]}}