{"id":699401,"date":"2025-08-27T14:50:48","date_gmt":"2025-08-27T11:50:48","guid":{"rendered":"https:\/\/roveyayinevi.com.tr\/index.php\/urun\/politika\/"},"modified":"2026-04-16T02:08:47","modified_gmt":"2026-04-15T23:08:47","slug":"politika","status":"publish","type":"product","link":"https:\/\/roveyayinevi.com.tr\/index.php\/urun\/politika\/","title":{"rendered":"Politika"},"content":{"rendered":"<p>G\u00fcn\u00fcm\u00fcz siyaset biliminin temellerini olu\u015fturan klasik yap\u0131t, roman boyu ve yeni kapa\u011f\u0131yla raflarda.\u00dclkelerin ve y\u00f6netimlerin olu\u015fumunu belirleyen kavramlar nelerdir?Ki\u015fiyle devlet aras\u0131nda nas\u0131l bir ili\u015fki vard\u0131r?\u0130deal devlet nas\u0131l \u015fekillenir ve yurtta\u015f i\u00e7in en ideal ya\u015fam nas\u0131l olu\u015fturulur?\u0130deal devlette nas\u0131l bir e\u011fitim d\u00fczeni kurulmal\u0131d\u0131r?Bunlar, Aristoteles\u2019in en etkileyici yap\u0131tlar\u0131ndan biri olan Politika\u2019da yan\u0131tlar\u0131n\u0131 arad\u0131\u011f\u0131 sorulardan yaln\u0131zca birka\u00e7\u0131d\u0131r. Platon\u2019un Devlet adl\u0131 yap\u0131t\u0131ndan da etkilenen ve ayn\u0131 zamanda onu ele\u015ftiren Aristoteles\u2019in bu kitab\u0131, \u00fcnl\u00fc d\u00fc\u015f\u00fcn\u00fcr\u00fcn ya\u015fam\u0131 boyunca biriktirdi\u011fi deneyimlerin, d\u00fc\u015f\u00fcnce ve g\u00f6zlemlerinin bir \u00f6zeti gibidir.Politika Aristoteles\u2019in en \u00fcnl\u00fc yap\u0131t\u0131d\u0131r. Bu yap\u0131t\u0131 \u0130ngilizceye \u201cYunan Siyasal D\u00fc\u015f\u00fcnce Tarihi\u201d adl\u0131 kitab\u0131n yazar\u0131 olan Yunanca profes\u00f6r\u00fc Thomas Allan \u00e7evirdi. Bu \u00e7eviriyi ise Mete Tun\u00e7ay \u00f6zenle T\u00fcrk\u00e7eye kazand\u0131rd\u0131. <\/p>\n","protected":false},"excerpt":{"rendered":"<p>G\u00fcn\u00fcm\u00fcz siyaset biliminin temellerini olu\u015fturan klasik yap\u0131t, roman boyu ve yeni kapa\u011f\u0131yla raflarda.\u00dclkelerin ve y\u00f6netimlerin olu\u015fumunu belirleyen kavramlar nelerdir?Ki\u015fiyle devlet aras\u0131nda nas\u0131l bir ili\u015fki vard\u0131r?\u0130deal devlet<span class=\"excerpt-hellip\"> [\u2026]<\/span><\/p>\n","protected":false},"featured_media":0,"template":"","meta":{"_monsterinsights_skip_tracking":false,"_monsterinsights_sitenote_active":false,"_monsterinsights_sitenote_note":"","_monsterinsights_sitenote_category":0},"product_brand":[],"product_cat":[12312,12304],"product_tag":[],"class_list":{"0":"post-699401","1":"product","2":"type-product","3":"status-publish","5":"product_cat-diger","6":"product_cat-tarih","7":"pa_cilt-ciltsiz","8":"pa_tur-kitap","9":"pa_yayinevi-remzi-kitabevi","10":"pa_yazar-aristoteles","12":"first","13":"instock","14":"sale","15":"shipping-taxable","16":"purchasable","17":"product-type-simple"},"_links":{"self":[{"href":"https:\/\/roveyayinevi.com.tr\/index.php\/wp-json\/wp\/v2\/product\/699401","targetHints":{"allow":["GET"]}}],"collection":[{"href":"https:\/\/roveyayinevi.com.tr\/index.php\/wp-json\/wp\/v2\/product"}],"about":[{"href":"https:\/\/roveyayinevi.com.tr\/index.php\/wp-json\/wp\/v2\/types\/product"}],"wp:attachment":[{"href":"https:\/\/roveyayinevi.com.tr\/index.php\/wp-json\/wp\/v2\/media?parent=699401"}],"wp:term":[{"taxonomy":"product_brand","embeddable":true,"href":"https:\/\/roveyayinevi.com.tr\/index.php\/wp-json\/wp\/v2\/product_brand?post=699401"},{"taxonomy":"product_cat","embeddable":true,"href":"https:\/\/roveyayinevi.com.tr\/index.php\/wp-json\/wp\/v2\/product_cat?post=699401"},{"taxonomy":"product_tag","embeddable":true,"href":"https:\/\/roveyayinevi.com.tr\/index.php\/wp-json\/wp\/v2\/product_tag?post=699401"}],"curies":[{"name":"wp","href":"https:\/\/api.w.org\/{rel}","templated":true}]}}