{"id":699398,"date":"2025-08-27T14:50:47","date_gmt":"2025-08-27T11:50:47","guid":{"rendered":"https:\/\/roveyayinevi.com.tr\/index.php\/urun\/elden-dusme\/"},"modified":"2026-04-16T02:08:46","modified_gmt":"2026-04-15T23:08:46","slug":"elden-dusme","status":"publish","type":"product","link":"https:\/\/roveyayinevi.com.tr\/index.php\/urun\/elden-dusme\/","title":{"rendered":"Elden D\u00fc\u015fme"},"content":{"rendered":"<p>\u0130lham perisine \u00e7\u00f6pl\u00fckte rastlan\u0131r m\u0131?Gen\u00e7lik edebiyat\u0131n\u0131n \u00f6nemli isimlerinden Amerikal\u0131 yazar Ellen Wittlinger, Zor Sevgiler\u2019in ard\u0131ndan bol \u00f6d\u00fcll\u00fc bir  gen\u00e7lik roman\u0131yla daha T\u00fcrk\u00e7e\u2019de. Roman, a\u015fk, dostluk, bireyle\u015fme, aile gibi kavramlar\u0131, s\u0131rad\u0131\u015f\u0131 bir sahil kasabas\u0131ndaki insan ili\u015fkileri \u00fczerinden anlat\u0131yor. Romanlar\u0131nda, gen\u00e7lerin duygu ve d\u00fc\u015f\u00fcnce d\u00fcnyas\u0131n\u0131 t\u00fcm ger\u00e7ekli\u011fiyle yans\u0131tmay\u0131 ba\u015faran Wittlinger, bu kitab\u0131nda da \u201cs\u0131radan\u201d ama unutulmaz karakterler yaratarak okuru farkl\u0131 ya\u015famlara ho\u015fg\u00f6r\u00fc g\u00f6stermeye \u00e7a\u011f\u0131r\u0131yor.Liseye ba\u015flayacak olan Kenyon ve \u00f6\u011fretmen emeklisi anne babas\u0131, \u015fehirdeki ya\u015famlar\u0131n\u0131 arkada b\u0131rak\u0131p bir otel i\u015fletmek u\u0308zere sahil kasabas\u0131na ta\u015f\u0131n\u0131rlar. S\u0131k\u0131c\u0131 ve yorucu bir yaz ge\u00e7irece\u011fini du\u0308\u015fu\u0308nen delikanl\u0131, hi\u00e7 beklemedi\u011fi ilgin\u00e7likte insanlarla kar\u015f\u0131la\u015f\u0131r. Kasaban\u0131n \u00e7\u00f6plu\u0308\u011fu\u0308 yak\u0131n\u0131nda Takas Du\u0308kk\u00e2n\u0131\u2019n\u0131 i\u015fleten \u201ctuhaf k\u0131z\u201d Razzle, onun ilham perisi olur. Ancak, kasaban\u0131n haval\u0131 k\u0131z\u0131 Harley g\u00f6zu\u0308nu\u0308 kama\u015ft\u0131rd\u0131\u011f\u0131nda, Kenyon\u2019\u0131n duygular\u0131 da, se\u00e7imleri de allak bullak olacakt\u0131r\u2026\ufffc<\/p>\n","protected":false},"excerpt":{"rendered":"<p>\u0130lham perisine \u00e7\u00f6pl\u00fckte rastlan\u0131r m\u0131?Gen\u00e7lik edebiyat\u0131n\u0131n \u00f6nemli isimlerinden Amerikal\u0131 yazar Ellen Wittlinger, Zor Sevgiler\u2019in ard\u0131ndan bol \u00f6d\u00fcll\u00fc bir gen\u00e7lik roman\u0131yla daha T\u00fcrk\u00e7e\u2019de. Roman, a\u015fk, dostluk, bireyle\u015fme,<span class=\"excerpt-hellip\"> [\u2026]<\/span><\/p>\n","protected":false},"featured_media":0,"template":"","meta":{"_monsterinsights_skip_tracking":false,"_monsterinsights_sitenote_active":false,"_monsterinsights_sitenote_note":"","_monsterinsights_sitenote_category":0},"product_brand":[],"product_cat":[12291,15117],"product_tag":[],"class_list":{"0":"post-699398","1":"product","2":"type-product","3":"status-publish","5":"product_cat-edebiyat","6":"product_cat-genclik-edebiyati","7":"pa_cilt-ciltsiz","8":"pa_tur-kitap","9":"pa_yayinevi-gunisigi-kitapligi","10":"pa_yazar-ellen-wittlinger","12":"first","13":"instock","14":"sale","15":"shipping-taxable","16":"purchasable","17":"product-type-simple"},"_links":{"self":[{"href":"https:\/\/roveyayinevi.com.tr\/index.php\/wp-json\/wp\/v2\/product\/699398","targetHints":{"allow":["GET"]}}],"collection":[{"href":"https:\/\/roveyayinevi.com.tr\/index.php\/wp-json\/wp\/v2\/product"}],"about":[{"href":"https:\/\/roveyayinevi.com.tr\/index.php\/wp-json\/wp\/v2\/types\/product"}],"wp:attachment":[{"href":"https:\/\/roveyayinevi.com.tr\/index.php\/wp-json\/wp\/v2\/media?parent=699398"}],"wp:term":[{"taxonomy":"product_brand","embeddable":true,"href":"https:\/\/roveyayinevi.com.tr\/index.php\/wp-json\/wp\/v2\/product_brand?post=699398"},{"taxonomy":"product_cat","embeddable":true,"href":"https:\/\/roveyayinevi.com.tr\/index.php\/wp-json\/wp\/v2\/product_cat?post=699398"},{"taxonomy":"product_tag","embeddable":true,"href":"https:\/\/roveyayinevi.com.tr\/index.php\/wp-json\/wp\/v2\/product_tag?post=699398"}],"curies":[{"name":"wp","href":"https:\/\/api.w.org\/{rel}","templated":true}]}}