{"id":699397,"date":"2025-08-27T14:50:47","date_gmt":"2025-08-27T11:50:47","guid":{"rendered":"https:\/\/roveyayinevi.com.tr\/index.php\/urun\/mevlevi-adab-ve-erkani\/"},"modified":"2026-04-16T02:08:46","modified_gmt":"2026-04-15T23:08:46","slug":"mevlevi-adab-ve-erkani","status":"publish","type":"product","link":"https:\/\/roveyayinevi.com.tr\/index.php\/urun\/mevlevi-adab-ve-erkani\/","title":{"rendered":"Mevlevi Adab ve Erkan\u0131"},"content":{"rendered":"<p>Mevlevilik yedi asra yak\u0131n bir m\u00fcddet,\u00fc\u00e7 k\u0131tada h\u00fck\u00fcm s\u00fcren Osmano\u011fullar\u0131\u2019n\u0131n geni\u015f ve feyizli topraklar\u0131nda,\u0130slam medeniyetini temsil etmi\u015f, kendi estetik ve teknik \u015fartlar\u0131 dahilinde, medeniyet aleminde silinmez izler b\u0131rakm\u0131\u015f, mensub oldu\u011fu ekol\u00fcn en muhte\u015fem musik\u0131y eserlerini vermi\u015f, en \u00fcnl\u00fc \u015fairlerini yeti\u015ftirmi\u015f, en ince el sanatlar\u0131n\u0131 ibda etmi\u015f, s\u0131ras\u0131na g\u00f6re en mistik eserleri yaratm\u0131\u015f, en insani duygular\u0131 besleyip geli\u015ftirmi\u015f, en h\u00fcr d\u00fc\u015f\u00fcnceleri dile getirmi\u015f, taassuba g\u00f6\u011f\u00fcs germi\u015f, ya\u015fay\u0131\u015fa ilahi oldu\u011fu kadar da be\u015feri bir zevk katm\u0131\u015ft\u0131r. Bu eser; din ve dini felsefe, psikoloji ve sosyoloji, edebiyat ve musik\u0131y tarihleri bak\u0131m\u0131ndan, san\u0131yoruz ki b\u00fcy\u00fck bir bo\u015flu\u011fu dolduracakt\u0131r. Biz bu adab ve erkan\u0131, yabanc\u0131 bir g\u00f6zle ve d\u0131\u015ftan incelemiyoruz; bu potan\u0131n i\u00e7inde \u015fekil ald\u0131k, duyguland\u0131k, ya\u015fad\u0131k ve ya\u015fatt\u0131k; ilmini yapt\u0131\u011f\u0131m\u0131z \u015feyin duygusu, inanc\u0131 ve zevki bizde. Biz bu  adab ve erkan \u0131, yaz\u0131yla tesbit ediyoruz; musik\u0131ysini hatta ar\u015fivik bir mahiyette filmini tesbit ise, bu yolda \u00e7al\u0131\u015fanlara, \u00e7al\u0131\u015fabilenlere d\u00fc\u015fer. &#8211; Abdulbaki G\u00f6lp\u0131narl\u0131 <\/p>\n","protected":false},"excerpt":{"rendered":"<p>Mevlevilik yedi asra yak\u0131n bir m\u00fcddet,\u00fc\u00e7 k\u0131tada h\u00fck\u00fcm s\u00fcren Osmano\u011fullar\u0131\u2019n\u0131n geni\u015f ve feyizli topraklar\u0131nda,\u0130slam medeniyetini temsil etmi\u015f, kendi estetik ve teknik \u015fartlar\u0131 dahilinde, medeniyet aleminde silinmez<span class=\"excerpt-hellip\"> [\u2026]<\/span><\/p>\n","protected":false},"featured_media":0,"template":"","meta":{"_monsterinsights_skip_tracking":false,"_monsterinsights_sitenote_active":false,"_monsterinsights_sitenote_note":"","_monsterinsights_sitenote_category":0},"product_brand":[],"product_cat":[12718,12719,15238],"product_tag":[],"class_list":{"0":"post-699397","1":"product","2":"type-product","3":"status-publish","5":"product_cat-din","6":"product_cat-islam","7":"product_cat-tasavvuf","8":"pa_cilt-ciltsiz","9":"pa_tur-kitap","10":"pa_yayinevi-inkilap-kitabevi","11":"pa_yazar-abdulbaki-golpinarli","13":"first","14":"instock","15":"sale","16":"shipping-taxable","17":"purchasable","18":"product-type-simple"},"_links":{"self":[{"href":"https:\/\/roveyayinevi.com.tr\/index.php\/wp-json\/wp\/v2\/product\/699397","targetHints":{"allow":["GET"]}}],"collection":[{"href":"https:\/\/roveyayinevi.com.tr\/index.php\/wp-json\/wp\/v2\/product"}],"about":[{"href":"https:\/\/roveyayinevi.com.tr\/index.php\/wp-json\/wp\/v2\/types\/product"}],"wp:attachment":[{"href":"https:\/\/roveyayinevi.com.tr\/index.php\/wp-json\/wp\/v2\/media?parent=699397"}],"wp:term":[{"taxonomy":"product_brand","embeddable":true,"href":"https:\/\/roveyayinevi.com.tr\/index.php\/wp-json\/wp\/v2\/product_brand?post=699397"},{"taxonomy":"product_cat","embeddable":true,"href":"https:\/\/roveyayinevi.com.tr\/index.php\/wp-json\/wp\/v2\/product_cat?post=699397"},{"taxonomy":"product_tag","embeddable":true,"href":"https:\/\/roveyayinevi.com.tr\/index.php\/wp-json\/wp\/v2\/product_tag?post=699397"}],"curies":[{"name":"wp","href":"https:\/\/api.w.org\/{rel}","templated":true}]}}