{"id":699391,"date":"2025-08-27T14:50:45","date_gmt":"2025-08-27T11:50:45","guid":{"rendered":"https:\/\/roveyayinevi.com.tr\/index.php\/urun\/nokta-atislari\/"},"modified":"2026-04-16T02:08:46","modified_gmt":"2026-04-15T23:08:46","slug":"nokta-atislari","status":"publish","type":"product","link":"https:\/\/roveyayinevi.com.tr\/index.php\/urun\/nokta-atislari\/","title":{"rendered":"Nokta At\u0131\u015flar\u0131"},"content":{"rendered":"<p>\u201c20. y\u00fczy\u0131l\u0131 anlamak i\u00e7in T\u00fcrkiye&#8217;nin tarihi bir anahtard\u0131r, ancak ben inan\u0131yorum ki T\u00fcrkiye&#8217;nin gelece\u011fi, \u00f6n\u00fcm\u00fczdeki bin y\u0131l\u0131n ilk y\u00fczy\u0131l\u0131n\u0131n \u015fekillenmesinde de son derece \u00f6nemli bir rol oynayacakt\u0131r.\u201d  Eski ABD Ba\u015fkan\u0131 Bill Clinton (15 Kas\u0131m 1999  tarihinde TBMM\u2019de yapt\u0131\u011f\u0131 konu\u015fma.) \u201c\u00dclkeye y\u00f6n veren \u00e7ekirdek bir kadro gelece\u011fin T\u00fcrkiye\u2019sini tan\u0131mlamal\u0131 ve bu hedefe uygun olarak devlet d\u00fczg\u00fcn bir rota izlenerek yeniden \u015fekillendirilmelidir. Ondan sonra da siyasiler devletin yakas\u0131n\u0131 b\u0131rakmal\u0131 ve rota de\u011fi\u015fmeleri devlet i\u00e7inde, yabanc\u0131 etkilerden ar\u0131nm\u0131\u015f, \u00e7\u0131kar hesaplar\u0131yla kirlenmemi\u015f, bilgisizlik ve \u00f6n yarg\u0131larla zedelenmemi\u015f olarak yap\u0131lmal\u0131d\u0131r.\u201d Mahir Kaynak (8 A\u011fustos 2007 tarihinde Star gazetesinde yazd\u0131\u011f\u0131 Millet ve Devlet  isimli makaleden bir b\u00f6l\u00fcm.) Eski ABD Ba\u015fkan\u0131 Bill Clinton 21. y\u00fczy\u0131la alaca\u011f\u0131 stratejik kararlarla T\u00fcrkiye\u2019nin \u015fekil verece\u011fini s\u00f6yledi. \u00dcnl\u00fc stratejist Mahir Kaynak T\u00fcrkiye\u2019nin d\u00fcnyan\u0131n en etkin ve en g\u00fc\u00e7l\u00fc devleti olabilece\u011fini uzun zamand\u0131r dillendiriyor. Ancak devlet i\u00e7indeki kurumlar aras\u0131nda isimsiz sava\u015f\u0131n devam etti\u011fini ve bu sava\u015fa son verip farkl\u0131l\u0131klar\u0131 sinerjiye d\u00f6n\u00fc\u015ft\u00fcrd\u00fc\u011f\u00fcnde \u00f6n\u00fcnde kimsenin duramayaca\u011f\u0131n\u0131 iddia ediyor. Nokta At\u0131\u015flar\u0131 yak\u0131n ge\u00e7mi\u015fi anlay\u0131p uzak gelece\u011fe \u0131\u015f\u0131k tutan \u00f6zverili bir eser. <\/p>\n","protected":false},"excerpt":{"rendered":"<p>\u201c20. y\u00fczy\u0131l\u0131 anlamak i\u00e7in T\u00fcrkiye&#8217;nin tarihi bir anahtard\u0131r, ancak ben inan\u0131yorum ki T\u00fcrkiye&#8217;nin gelece\u011fi, \u00f6n\u00fcm\u00fczdeki bin y\u0131l\u0131n ilk y\u00fczy\u0131l\u0131n\u0131n \u015fekillenmesinde de son derece \u00f6nemli bir rol<span class=\"excerpt-hellip\"> [\u2026]<\/span><\/p>\n","protected":false},"featured_media":0,"template":"","meta":{"_monsterinsights_skip_tracking":false,"_monsterinsights_sitenote_active":false,"_monsterinsights_sitenote_note":"","_monsterinsights_sitenote_category":0},"product_brand":[],"product_cat":[13596,12337],"product_tag":[],"class_list":{"0":"post-699391","1":"product","2":"type-product","3":"status-publish","5":"product_cat-avrupa-birligi","6":"product_cat-politika-siyaset","7":"pa_cilt-ciltsiz","8":"pa_tur-kitap","9":"pa_yayinevi-profil-kitap","10":"pa_yazar-mahir-kaynak","12":"first","13":"instock","14":"sale","15":"shipping-taxable","16":"purchasable","17":"product-type-simple"},"_links":{"self":[{"href":"https:\/\/roveyayinevi.com.tr\/index.php\/wp-json\/wp\/v2\/product\/699391","targetHints":{"allow":["GET"]}}],"collection":[{"href":"https:\/\/roveyayinevi.com.tr\/index.php\/wp-json\/wp\/v2\/product"}],"about":[{"href":"https:\/\/roveyayinevi.com.tr\/index.php\/wp-json\/wp\/v2\/types\/product"}],"wp:attachment":[{"href":"https:\/\/roveyayinevi.com.tr\/index.php\/wp-json\/wp\/v2\/media?parent=699391"}],"wp:term":[{"taxonomy":"product_brand","embeddable":true,"href":"https:\/\/roveyayinevi.com.tr\/index.php\/wp-json\/wp\/v2\/product_brand?post=699391"},{"taxonomy":"product_cat","embeddable":true,"href":"https:\/\/roveyayinevi.com.tr\/index.php\/wp-json\/wp\/v2\/product_cat?post=699391"},{"taxonomy":"product_tag","embeddable":true,"href":"https:\/\/roveyayinevi.com.tr\/index.php\/wp-json\/wp\/v2\/product_tag?post=699391"}],"curies":[{"name":"wp","href":"https:\/\/api.w.org\/{rel}","templated":true}]}}