{"id":699379,"date":"2025-08-27T14:50:41","date_gmt":"2025-08-27T11:50:41","guid":{"rendered":"https:\/\/roveyayinevi.com.tr\/index.php\/urun\/uc-dinin-tarihi\/"},"modified":"2026-04-16T02:08:46","modified_gmt":"2026-04-15T23:08:46","slug":"uc-dinin-tarihi","status":"publish","type":"product","link":"https:\/\/roveyayinevi.com.tr\/index.php\/urun\/uc-dinin-tarihi\/","title":{"rendered":"\u00dc\u00e7 Dinin Tarihi"},"content":{"rendered":"<p>Dinler tarihi denilince, genellikle tarihin en eski dinlerinden g\u00fcn\u00fcm\u00fcze kadar gelen dinlerin incelenmesi anla\u015f\u0131lsa da, bir veya birka\u00e7 din de dinler tarihinin konusu olabilir. Bu sebeple, ge\u00e7mi\u015fte oldu\u011fu gibi bug\u00fcn de insana ve topluma dolayl\u0131 ya da do\u011frudan b\u00fcy\u00fck etkisi olan \u00fc\u00e7 dinin tarihini bilmek, \u201cdin\u201d kurumunu ve sistemini anlamakta da yararl\u0131 olacakt\u0131r. \u00c7\u00fcnk\u00fc bu \u00fc\u00e7 din, uzun tarihi s\u00fcre\u00e7te bazen ayr\u0131 bazen ise i\u00e7 i\u00e7e ge\u00e7mi\u015f tek bir din gibi varl\u0131\u011f\u0131n\u0131 koruyagelmi\u015ftir.G\u00fcn\u00fcm\u00fczde, bu dinlere sahip olan toplumlarda egemen olan din anlay\u0131\u015f\u0131n\u0131n, salt Tanr\u0131 dininden ziyade onlar\u0131n yorumlanm\u0131\u015f \u015fekilleri oldu\u011funu ve bu ayr\u0131m\u0131 yapabilmek i\u00e7in \u00f6nce kitaplardaki dini bilmek gerekti\u011fini savunan Prof. Dr. Mehmet Bayrakdar, \u00f6nem arz eden \u00fc\u00e7 dini kutsal kitaplar\u0131n\u0131n i\u00e7erikleri do\u011frultusunda aktar\u0131yor, yeri geldi\u011finde de kitaplarda olmayan yorumsal anlay\u0131\u015flara i\u015faret ediyor. <\/p>\n","protected":false},"excerpt":{"rendered":"<p>Dinler tarihi denilince, genellikle tarihin en eski dinlerinden g\u00fcn\u00fcm\u00fcze kadar gelen dinlerin incelenmesi anla\u015f\u0131lsa da, bir veya birka\u00e7 din de dinler tarihinin konusu olabilir. Bu sebeple,<span class=\"excerpt-hellip\"> [\u2026]<\/span><\/p>\n","protected":false},"featured_media":0,"template":"","meta":{"_monsterinsights_skip_tracking":false,"_monsterinsights_sitenote_active":false,"_monsterinsights_sitenote_note":"","_monsterinsights_sitenote_category":0},"product_brand":[],"product_cat":[12718,12858],"product_tag":[],"class_list":{"0":"post-699379","1":"product","2":"type-product","3":"status-publish","5":"product_cat-din","6":"product_cat-mitolojiler","7":"pa_cilt-ciltsiz","8":"pa_tur-kitap","9":"pa_yayinevi-say-yayinlari","10":"pa_yazar-mehmet-bayraktar","12":"first","13":"instock","14":"sale","15":"shipping-taxable","16":"purchasable","17":"product-type-simple"},"_links":{"self":[{"href":"https:\/\/roveyayinevi.com.tr\/index.php\/wp-json\/wp\/v2\/product\/699379","targetHints":{"allow":["GET"]}}],"collection":[{"href":"https:\/\/roveyayinevi.com.tr\/index.php\/wp-json\/wp\/v2\/product"}],"about":[{"href":"https:\/\/roveyayinevi.com.tr\/index.php\/wp-json\/wp\/v2\/types\/product"}],"wp:attachment":[{"href":"https:\/\/roveyayinevi.com.tr\/index.php\/wp-json\/wp\/v2\/media?parent=699379"}],"wp:term":[{"taxonomy":"product_brand","embeddable":true,"href":"https:\/\/roveyayinevi.com.tr\/index.php\/wp-json\/wp\/v2\/product_brand?post=699379"},{"taxonomy":"product_cat","embeddable":true,"href":"https:\/\/roveyayinevi.com.tr\/index.php\/wp-json\/wp\/v2\/product_cat?post=699379"},{"taxonomy":"product_tag","embeddable":true,"href":"https:\/\/roveyayinevi.com.tr\/index.php\/wp-json\/wp\/v2\/product_tag?post=699379"}],"curies":[{"name":"wp","href":"https:\/\/api.w.org\/{rel}","templated":true}]}}