{"id":699372,"date":"2025-08-27T14:50:39","date_gmt":"2025-08-27T11:50:39","guid":{"rendered":"https:\/\/roveyayinevi.com.tr\/index.php\/urun\/ozgurluk\/"},"modified":"2026-04-16T02:08:46","modified_gmt":"2026-04-15T23:08:46","slug":"ozgurluk","status":"publish","type":"product","link":"https:\/\/roveyayinevi.com.tr\/index.php\/urun\/ozgurluk\/","title":{"rendered":"\u00d6zg\u00fcrl\u00fck"},"content":{"rendered":"<p>Sosyalist ger\u00e7ek\u00e7ili\u011fin b\u00fcy\u00fck ustas\u0131 Maksim Gorki 28 Mart 1868\u2019de Nijni-Novgorod\u2019da do\u011fdu. Babas\u0131 ve annesini k\u00fc\u00e7\u00fck ya\u015fta kaybettikten sonra \u00e7e\u015fitli i\u015flerde \u00e7al\u0131\u015ft\u0131. 1892\u2019de ilk hikayesini, Makar Cudra y\u0131 yay\u0131mlad\u0131. Daha sonra s\u00fcrekli yazmaya ba\u015flad\u0131. 18 Haziran 1936\u2019da Moskova\u2019da \u00f6ld\u00fc. \ufffcTan\u0131t\u0131m Metni<\/p>\n","protected":false},"excerpt":{"rendered":"<p>Sosyalist ger\u00e7ek\u00e7ili\u011fin b\u00fcy\u00fck ustas\u0131 Maksim Gorki 28 Mart 1868\u2019de Nijni-Novgorod\u2019da do\u011fdu. Babas\u0131 ve annesini k\u00fc\u00e7\u00fck ya\u015fta kaybettikten sonra \u00e7e\u015fitli i\u015flerde \u00e7al\u0131\u015ft\u0131. 1892\u2019de ilk hikayesini, Makar Cudra<span class=\"excerpt-hellip\"> [\u2026]<\/span><\/p>\n","protected":false},"featured_media":0,"template":"","meta":{"_monsterinsights_skip_tracking":false,"_monsterinsights_sitenote_active":false,"_monsterinsights_sitenote_note":"","_monsterinsights_sitenote_category":0},"product_brand":[],"product_cat":[12291,13570],"product_tag":[],"class_list":{"0":"post-699372","1":"product","2":"type-product","3":"status-publish","5":"product_cat-edebiyat","6":"product_cat-rus-edebiyati","7":"pa_tur-kitap","8":"pa_yayinevi-oda-yayinlari","9":"pa_yazar-maksim-gorki","11":"first","12":"instock","13":"sale","14":"shipping-taxable","15":"purchasable","16":"product-type-simple"},"_links":{"self":[{"href":"https:\/\/roveyayinevi.com.tr\/index.php\/wp-json\/wp\/v2\/product\/699372","targetHints":{"allow":["GET"]}}],"collection":[{"href":"https:\/\/roveyayinevi.com.tr\/index.php\/wp-json\/wp\/v2\/product"}],"about":[{"href":"https:\/\/roveyayinevi.com.tr\/index.php\/wp-json\/wp\/v2\/types\/product"}],"wp:attachment":[{"href":"https:\/\/roveyayinevi.com.tr\/index.php\/wp-json\/wp\/v2\/media?parent=699372"}],"wp:term":[{"taxonomy":"product_brand","embeddable":true,"href":"https:\/\/roveyayinevi.com.tr\/index.php\/wp-json\/wp\/v2\/product_brand?post=699372"},{"taxonomy":"product_cat","embeddable":true,"href":"https:\/\/roveyayinevi.com.tr\/index.php\/wp-json\/wp\/v2\/product_cat?post=699372"},{"taxonomy":"product_tag","embeddable":true,"href":"https:\/\/roveyayinevi.com.tr\/index.php\/wp-json\/wp\/v2\/product_tag?post=699372"}],"curies":[{"name":"wp","href":"https:\/\/api.w.org\/{rel}","templated":true}]}}